{"id":1345,"date":"2023-03-28T19:28:14","date_gmt":"2023-03-28T17:28:14","guid":{"rendered":"https:\/\/projekt.sandrolindner.de\/casaleon\/?page_id=1345"},"modified":"2024-02-14T16:44:56","modified_gmt":"2024-02-14T15:44:56","slug":"loewenprogramm","status":"publish","type":"page","link":"https:\/\/www.casa-leon.de\/de\/loewenprogramm\/","title":{"rendered":"L\u00f6wenprogramm"},"content":{"rendered":"\t\t<div data-elementor-type=\"wp-page\" data-elementor-id=\"1345\" class=\"elementor elementor-1345\" data-elementor-settings=\"{&quot;element_pack_global_tooltip_width&quot;:{&quot;unit&quot;:&quot;px&quot;,&quot;size&quot;:&quot;&quot;,&quot;sizes&quot;:[]},&quot;element_pack_global_tooltip_width_tablet&quot;:{&quot;unit&quot;:&quot;px&quot;,&quot;size&quot;:&quot;&quot;,&quot;sizes&quot;:[]},&quot;element_pack_global_tooltip_width_mobile&quot;:{&quot;unit&quot;:&quot;px&quot;,&quot;size&quot;:&quot;&quot;,&quot;sizes&quot;:[]},&quot;element_pack_global_tooltip_padding&quot;:{&quot;unit&quot;:&quot;px&quot;,&quot;top&quot;:&quot;&quot;,&quot;right&quot;:&quot;&quot;,&quot;bottom&quot;:&quot;&quot;,&quot;left&quot;:&quot;&quot;,&quot;isLinked&quot;:true},&quot;element_pack_global_tooltip_padding_tablet&quot;:{&quot;unit&quot;:&quot;px&quot;,&quot;top&quot;:&quot;&quot;,&quot;right&quot;:&quot;&quot;,&quot;bottom&quot;:&quot;&quot;,&quot;left&quot;:&quot;&quot;,&quot;isLinked&quot;:true},&quot;element_pack_global_tooltip_padding_mobile&quot;:{&quot;unit&quot;:&quot;px&quot;,&quot;top&quot;:&quot;&quot;,&quot;right&quot;:&quot;&quot;,&quot;bottom&quot;:&quot;&quot;,&quot;left&quot;:&quot;&quot;,&quot;isLinked&quot;:true},&quot;element_pack_global_tooltip_border_radius&quot;:{&quot;unit&quot;:&quot;px&quot;,&quot;top&quot;:&quot;&quot;,&quot;right&quot;:&quot;&quot;,&quot;bottom&quot;:&quot;&quot;,&quot;left&quot;:&quot;&quot;,&quot;isLinked&quot;:true},&quot;element_pack_global_tooltip_border_radius_tablet&quot;:{&quot;unit&quot;:&quot;px&quot;,&quot;top&quot;:&quot;&quot;,&quot;right&quot;:&quot;&quot;,&quot;bottom&quot;:&quot;&quot;,&quot;left&quot;:&quot;&quot;,&quot;isLinked&quot;:true},&quot;element_pack_global_tooltip_border_radius_mobile&quot;:{&quot;unit&quot;:&quot;px&quot;,&quot;top&quot;:&quot;&quot;,&quot;right&quot;:&quot;&quot;,&quot;bottom&quot;:&quot;&quot;,&quot;left&quot;:&quot;&quot;,&quot;isLinked&quot;:true}}\" data-elementor-post-type=\"page\">\n\t\t\t\t\t\t<section class=\"elementor-section elementor-top-section elementor-element elementor-element-59cfe75 elementor-section-height-min-height elementor-section-boxed elementor-section-height-default elementor-section-items-middle\" data-id=\"59cfe75\" data-element_type=\"section\" data-e-type=\"section\" data-settings=\"{&quot;background_background&quot;:&quot;gradient&quot;,&quot;shape_divider_bottom&quot;:&quot;book&quot;}\">\n\t\t\t\t\t\t\t<div class=\"elementor-background-overlay\"><\/div>\n\t\t\t\t\t\t<div class=\"elementor-shape elementor-shape-bottom\" aria-hidden=\"true\" data-negative=\"false\">\n\t\t\t<svg xmlns=\"http:\/\/www.w3.org\/2000\/svg\" viewBox=\"0 0 1000 100\" preserveAspectRatio=\"none\">\n\t<path class=\"elementor-shape-fill\" d=\"M194,99c186.7,0.7,305-78.3,306-97.2c1,18.9,119.3,97.9,306,97.2c114.3-0.3,194,0.3,194,0.3s0-91.7,0-100c0,0,0,0,0-0 L0,0v99.3C0,99.3,79.7,98.7,194,99z\"\/>\n<\/svg>\t\t<\/div>\n\t\t\t\t\t<div class=\"elementor-container elementor-column-gap-default\">\n\t\t\t\t\t<div class=\"elementor-column elementor-col-100 elementor-top-column elementor-element elementor-element-56a3e80\" data-id=\"56a3e80\" data-element_type=\"column\" data-e-type=\"column\">\n\t\t\t<div class=\"elementor-widget-wrap elementor-element-populated\">\n\t\t\t\t\t\t<div class=\"elementor-element elementor-element-8d511dc elementor-widget elementor-widget-heading\" data-id=\"8d511dc\" data-element_type=\"widget\" data-e-type=\"widget\" data-widget_type=\"heading.default\">\n\t\t\t\t\t<h1 class=\"elementor-heading-title elementor-size-default\">L\u00f6wenprogramm<\/h1>\t\t\t\t<\/div>\n\t\t\t\t\t<\/div>\n\t\t<\/div>\n\t\t\t\t\t<\/div>\n\t\t<\/section>\n\t\t\t\t<main class=\"elementor-section elementor-top-section elementor-element elementor-element-486c319 elementor-section-height-min-height elementor-section-items-stretch elementor-section-boxed elementor-section-height-default\" data-id=\"486c319\" data-element_type=\"section\" data-e-type=\"section\" data-settings=\"{&quot;background_background&quot;:&quot;classic&quot;,&quot;shape_divider_bottom&quot;:&quot;book&quot;}\">\n\t\t\t\t\t\t\t<div class=\"elementor-background-overlay\"><\/div>\n\t\t\t\t\t\t<div class=\"elementor-shape elementor-shape-bottom\" aria-hidden=\"true\" data-negative=\"false\">\n\t\t\t<svg xmlns=\"http:\/\/www.w3.org\/2000\/svg\" viewBox=\"0 0 1000 100\" preserveAspectRatio=\"none\">\n\t<path class=\"elementor-shape-fill\" d=\"M194,99c186.7,0.7,305-78.3,306-97.2c1,18.9,119.3,97.9,306,97.2c114.3-0.3,194,0.3,194,0.3s0-91.7,0-100c0,0,0,0,0-0 L0,0v99.3C0,99.3,79.7,98.7,194,99z\"\/>\n<\/svg>\t\t<\/div>\n\t\t\t\t\t<div class=\"elementor-container elementor-column-gap-default\">\n\t\t\t\t\t<div class=\"elementor-column elementor-col-50 elementor-top-column elementor-element elementor-element-d696ecf\" data-id=\"d696ecf\" data-element_type=\"column\" data-e-type=\"column\">\n\t\t\t<div class=\"elementor-widget-wrap elementor-element-populated\">\n\t\t\t\t\t\t<div class=\"elementor-element elementor-element-024210b elementor-hidden-mobile elementor-widget elementor-widget-image\" data-id=\"024210b\" data-element_type=\"widget\" data-e-type=\"widget\" data-widget_type=\"image.default\">\n\t\t\t\t\t\t\t\t\t\t\t\t\t\t\t<img fetchpriority=\"high\" decoding=\"async\" width=\"600\" height=\"400\" src=\"https:\/\/www.casa-leon.de\/wp-content\/uploads\/casa_leon-freizeit-008-600x400.jpg\" class=\"attachment-Image size 2 size-Image size 2 wp-image-1163\" alt=\"\" srcset=\"https:\/\/www.casa-leon.de\/wp-content\/uploads\/casa_leon-freizeit-008-600x400.jpg 600w, https:\/\/www.casa-leon.de\/wp-content\/uploads\/casa_leon-freizeit-008-300x200.jpg 300w, https:\/\/www.casa-leon.de\/wp-content\/uploads\/casa_leon-freizeit-008-768x512.jpg 768w, https:\/\/www.casa-leon.de\/wp-content\/uploads\/casa_leon-freizeit-008-1024x682.jpg 1024w, https:\/\/www.casa-leon.de\/wp-content\/uploads\/casa_leon-freizeit-008-1536x1024.jpg 1536w, https:\/\/www.casa-leon.de\/wp-content\/uploads\/casa_leon-freizeit-008.jpg 2000w\" sizes=\"(max-width: 600px) 100vw, 600px\" \/>\t\t\t\t\t\t\t\t\t\t\t\t\t\t\t<\/div>\n\t\t\t\t<div class=\"elementor-element elementor-element-b45c0e4 elementor-widget elementor-widget-heading\" data-id=\"b45c0e4\" data-element_type=\"widget\" data-e-type=\"widget\" data-widget_type=\"heading.default\">\n\t\t\t\t\t<h3 class=\"elementor-heading-title elementor-size-default\">Casa Le\u00f3n Royal Retreat<\/h3>\t\t\t\t<\/div>\n\t\t\t\t<div class=\"elementor-element elementor-element-f90e9ae elementor-widget-divider--view-line elementor-widget elementor-widget-divider\" data-id=\"f90e9ae\" data-element_type=\"widget\" data-e-type=\"widget\" data-widget_type=\"divider.default\">\n\t\t\t\t\t\t\t<div class=\"elementor-divider\">\n\t\t\t<span class=\"elementor-divider-separator\">\n\t\t\t\t\t\t<\/span>\n\t\t<\/div>\n\t\t\t\t\t\t<\/div>\n\t\t\t\t<div class=\"elementor-element elementor-element-2608065 elementor-widget elementor-widget-heading\" data-id=\"2608065\" data-element_type=\"widget\" data-e-type=\"widget\" data-widget_type=\"heading.default\">\n\t\t\t\t\t<h2 class=\"elementor-heading-title elementor-size-default\">Das Leben mit mehr Freude, Gesundheit und Vitalit\u00e4t genie\u00dfen<\/h2>\t\t\t\t<\/div>\n\t\t\t\t\t<\/div>\n\t\t<\/div>\n\t\t\t\t<div class=\"elementor-column elementor-col-50 elementor-top-column elementor-element elementor-element-de20fd5\" data-id=\"de20fd5\" data-element_type=\"column\" data-e-type=\"column\">\n\t\t\t<div class=\"elementor-widget-wrap elementor-element-populated\">\n\t\t\t\t\t\t<div class=\"elementor-element elementor-element-c632dc9 elementor-widget elementor-widget-text-editor\" data-id=\"c632dc9\" data-element_type=\"widget\" data-e-type=\"widget\" data-widget_type=\"text-editor.default\">\n\t\t\t\t\t\t\t\t\t<div class=\"flex flex-grow flex-col gap-3\"><div class=\"min-h-[20px] flex flex-col items-start gap-4 whitespace-pre-wrap\"><div class=\"markdown prose w-full break-words dark:prose-invert light\"><p>T\u00e4glich organisieren wir betreute Aktivit\u00e4ten rund um Sport, Entspannung und Unterhaltung. Ob Sie dabei schon stark wie ein L\u00f6we sind, ist gar nicht so wichtig. Bei uns bestimmen Sie ganz alleine, wie fr\u00fch, wann und ob Sie an unserem L\u00f6wenprogramm teilnehmen.<\/p><p>Viele Programmpunkte sind Teil der Inklusivleistungen des K\u00f6niglichen Verw\u00f6hntages und komplett kostenfrei.<\/p><p>Das t\u00e4gliche L\u00f6wenprogramm umfasst Bewegung am Morgen \u2013 mal die fr\u00f6hliche Aqua-Aerobic im Infinity-Pool zusammen mit den ersten Sonnenstrahlen, mal die R\u00fcckenfit-Morgengymnastik, ein Yoga-Sonnengru\u00df oder eine Pilates-Stunde.<\/p><p>Am Nachmittag k\u00f6nnen Sie Freizeitspa\u00df mit Tischtennis-, Tischfu\u00dfball-, Boccia- oder Shuffleboard genie\u00dfen. Und an manchen Abenden k\u00f6nnen Sie bei Live-Musik den Sonnenuntergang und Ihr Abendessen bewundern.<\/p><\/div><\/div><\/div>\t\t\t\t\t\t\t\t<\/div>\n\t\t\t\t\t<\/div>\n\t\t<\/div>\n\t\t\t\t\t<\/div>\n\t\t<\/main>\n\t\t\t\t<section class=\"elementor-section elementor-top-section elementor-element elementor-element-612a454 elementor-section-full_width elementor-section-height-default elementor-section-height-default\" data-id=\"612a454\" data-element_type=\"section\" data-e-type=\"section\">\n\t\t\t\t\t\t<div class=\"elementor-container elementor-column-gap-default\">\n\t\t\t\t\t<div class=\"elementor-column elementor-col-100 elementor-top-column elementor-element elementor-element-64a70b6\" data-id=\"64a70b6\" data-element_type=\"column\" data-e-type=\"column\">\n\t\t\t<div class=\"elementor-widget-wrap elementor-element-populated\">\n\t\t\t\t\t\t<div class=\"elementor-element elementor-element-2a65695 elementor-widget elementor-widget-heading\" data-id=\"2a65695\" data-element_type=\"widget\" data-e-type=\"widget\" data-widget_type=\"heading.default\">\n\t\t\t\t\t<h2 class=\"elementor-heading-title elementor-size-default\">L\u00f6wenprogramm<\/h2>\t\t\t\t<\/div>\n\t\t\t\t<div class=\"elementor-element elementor-element-7741ed4 elementor-arrows-position-outside elementor-pagination-position-outside elementor-widget elementor-widget-image-carousel\" data-id=\"7741ed4\" data-element_type=\"widget\" data-e-type=\"widget\" data-settings=\"{&quot;slides_to_show&quot;:&quot;5&quot;,&quot;navigation&quot;:&quot;both&quot;,&quot;autoplay&quot;:&quot;yes&quot;,&quot;pause_on_hover&quot;:&quot;yes&quot;,&quot;pause_on_interaction&quot;:&quot;yes&quot;,&quot;autoplay_speed&quot;:5000,&quot;infinite&quot;:&quot;yes&quot;,&quot;speed&quot;:500,&quot;image_spacing_custom&quot;:{&quot;unit&quot;:&quot;px&quot;,&quot;size&quot;:20,&quot;sizes&quot;:[]},&quot;image_spacing_custom_tablet&quot;:{&quot;unit&quot;:&quot;px&quot;,&quot;size&quot;:&quot;&quot;,&quot;sizes&quot;:[]},&quot;image_spacing_custom_mobile&quot;:{&quot;unit&quot;:&quot;px&quot;,&quot;size&quot;:&quot;&quot;,&quot;sizes&quot;:[]}}\" data-widget_type=\"image-carousel.default\">\n\t\t\t\t\t\t\t<div class=\"elementor-image-carousel-wrapper swiper\" role=\"region\" aria-roledescription=\"carousel\" aria-label=\"Bild Karussell\" dir=\"ltr\">\n\t\t\t<div class=\"elementor-image-carousel swiper-wrapper\" aria-live=\"off\">\n\t\t\t\t\t\t\t\t<div class=\"swiper-slide\" role=\"group\" aria-roledescription=\"slide\" aria-label=\"1 von 12\"><a data-elementor-open-lightbox=\"yes\" data-elementor-lightbox-slideshow=\"7741ed4\" data-elementor-lightbox-title=\"1_Barbara - GC (10)\" data-e-action-hash=\"#elementor-action%3Aaction%3Dlightbox%26settings%3DeyJpZCI6MTA5NDksInVybCI6Imh0dHBzOlwvXC93d3cuY2FzYS1sZW9uLmRlXC93cC1jb250ZW50XC91cGxvYWRzXC8xX0JhcmJhcmEtR0MtMTAuanBnIiwic2xpZGVzaG93IjoiNzc0MWVkNCJ9\" href=\"https:\/\/www.casa-leon.de\/wp-content\/uploads\/1_Barbara-GC-10.jpg\"><figure class=\"swiper-slide-inner\"><img decoding=\"async\" class=\"swiper-slide-image\" src=\"https:\/\/www.casa-leon.de\/wp-content\/uploads\/1_Barbara-GC-10-400x300.jpg\" alt=\"1_Barbara - GC (10)\" \/><\/figure><\/a><\/div><div class=\"swiper-slide\" role=\"group\" aria-roledescription=\"slide\" aria-label=\"2 von 12\"><a data-elementor-open-lightbox=\"yes\" data-elementor-lightbox-slideshow=\"7741ed4\" data-elementor-lightbox-title=\"2_galeria-7\" data-e-action-hash=\"#elementor-action%3Aaction%3Dlightbox%26settings%3DeyJpZCI6MTA5NTMsInVybCI6Imh0dHBzOlwvXC93d3cuY2FzYS1sZW9uLmRlXC93cC1jb250ZW50XC91cGxvYWRzXC8yX2dhbGVyaWEtNy5qcGciLCJzbGlkZXNob3ciOiI3NzQxZWQ0In0%3D\" href=\"https:\/\/www.casa-leon.de\/wp-content\/uploads\/2_galeria-7.jpg\"><figure class=\"swiper-slide-inner\"><img decoding=\"async\" class=\"swiper-slide-image\" src=\"https:\/\/www.casa-leon.de\/wp-content\/uploads\/2_galeria-7-400x300.jpg\" alt=\"2_galeria-7\" \/><\/figure><\/a><\/div><div class=\"swiper-slide\" role=\"group\" aria-roledescription=\"slide\" aria-label=\"3 von 12\"><a data-elementor-open-lightbox=\"yes\" data-elementor-lightbox-slideshow=\"7741ed4\" data-elementor-lightbox-title=\"3_Barbara - GC (29)\" data-e-action-hash=\"#elementor-action%3Aaction%3Dlightbox%26settings%3DeyJpZCI6MTA5NTcsInVybCI6Imh0dHBzOlwvXC93d3cuY2FzYS1sZW9uLmRlXC93cC1jb250ZW50XC91cGxvYWRzXC8zX0JhcmJhcmEtR0MtMjkuanBnIiwic2xpZGVzaG93IjoiNzc0MWVkNCJ9\" href=\"https:\/\/www.casa-leon.de\/wp-content\/uploads\/3_Barbara-GC-29.jpg\"><figure class=\"swiper-slide-inner\"><img decoding=\"async\" class=\"swiper-slide-image\" src=\"https:\/\/www.casa-leon.de\/wp-content\/uploads\/3_Barbara-GC-29-400x300.jpg\" alt=\"3_Barbara - GC (29)\" \/><\/figure><\/a><\/div><div class=\"swiper-slide\" role=\"group\" aria-roledescription=\"slide\" aria-label=\"4 von 12\"><a data-elementor-open-lightbox=\"yes\" data-elementor-lightbox-slideshow=\"7741ed4\" data-elementor-lightbox-title=\"4_galeria-28\" data-e-action-hash=\"#elementor-action%3Aaction%3Dlightbox%26settings%3DeyJpZCI6MTA5NjEsInVybCI6Imh0dHBzOlwvXC93d3cuY2FzYS1sZW9uLmRlXC93cC1jb250ZW50XC91cGxvYWRzXC80X2dhbGVyaWEtMjguanBnIiwic2xpZGVzaG93IjoiNzc0MWVkNCJ9\" href=\"https:\/\/www.casa-leon.de\/wp-content\/uploads\/4_galeria-28.jpg\"><figure class=\"swiper-slide-inner\"><img decoding=\"async\" class=\"swiper-slide-image\" src=\"https:\/\/www.casa-leon.de\/wp-content\/uploads\/4_galeria-28-400x300.jpg\" alt=\"4_galeria-28\" \/><\/figure><\/a><\/div><div class=\"swiper-slide\" role=\"group\" aria-roledescription=\"slide\" aria-label=\"5 von 12\"><a data-elementor-open-lightbox=\"yes\" data-elementor-lightbox-slideshow=\"7741ed4\" data-elementor-lightbox-title=\"5_Barbara - GC (21)\" data-e-action-hash=\"#elementor-action%3Aaction%3Dlightbox%26settings%3DeyJpZCI6MTA5NjUsInVybCI6Imh0dHBzOlwvXC93d3cuY2FzYS1sZW9uLmRlXC93cC1jb250ZW50XC91cGxvYWRzXC81X0JhcmJhcmEtR0MtMjEuanBnIiwic2xpZGVzaG93IjoiNzc0MWVkNCJ9\" href=\"https:\/\/www.casa-leon.de\/wp-content\/uploads\/5_Barbara-GC-21.jpg\"><figure class=\"swiper-slide-inner\"><img decoding=\"async\" class=\"swiper-slide-image\" src=\"https:\/\/www.casa-leon.de\/wp-content\/uploads\/5_Barbara-GC-21-400x300.jpg\" alt=\"5_Barbara - GC (21)\" \/><\/figure><\/a><\/div><div class=\"swiper-slide\" role=\"group\" aria-roledescription=\"slide\" aria-label=\"6 von 12\"><a data-elementor-open-lightbox=\"yes\" data-elementor-lightbox-slideshow=\"7741ed4\" data-elementor-lightbox-title=\"6_galeria-10\" data-e-action-hash=\"#elementor-action%3Aaction%3Dlightbox%26settings%3DeyJpZCI6MTA5NjksInVybCI6Imh0dHBzOlwvXC93d3cuY2FzYS1sZW9uLmRlXC93cC1jb250ZW50XC91cGxvYWRzXC82X2dhbGVyaWEtMTAuanBnIiwic2xpZGVzaG93IjoiNzc0MWVkNCJ9\" href=\"https:\/\/www.casa-leon.de\/wp-content\/uploads\/6_galeria-10.jpg\"><figure class=\"swiper-slide-inner\"><img decoding=\"async\" class=\"swiper-slide-image\" src=\"https:\/\/www.casa-leon.de\/wp-content\/uploads\/6_galeria-10-400x300.jpg\" alt=\"6_galeria-10\" \/><\/figure><\/a><\/div><div class=\"swiper-slide\" role=\"group\" aria-roledescription=\"slide\" aria-label=\"7 von 12\"><a data-elementor-open-lightbox=\"yes\" data-elementor-lightbox-slideshow=\"7741ed4\" data-elementor-lightbox-title=\"7_Barbara - GC (23)\" data-e-action-hash=\"#elementor-action%3Aaction%3Dlightbox%26settings%3DeyJpZCI6MTA5NzMsInVybCI6Imh0dHBzOlwvXC93d3cuY2FzYS1sZW9uLmRlXC93cC1jb250ZW50XC91cGxvYWRzXC83X0JhcmJhcmEtR0MtMjMuanBnIiwic2xpZGVzaG93IjoiNzc0MWVkNCJ9\" href=\"https:\/\/www.casa-leon.de\/wp-content\/uploads\/7_Barbara-GC-23.jpg\"><figure class=\"swiper-slide-inner\"><img decoding=\"async\" class=\"swiper-slide-image\" src=\"https:\/\/www.casa-leon.de\/wp-content\/uploads\/7_Barbara-GC-23-400x300.jpg\" alt=\"7_Barbara - GC (23)\" \/><\/figure><\/a><\/div><div class=\"swiper-slide\" role=\"group\" aria-roledescription=\"slide\" aria-label=\"8 von 12\"><a data-elementor-open-lightbox=\"yes\" data-elementor-lightbox-slideshow=\"7741ed4\" data-elementor-lightbox-title=\"8_galeria\" data-e-action-hash=\"#elementor-action%3Aaction%3Dlightbox%26settings%3DeyJpZCI6MTA5NzcsInVybCI6Imh0dHBzOlwvXC93d3cuY2FzYS1sZW9uLmRlXC93cC1jb250ZW50XC91cGxvYWRzXC84X2dhbGVyaWEuanBnIiwic2xpZGVzaG93IjoiNzc0MWVkNCJ9\" href=\"https:\/\/www.casa-leon.de\/wp-content\/uploads\/8_galeria.jpg\"><figure class=\"swiper-slide-inner\"><img decoding=\"async\" class=\"swiper-slide-image\" src=\"https:\/\/www.casa-leon.de\/wp-content\/uploads\/8_galeria-400x300.jpg\" alt=\"8_galeria\" \/><\/figure><\/a><\/div><div class=\"swiper-slide\" role=\"group\" aria-roledescription=\"slide\" aria-label=\"9 von 12\"><a data-elementor-open-lightbox=\"yes\" data-elementor-lightbox-slideshow=\"7741ed4\" data-elementor-lightbox-title=\"9_Barbara - GC (36)\" data-e-action-hash=\"#elementor-action%3Aaction%3Dlightbox%26settings%3DeyJpZCI6MTA5ODEsInVybCI6Imh0dHBzOlwvXC93d3cuY2FzYS1sZW9uLmRlXC93cC1jb250ZW50XC91cGxvYWRzXC85X0JhcmJhcmEtR0MtMzYuanBnIiwic2xpZGVzaG93IjoiNzc0MWVkNCJ9\" href=\"https:\/\/www.casa-leon.de\/wp-content\/uploads\/9_Barbara-GC-36.jpg\"><figure class=\"swiper-slide-inner\"><img decoding=\"async\" class=\"swiper-slide-image\" src=\"https:\/\/www.casa-leon.de\/wp-content\/uploads\/9_Barbara-GC-36-400x300.jpg\" alt=\"9_Barbara - GC (36)\" \/><\/figure><\/a><\/div><div class=\"swiper-slide\" role=\"group\" aria-roledescription=\"slide\" aria-label=\"10 von 12\"><a data-elementor-open-lightbox=\"yes\" data-elementor-lightbox-slideshow=\"7741ed4\" data-elementor-lightbox-title=\"10_galeria-180\" data-e-action-hash=\"#elementor-action%3Aaction%3Dlightbox%26settings%3DeyJpZCI6MTA5ODUsInVybCI6Imh0dHBzOlwvXC93d3cuY2FzYS1sZW9uLmRlXC93cC1jb250ZW50XC91cGxvYWRzXC8xMF9nYWxlcmlhLTE4MC5qcGciLCJzbGlkZXNob3ciOiI3NzQxZWQ0In0%3D\" href=\"https:\/\/www.casa-leon.de\/wp-content\/uploads\/10_galeria-180.jpg\"><figure class=\"swiper-slide-inner\"><img decoding=\"async\" class=\"swiper-slide-image\" src=\"https:\/\/www.casa-leon.de\/wp-content\/uploads\/10_galeria-180-400x300.jpg\" alt=\"10_galeria-180\" \/><\/figure><\/a><\/div><div class=\"swiper-slide\" role=\"group\" aria-roledescription=\"slide\" aria-label=\"11 von 12\"><a data-elementor-open-lightbox=\"yes\" data-elementor-lightbox-slideshow=\"7741ed4\" data-elementor-lightbox-title=\"11_Barbara - GC (1)\" data-e-action-hash=\"#elementor-action%3Aaction%3Dlightbox%26settings%3DeyJpZCI6MTA5ODksInVybCI6Imh0dHBzOlwvXC93d3cuY2FzYS1sZW9uLmRlXC93cC1jb250ZW50XC91cGxvYWRzXC8xMV9CYXJiYXJhLUdDLTEuanBnIiwic2xpZGVzaG93IjoiNzc0MWVkNCJ9\" href=\"https:\/\/www.casa-leon.de\/wp-content\/uploads\/11_Barbara-GC-1.jpg\"><figure class=\"swiper-slide-inner\"><img decoding=\"async\" class=\"swiper-slide-image\" src=\"https:\/\/www.casa-leon.de\/wp-content\/uploads\/11_Barbara-GC-1-400x300.jpg\" alt=\"11_Barbara - GC (1)\" \/><\/figure><\/a><\/div><div class=\"swiper-slide\" role=\"group\" aria-roledescription=\"slide\" aria-label=\"12 von 12\"><a data-elementor-open-lightbox=\"yes\" data-elementor-lightbox-slideshow=\"7741ed4\" data-elementor-lightbox-title=\"12_\" data-e-action-hash=\"#elementor-action%3Aaction%3Dlightbox%26settings%3DeyJpZCI6MTA5OTMsInVybCI6Imh0dHBzOlwvXC93d3cuY2FzYS1sZW9uLmRlXC93cC1jb250ZW50XC91cGxvYWRzXC8xMl8uanBnIiwic2xpZGVzaG93IjoiNzc0MWVkNCJ9\" href=\"https:\/\/www.casa-leon.de\/wp-content\/uploads\/12_.jpg\"><figure class=\"swiper-slide-inner\"><img decoding=\"async\" class=\"swiper-slide-image\" src=\"https:\/\/www.casa-leon.de\/wp-content\/uploads\/12_-400x300.jpg\" alt=\"12_\" \/><\/figure><\/a><\/div>\t\t\t<\/div>\n\t\t\t\t\t\t\t\t\t\t\t\t<div class=\"elementor-swiper-button elementor-swiper-button-prev\" role=\"button\" tabindex=\"0\">\n\t\t\t\t\t\t<i aria-hidden=\"true\" class=\"eicon-chevron-left\"><\/i>\t\t\t\t\t<\/div>\n\t\t\t\t\t<div class=\"elementor-swiper-button elementor-swiper-button-next\" role=\"button\" tabindex=\"0\">\n\t\t\t\t\t\t<i aria-hidden=\"true\" class=\"eicon-chevron-right\"><\/i>\t\t\t\t\t<\/div>\n\t\t\t\t\n\t\t\t\t\t\t\t\t\t<div class=\"swiper-pagination\"><\/div>\n\t\t\t\t\t\t\t\t\t<\/div>\n\t\t\t\t\t\t<\/div>\n\t\t\t\t\t<\/div>\n\t\t<\/div>\n\t\t\t\t\t<\/div>\n\t\t<\/section>\n\t\t\t\t<section class=\"elementor-section elementor-top-section elementor-element elementor-element-408ceb3 elementor-section-boxed elementor-section-height-default elementor-section-height-default\" data-id=\"408ceb3\" data-element_type=\"section\" data-e-type=\"section\">\n\t\t\t\t\t\t<div class=\"elementor-container elementor-column-gap-default\">\n\t\t\t\t\t<div class=\"elementor-column elementor-col-100 elementor-top-column elementor-element elementor-element-faee3e6\" data-id=\"faee3e6\" data-element_type=\"column\" data-e-type=\"column\">\n\t\t\t<div class=\"elementor-widget-wrap elementor-element-populated\">\n\t\t\t\t\t\t<div class=\"elementor-element elementor-element-a16d97a elementor-align-center elementor-widget elementor-widget-button\" data-id=\"a16d97a\" data-element_type=\"widget\" data-e-type=\"widget\" data-widget_type=\"button.default\">\n\t\t\t\t\t\t\t\t\t\t<a class=\"elementor-button elementor-button-link elementor-size-sm elementor-animation-float\" href=\"https:\/\/www.casa-leon.de\/de\/aktiv\/\">\n\t\t\t\t\t\t<span class=\"elementor-button-content-wrapper\">\n\t\t\t\t\t\t\t\t\t<span class=\"elementor-button-text\">Freizeitangebot kennenlernen<\/span>\n\t\t\t\t\t<\/span>\n\t\t\t\t\t<\/a>\n\t\t\t\t\t\t\t\t<\/div>\n\t\t\t\t\t<\/div>\n\t\t<\/div>\n\t\t\t\t\t<\/div>\n\t\t<\/section>\n\t\t\t\t<\/div>\n\t\t","protected":false},"excerpt":{"rendered":"<p>L\u00f6wenprogramm Casa Le\u00f3n Royal Retreat Das Leben mit mehr Freude, Gesundheit und Vitalit\u00e4t genie\u00dfen T\u00e4glich organisieren wir betreute Aktivit\u00e4ten rund um Sport, Entspannung und Unterhaltung. Ob Sie dabei schon stark wie ein L\u00f6we sind, ist gar nicht so wichtig. Bei uns bestimmen Sie ganz alleine, wie fr\u00fch, wann und ob Sie an unserem L\u00f6wenprogramm teilnehmen. [&hellip;]<\/p>\n","protected":false},"author":1,"featured_media":0,"parent":0,"menu_order":0,"comment_status":"closed","ping_status":"closed","template":"","meta":{"_acf_changed":false,"footnotes":""},"class_list":["post-1345","page","type-page","status-publish","hentry"],"acf":[],"_links":{"self":[{"href":"https:\/\/www.casa-leon.de\/de\/wp-json\/wp\/v2\/pages\/1345","targetHints":{"allow":["GET"]}}],"collection":[{"href":"https:\/\/www.casa-leon.de\/de\/wp-json\/wp\/v2\/pages"}],"about":[{"href":"https:\/\/www.casa-leon.de\/de\/wp-json\/wp\/v2\/types\/page"}],"author":[{"embeddable":true,"href":"https:\/\/www.casa-leon.de\/de\/wp-json\/wp\/v2\/users\/1"}],"replies":[{"embeddable":true,"href":"https:\/\/www.casa-leon.de\/de\/wp-json\/wp\/v2\/comments?post=1345"}],"version-history":[{"count":26,"href":"https:\/\/www.casa-leon.de\/de\/wp-json\/wp\/v2\/pages\/1345\/revisions"}],"predecessor-version":[{"id":11173,"href":"https:\/\/www.casa-leon.de\/de\/wp-json\/wp\/v2\/pages\/1345\/revisions\/11173"}],"wp:attachment":[{"href":"https:\/\/www.casa-leon.de\/de\/wp-json\/wp\/v2\/media?parent=1345"}],"curies":[{"name":"wp","href":"https:\/\/api.w.org\/{rel}","templated":true}]}}