{"id":1416,"date":"2023-03-28T20:11:37","date_gmt":"2023-03-28T18:11:37","guid":{"rendered":"https:\/\/projekt.sandrolindner.de\/casaleon\/?page_id=1416"},"modified":"2025-05-13T11:55:06","modified_gmt":"2025-05-13T09:55:06","slug":"wohlfuehlleistungen","status":"publish","type":"page","link":"https:\/\/www.casa-leon.de\/de\/wohlfuehlleistungen\/","title":{"rendered":"Wohlf\u00fchlleistungen"},"content":{"rendered":"\t\t<div data-elementor-type=\"wp-page\" data-elementor-id=\"1416\" class=\"elementor elementor-1416\" data-elementor-settings=\"{&quot;element_pack_global_tooltip_width&quot;:{&quot;unit&quot;:&quot;px&quot;,&quot;size&quot;:&quot;&quot;,&quot;sizes&quot;:[]},&quot;element_pack_global_tooltip_width_tablet&quot;:{&quot;unit&quot;:&quot;px&quot;,&quot;size&quot;:&quot;&quot;,&quot;sizes&quot;:[]},&quot;element_pack_global_tooltip_width_mobile&quot;:{&quot;unit&quot;:&quot;px&quot;,&quot;size&quot;:&quot;&quot;,&quot;sizes&quot;:[]},&quot;element_pack_global_tooltip_padding&quot;:{&quot;unit&quot;:&quot;px&quot;,&quot;top&quot;:&quot;&quot;,&quot;right&quot;:&quot;&quot;,&quot;bottom&quot;:&quot;&quot;,&quot;left&quot;:&quot;&quot;,&quot;isLinked&quot;:true},&quot;element_pack_global_tooltip_padding_tablet&quot;:{&quot;unit&quot;:&quot;px&quot;,&quot;top&quot;:&quot;&quot;,&quot;right&quot;:&quot;&quot;,&quot;bottom&quot;:&quot;&quot;,&quot;left&quot;:&quot;&quot;,&quot;isLinked&quot;:true},&quot;element_pack_global_tooltip_padding_mobile&quot;:{&quot;unit&quot;:&quot;px&quot;,&quot;top&quot;:&quot;&quot;,&quot;right&quot;:&quot;&quot;,&quot;bottom&quot;:&quot;&quot;,&quot;left&quot;:&quot;&quot;,&quot;isLinked&quot;:true},&quot;element_pack_global_tooltip_border_radius&quot;:{&quot;unit&quot;:&quot;px&quot;,&quot;top&quot;:&quot;&quot;,&quot;right&quot;:&quot;&quot;,&quot;bottom&quot;:&quot;&quot;,&quot;left&quot;:&quot;&quot;,&quot;isLinked&quot;:true},&quot;element_pack_global_tooltip_border_radius_tablet&quot;:{&quot;unit&quot;:&quot;px&quot;,&quot;top&quot;:&quot;&quot;,&quot;right&quot;:&quot;&quot;,&quot;bottom&quot;:&quot;&quot;,&quot;left&quot;:&quot;&quot;,&quot;isLinked&quot;:true},&quot;element_pack_global_tooltip_border_radius_mobile&quot;:{&quot;unit&quot;:&quot;px&quot;,&quot;top&quot;:&quot;&quot;,&quot;right&quot;:&quot;&quot;,&quot;bottom&quot;:&quot;&quot;,&quot;left&quot;:&quot;&quot;,&quot;isLinked&quot;:true}}\" data-elementor-post-type=\"page\">\n\t\t\t\t\t\t<section class=\"elementor-section elementor-top-section elementor-element elementor-element-59cfe75 elementor-section-height-min-height elementor-section-boxed elementor-section-height-default elementor-section-items-middle\" data-id=\"59cfe75\" data-element_type=\"section\" data-e-type=\"section\" data-settings=\"{&quot;background_background&quot;:&quot;gradient&quot;,&quot;shape_divider_bottom&quot;:&quot;book&quot;}\">\n\t\t\t\t\t\t\t<div class=\"elementor-background-overlay\"><\/div>\n\t\t\t\t\t\t<div class=\"elementor-shape elementor-shape-bottom\" aria-hidden=\"true\" data-negative=\"false\">\n\t\t\t<svg xmlns=\"http:\/\/www.w3.org\/2000\/svg\" viewBox=\"0 0 1000 100\" preserveAspectRatio=\"none\">\n\t<path class=\"elementor-shape-fill\" d=\"M194,99c186.7,0.7,305-78.3,306-97.2c1,18.9,119.3,97.9,306,97.2c114.3-0.3,194,0.3,194,0.3s0-91.7,0-100c0,0,0,0,0-0 L0,0v99.3C0,99.3,79.7,98.7,194,99z\"\/>\n<\/svg>\t\t<\/div>\n\t\t\t\t\t<div class=\"elementor-container elementor-column-gap-default\">\n\t\t\t\t\t<div class=\"elementor-column elementor-col-100 elementor-top-column elementor-element elementor-element-56a3e80\" data-id=\"56a3e80\" data-element_type=\"column\" data-e-type=\"column\">\n\t\t\t<div class=\"elementor-widget-wrap elementor-element-populated\">\n\t\t\t\t\t\t<div class=\"elementor-element elementor-element-8d511dc elementor-widget elementor-widget-heading\" data-id=\"8d511dc\" data-element_type=\"widget\" data-e-type=\"widget\" data-widget_type=\"heading.default\">\n\t\t\t\t\t<h1 class=\"elementor-heading-title elementor-size-default\">Wohlf\u00fchlleistungen<\/h1>\t\t\t\t<\/div>\n\t\t\t\t\t<\/div>\n\t\t<\/div>\n\t\t\t\t\t<\/div>\n\t\t<\/section>\n\t\t\t\t<main class=\"elementor-section elementor-top-section elementor-element elementor-element-486c319 elementor-section-height-min-height elementor-section-items-stretch elementor-section-boxed elementor-section-height-default\" data-id=\"486c319\" data-element_type=\"section\" data-e-type=\"section\" data-settings=\"{&quot;background_background&quot;:&quot;classic&quot;,&quot;shape_divider_bottom&quot;:&quot;book&quot;}\">\n\t\t\t\t\t\t\t<div class=\"elementor-background-overlay\"><\/div>\n\t\t\t\t\t\t<div class=\"elementor-shape elementor-shape-bottom\" aria-hidden=\"true\" data-negative=\"false\">\n\t\t\t<svg xmlns=\"http:\/\/www.w3.org\/2000\/svg\" viewBox=\"0 0 1000 100\" preserveAspectRatio=\"none\">\n\t<path class=\"elementor-shape-fill\" d=\"M194,99c186.7,0.7,305-78.3,306-97.2c1,18.9,119.3,97.9,306,97.2c114.3-0.3,194,0.3,194,0.3s0-91.7,0-100c0,0,0,0,0-0 L0,0v99.3C0,99.3,79.7,98.7,194,99z\"\/>\n<\/svg>\t\t<\/div>\n\t\t\t\t\t<div class=\"elementor-container elementor-column-gap-default\">\n\t\t\t\t\t<div class=\"elementor-column elementor-col-50 elementor-top-column elementor-element elementor-element-d696ecf\" data-id=\"d696ecf\" data-element_type=\"column\" data-e-type=\"column\">\n\t\t\t<div class=\"elementor-widget-wrap elementor-element-populated\">\n\t\t\t\t\t\t<div class=\"elementor-element elementor-element-024210b elementor-hidden-mobile elementor-widget elementor-widget-image\" data-id=\"024210b\" data-element_type=\"widget\" data-e-type=\"widget\" data-widget_type=\"image.default\">\n\t\t\t\t\t\t\t\t\t\t\t\t\t\t\t<img fetchpriority=\"high\" decoding=\"async\" width=\"600\" height=\"400\" src=\"https:\/\/www.casa-leon.de\/wp-content\/uploads\/casa_leon-grancanaria-pool-46878-600x400.jpg\" class=\"attachment-Image size 2 size-Image size 2 wp-image-1419\" alt=\"\" srcset=\"https:\/\/www.casa-leon.de\/wp-content\/uploads\/casa_leon-grancanaria-pool-46878-600x400.jpg 600w, https:\/\/www.casa-leon.de\/wp-content\/uploads\/casa_leon-grancanaria-pool-46878-300x200.jpg 300w, https:\/\/www.casa-leon.de\/wp-content\/uploads\/casa_leon-grancanaria-pool-46878-768x513.jpg 768w, https:\/\/www.casa-leon.de\/wp-content\/uploads\/casa_leon-grancanaria-pool-46878-1024x683.jpg 1024w, https:\/\/www.casa-leon.de\/wp-content\/uploads\/casa_leon-grancanaria-pool-46878-1536x1025.jpg 1536w, https:\/\/www.casa-leon.de\/wp-content\/uploads\/casa_leon-grancanaria-pool-46878.jpg 1900w\" sizes=\"(max-width: 600px) 100vw, 600px\" \/>\t\t\t\t\t\t\t\t\t\t\t\t\t\t\t<\/div>\n\t\t\t\t<div class=\"elementor-element elementor-element-b45c0e4 elementor-widget elementor-widget-heading\" data-id=\"b45c0e4\" data-element_type=\"widget\" data-e-type=\"widget\" data-widget_type=\"heading.default\">\n\t\t\t\t\t<h3 class=\"elementor-heading-title elementor-size-default\">Wohnen im Casa Le\u00f3n Royal Retreat<\/h3>\t\t\t\t<\/div>\n\t\t\t\t<div class=\"elementor-element elementor-element-f90e9ae elementor-widget-divider--view-line elementor-widget elementor-widget-divider\" data-id=\"f90e9ae\" data-element_type=\"widget\" data-e-type=\"widget\" data-widget_type=\"divider.default\">\n\t\t\t\t\t\t\t<div class=\"elementor-divider\">\n\t\t\t<span class=\"elementor-divider-separator\">\n\t\t\t\t\t\t<\/span>\n\t\t<\/div>\n\t\t\t\t\t\t<\/div>\n\t\t\t\t<div class=\"elementor-element elementor-element-2608065 elementor-widget elementor-widget-heading\" data-id=\"2608065\" data-element_type=\"widget\" data-e-type=\"widget\" data-widget_type=\"heading.default\">\n\t\t\t\t\t<h2 class=\"elementor-heading-title elementor-size-default\">Wohliges Genie\u00dfen, Erleben, Kuscheln und Entspannen.<\/h2>\t\t\t\t<\/div>\n\t\t\t\t\t<\/div>\n\t\t<\/div>\n\t\t\t\t<div class=\"elementor-column elementor-col-50 elementor-top-column elementor-element elementor-element-de20fd5\" data-id=\"de20fd5\" data-element_type=\"column\" data-e-type=\"column\">\n\t\t\t<div class=\"elementor-widget-wrap elementor-element-populated\">\n\t\t\t\t\t\t<div class=\"elementor-element elementor-element-c632dc9 elementor-widget elementor-widget-text-editor\" data-id=\"c632dc9\" data-element_type=\"widget\" data-e-type=\"widget\" data-widget_type=\"text-editor.default\">\n\t\t\t\t\t\t\t\t\t<div class=\"flex flex-grow flex-col gap-3\"><div class=\"min-h-[20px] flex flex-col items-start gap-4 whitespace-pre-wrap\"><div class=\"markdown prose w-full break-words dark:prose-invert light\"><p>Tauchen Sie ein in eine Welt voller Entspannung und Wohlbefinden und erleben Sie Ihren Verw\u00f6hntag. Beginnen Sie Ihren Tag mit einem erfrischenden Sprung in unseren Infinity-Pool, der Ihnen eine unvergleichliche Aussicht und ein unvergessliches Erlebnis bietet. Lassen Sie sich von der warmen Sonne auf unseren bequemen Liegen im SPA-Garten verw\u00f6hnen und genie\u00dfen Sie die angenehme Atmosph\u00e4re, die Ihre Sinne beruhigt und Ihren K\u00f6rper entspannt.<\/p><p>All unsere Wohlf\u00fchlleistungen\u200b sind im \u00dcbernachtungspreis pro Person inbegriffen und garantieren Ihnen einen unvergesslichen Aufenthalt im\u00a0 Casa Le\u00f3n Royal Retreat. G\u00f6nnen Sie sich die Auszeit!<\/p><\/div><\/div><\/div>\t\t\t\t\t\t\t\t<\/div>\n\t\t\t\t\t<\/div>\n\t\t<\/div>\n\t\t\t\t\t<\/div>\n\t\t<\/main>\n\t\t\t\t<section class=\"elementor-section elementor-top-section elementor-element elementor-element-408ceb3 elementor-section-boxed elementor-section-height-default elementor-section-height-default\" data-id=\"408ceb3\" data-element_type=\"section\" data-e-type=\"section\">\n\t\t\t\t\t\t<div class=\"elementor-container elementor-column-gap-default\">\n\t\t\t\t\t<div class=\"elementor-column elementor-col-100 elementor-top-column elementor-element elementor-element-faee3e6\" data-id=\"faee3e6\" data-element_type=\"column\" data-e-type=\"column\">\n\t\t\t<div class=\"elementor-widget-wrap elementor-element-populated\">\n\t\t\t\t\t\t<div class=\"elementor-element elementor-element-bf2cc57 elementor-widget elementor-widget-heading\" data-id=\"bf2cc57\" data-element_type=\"widget\" data-e-type=\"widget\" data-widget_type=\"heading.default\">\n\t\t\t\t\t<h2 class=\"elementor-heading-title elementor-size-default\">Unsere Wohlf\u00fchlleistungen f\u00fcr Sie:<\/h2>\t\t\t\t<\/div>\n\t\t\t\t<section class=\"elementor-section elementor-inner-section elementor-element elementor-element-ccc749c elementor-section-boxed elementor-section-height-default elementor-section-height-default\" data-id=\"ccc749c\" data-element_type=\"section\" data-e-type=\"section\">\n\t\t\t\t\t\t<div class=\"elementor-container elementor-column-gap-default\">\n\t\t\t\t\t<div class=\"elementor-column elementor-col-50 elementor-inner-column elementor-element elementor-element-230aaaf\" data-id=\"230aaaf\" data-element_type=\"column\" data-e-type=\"column\">\n\t\t\t<div class=\"elementor-widget-wrap elementor-element-populated\">\n\t\t\t\t\t\t<div class=\"elementor-element elementor-element-b390195 elementor-widget elementor-widget-text-editor\" data-id=\"b390195\" data-element_type=\"widget\" data-e-type=\"widget\" data-widget_type=\"text-editor.default\">\n\t\t\t\t\t\t\t\t\t<ul><li>Kuschelige Badem\u00e4ntel<\/li><li>Bequeme Badeschuhe<\/li><li>27\u00b0C warmer Au\u00dfenpool<\/li><li>38\u00b0C hei\u00dfes Sprudelbecken<\/li><li>Sauna (kostenpflichtig)<\/li><\/ul>\t\t\t\t\t\t\t\t<\/div>\n\t\t\t\t\t<\/div>\n\t\t<\/div>\n\t\t\t\t<div class=\"elementor-column elementor-col-50 elementor-inner-column elementor-element elementor-element-0904017\" data-id=\"0904017\" data-element_type=\"column\" data-e-type=\"column\">\n\t\t\t<div class=\"elementor-widget-wrap elementor-element-populated\">\n\t\t\t\t\t\t<div class=\"elementor-element elementor-element-063a87c elementor-widget elementor-widget-text-editor\" data-id=\"063a87c\" data-element_type=\"widget\" data-e-type=\"widget\" data-widget_type=\"text-editor.default\">\n\t\t\t\t\t\t\t\t\t<ul><li>Sonnenterrasse mit Komfort-Liegen &amp; Pool-Bar<\/li><li>Gartenanlage mit idyllischen Ruheinseln<\/li><li>T\u00e4gliche Schuttle Service nach Maspalomas<\/li><li>Nutzung von Pool &amp; Garten auch nach Check-Out<\/li><li>Hotelgarage f\u00fcr alle G\u00e4steautos<\/li><li>Filmabende<\/li><\/ul>\t\t\t\t\t\t\t\t<\/div>\n\t\t\t\t\t<\/div>\n\t\t<\/div>\n\t\t\t\t\t<\/div>\n\t\t<\/section>\n\t\t\t\t\t<\/div>\n\t\t<\/div>\n\t\t\t\t\t<\/div>\n\t\t<\/section>\n\t\t\t\t<section class=\"elementor-section elementor-top-section elementor-element elementor-element-55b918c elementor-section-full_width elementor-section-height-default elementor-section-height-default\" data-id=\"55b918c\" data-element_type=\"section\" data-e-type=\"section\">\n\t\t\t\t\t\t<div class=\"elementor-container elementor-column-gap-default\">\n\t\t\t\t\t<div class=\"elementor-column elementor-col-100 elementor-top-column elementor-element elementor-element-bc739c2\" data-id=\"bc739c2\" data-element_type=\"column\" data-e-type=\"column\">\n\t\t\t<div class=\"elementor-widget-wrap elementor-element-populated\">\n\t\t\t\t\t\t<div class=\"elementor-element elementor-element-8643976 elementor-widget elementor-widget-heading\" data-id=\"8643976\" data-element_type=\"widget\" data-e-type=\"widget\" data-widget_type=\"heading.default\">\n\t\t\t\t\t<h2 class=\"elementor-heading-title elementor-size-default\">Wohlf\u00fchlleistungen <\/h2>\t\t\t\t<\/div>\n\t\t\t\t<div class=\"elementor-element elementor-element-b63372f elementor-arrows-position-outside elementor-pagination-position-outside elementor-widget elementor-widget-image-carousel\" data-id=\"b63372f\" data-element_type=\"widget\" data-e-type=\"widget\" data-settings=\"{&quot;slides_to_show&quot;:&quot;5&quot;,&quot;navigation&quot;:&quot;both&quot;,&quot;autoplay&quot;:&quot;yes&quot;,&quot;pause_on_hover&quot;:&quot;yes&quot;,&quot;pause_on_interaction&quot;:&quot;yes&quot;,&quot;autoplay_speed&quot;:5000,&quot;infinite&quot;:&quot;yes&quot;,&quot;speed&quot;:500,&quot;image_spacing_custom&quot;:{&quot;unit&quot;:&quot;px&quot;,&quot;size&quot;:20,&quot;sizes&quot;:[]},&quot;image_spacing_custom_tablet&quot;:{&quot;unit&quot;:&quot;px&quot;,&quot;size&quot;:&quot;&quot;,&quot;sizes&quot;:[]},&quot;image_spacing_custom_mobile&quot;:{&quot;unit&quot;:&quot;px&quot;,&quot;size&quot;:&quot;&quot;,&quot;sizes&quot;:[]}}\" data-widget_type=\"image-carousel.default\">\n\t\t\t\t\t\t\t<div class=\"elementor-image-carousel-wrapper swiper\" role=\"region\" aria-roledescription=\"carousel\" aria-label=\"Bild Karussell\" dir=\"ltr\">\n\t\t\t<div class=\"elementor-image-carousel swiper-wrapper\" aria-live=\"off\">\n\t\t\t\t\t\t\t\t<div class=\"swiper-slide\" role=\"group\" aria-roledescription=\"slide\" aria-label=\"1 von 9\"><a data-elementor-open-lightbox=\"yes\" data-elementor-lightbox-slideshow=\"b63372f\" data-elementor-lightbox-title=\"1_Casa Leon Royal Retreat Shuttles\" data-e-action-hash=\"#elementor-action%3Aaction%3Dlightbox%26settings%3DeyJpZCI6MTEwMDYsInVybCI6Imh0dHBzOlwvXC93d3cuY2FzYS1sZW9uLmRlXC93cC1jb250ZW50XC91cGxvYWRzXC8xX0Nhc2EtTGVvbi1Sb3lhbC1SZXRyZWF0LVNodXR0bGVzLmpwZyIsInNsaWRlc2hvdyI6ImI2MzM3MmYifQ%3D%3D\" href=\"https:\/\/www.casa-leon.de\/wp-content\/uploads\/1_Casa-Leon-Royal-Retreat-Shuttles.jpg\"><figure class=\"swiper-slide-inner\"><img decoding=\"async\" class=\"swiper-slide-image\" src=\"https:\/\/www.casa-leon.de\/wp-content\/uploads\/1_Casa-Leon-Royal-Retreat-Shuttles-400x300.jpg\" alt=\"1_Casa Leon Royal Retreat Shuttles\" \/><\/figure><\/a><\/div><div class=\"swiper-slide\" role=\"group\" aria-roledescription=\"slide\" aria-label=\"2 von 9\"><a data-elementor-open-lightbox=\"yes\" data-elementor-lightbox-slideshow=\"b63372f\" data-elementor-lightbox-title=\"2_Casa Leon Royal Retreat Gardens\" data-e-action-hash=\"#elementor-action%3Aaction%3Dlightbox%26settings%3DeyJpZCI6MTEwMTAsInVybCI6Imh0dHBzOlwvXC93d3cuY2FzYS1sZW9uLmRlXC93cC1jb250ZW50XC91cGxvYWRzXC8yX0Nhc2EtTGVvbi1Sb3lhbC1SZXRyZWF0LUdhcmRlbnMuanBnIiwic2xpZGVzaG93IjoiYjYzMzcyZiJ9\" href=\"https:\/\/www.casa-leon.de\/wp-content\/uploads\/2_Casa-Leon-Royal-Retreat-Gardens.jpg\"><figure class=\"swiper-slide-inner\"><img decoding=\"async\" class=\"swiper-slide-image\" src=\"https:\/\/www.casa-leon.de\/wp-content\/uploads\/2_Casa-Leon-Royal-Retreat-Gardens-400x300.jpg\" alt=\"2_Casa Leon Royal Retreat Gardens\" \/><\/figure><\/a><\/div><div class=\"swiper-slide\" role=\"group\" aria-roledescription=\"slide\" aria-label=\"3 von 9\"><a data-elementor-open-lightbox=\"yes\" data-elementor-lightbox-slideshow=\"b63372f\" data-elementor-lightbox-title=\"3_Casa Leon Royal Retreat L&#039;Occitane Amenities\" data-e-action-hash=\"#elementor-action%3Aaction%3Dlightbox%26settings%3DeyJpZCI6MTEwMTQsInVybCI6Imh0dHBzOlwvXC93d3cuY2FzYS1sZW9uLmRlXC93cC1jb250ZW50XC91cGxvYWRzXC8zX0Nhc2EtTGVvbi1Sb3lhbC1SZXRyZWF0LUxPY2NpdGFuZS1BbWVuaXRpZXMuanBnIiwic2xpZGVzaG93IjoiYjYzMzcyZiJ9\" href=\"https:\/\/www.casa-leon.de\/wp-content\/uploads\/3_Casa-Leon-Royal-Retreat-LOccitane-Amenities.jpg\"><figure class=\"swiper-slide-inner\"><img decoding=\"async\" class=\"swiper-slide-image\" src=\"https:\/\/www.casa-leon.de\/wp-content\/uploads\/3_Casa-Leon-Royal-Retreat-LOccitane-Amenities-400x300.jpg\" alt=\"3_Casa Leon Royal Retreat L&#039;Occitane Amenities\" \/><\/figure><\/a><\/div><div class=\"swiper-slide\" role=\"group\" aria-roledescription=\"slide\" aria-label=\"4 von 9\"><a data-elementor-open-lightbox=\"yes\" data-elementor-lightbox-slideshow=\"b63372f\" data-elementor-lightbox-title=\"Barbara\" data-e-action-hash=\"#elementor-action%3Aaction%3Dlightbox%26settings%3DeyJpZCI6MTEwMTgsInVybCI6Imh0dHBzOlwvXC93d3cuY2FzYS1sZW9uLmRlXC93cC1jb250ZW50XC91cGxvYWRzXC80X0Nhc2EtTGVvbi1Sb3lhbC1SZXRyZWF0LVdlbGxuZXNzLmpwZyIsInNsaWRlc2hvdyI6ImI2MzM3MmYifQ%3D%3D\" href=\"https:\/\/www.casa-leon.de\/wp-content\/uploads\/4_Casa-Leon-Royal-Retreat-Wellness.jpg\"><figure class=\"swiper-slide-inner\"><img decoding=\"async\" class=\"swiper-slide-image\" src=\"https:\/\/www.casa-leon.de\/wp-content\/uploads\/4_Casa-Leon-Royal-Retreat-Wellness-400x300.jpg\" alt=\"Barbara\" \/><\/figure><\/a><\/div><div class=\"swiper-slide\" role=\"group\" aria-roledescription=\"slide\" aria-label=\"5 von 9\"><a data-elementor-open-lightbox=\"yes\" data-elementor-lightbox-slideshow=\"b63372f\" data-elementor-lightbox-title=\"5_Casa Leon Royal Retreat Massage\" data-e-action-hash=\"#elementor-action%3Aaction%3Dlightbox%26settings%3DeyJpZCI6MTEwMjIsInVybCI6Imh0dHBzOlwvXC93d3cuY2FzYS1sZW9uLmRlXC93cC1jb250ZW50XC91cGxvYWRzXC81X0Nhc2EtTGVvbi1Sb3lhbC1SZXRyZWF0LU1hc3NhZ2UuanBnIiwic2xpZGVzaG93IjoiYjYzMzcyZiJ9\" href=\"https:\/\/www.casa-leon.de\/wp-content\/uploads\/5_Casa-Leon-Royal-Retreat-Massage.jpg\"><figure class=\"swiper-slide-inner\"><img decoding=\"async\" class=\"swiper-slide-image\" src=\"https:\/\/www.casa-leon.de\/wp-content\/uploads\/5_Casa-Leon-Royal-Retreat-Massage-400x300.jpg\" alt=\"5_Casa Leon Royal Retreat Massage\" \/><\/figure><\/a><\/div><div class=\"swiper-slide\" role=\"group\" aria-roledescription=\"slide\" aria-label=\"6 von 9\"><a data-elementor-open-lightbox=\"yes\" data-elementor-lightbox-slideshow=\"b63372f\" data-elementor-lightbox-title=\"6_Casa Leon Royal Retreat Pool\" data-e-action-hash=\"#elementor-action%3Aaction%3Dlightbox%26settings%3DeyJpZCI6MTEwMjYsInVybCI6Imh0dHBzOlwvXC93d3cuY2FzYS1sZW9uLmRlXC93cC1jb250ZW50XC91cGxvYWRzXC82X0Nhc2EtTGVvbi1Sb3lhbC1SZXRyZWF0LVBvb2wuanBnIiwic2xpZGVzaG93IjoiYjYzMzcyZiJ9\" href=\"https:\/\/www.casa-leon.de\/wp-content\/uploads\/6_Casa-Leon-Royal-Retreat-Pool.jpg\"><figure class=\"swiper-slide-inner\"><img decoding=\"async\" class=\"swiper-slide-image\" src=\"https:\/\/www.casa-leon.de\/wp-content\/uploads\/6_Casa-Leon-Royal-Retreat-Pool-400x300.jpg\" alt=\"6_Casa Leon Royal Retreat Pool\" \/><\/figure><\/a><\/div><div class=\"swiper-slide\" role=\"group\" aria-roledescription=\"slide\" aria-label=\"7 von 9\"><a data-elementor-open-lightbox=\"yes\" data-elementor-lightbox-slideshow=\"b63372f\" data-elementor-lightbox-title=\"7_Casa Leon Royal Retreat Chess\" data-e-action-hash=\"#elementor-action%3Aaction%3Dlightbox%26settings%3DeyJpZCI6MTEwMzAsInVybCI6Imh0dHBzOlwvXC93d3cuY2FzYS1sZW9uLmRlXC93cC1jb250ZW50XC91cGxvYWRzXC83X0Nhc2EtTGVvbi1Sb3lhbC1SZXRyZWF0LUNoZXNzLmpwZyIsInNsaWRlc2hvdyI6ImI2MzM3MmYifQ%3D%3D\" href=\"https:\/\/www.casa-leon.de\/wp-content\/uploads\/7_Casa-Leon-Royal-Retreat-Chess.jpg\"><figure class=\"swiper-slide-inner\"><img decoding=\"async\" class=\"swiper-slide-image\" src=\"https:\/\/www.casa-leon.de\/wp-content\/uploads\/7_Casa-Leon-Royal-Retreat-Chess-400x300.jpg\" alt=\"7_Casa Leon Royal Retreat Chess\" \/><\/figure><\/a><\/div><div class=\"swiper-slide\" role=\"group\" aria-roledescription=\"slide\" aria-label=\"8 von 9\"><a data-elementor-open-lightbox=\"yes\" data-elementor-lightbox-slideshow=\"b63372f\" data-elementor-lightbox-title=\"8_Casa Leon Royal Retreat Pool\" data-e-action-hash=\"#elementor-action%3Aaction%3Dlightbox%26settings%3DeyJpZCI6MTEwMzQsInVybCI6Imh0dHBzOlwvXC93d3cuY2FzYS1sZW9uLmRlXC93cC1jb250ZW50XC91cGxvYWRzXC84X0Nhc2EtTGVvbi1Sb3lhbC1SZXRyZWF0LVBvb2wuanBnIiwic2xpZGVzaG93IjoiYjYzMzcyZiJ9\" href=\"https:\/\/www.casa-leon.de\/wp-content\/uploads\/8_Casa-Leon-Royal-Retreat-Pool.jpg\"><figure class=\"swiper-slide-inner\"><img decoding=\"async\" class=\"swiper-slide-image\" src=\"https:\/\/www.casa-leon.de\/wp-content\/uploads\/8_Casa-Leon-Royal-Retreat-Pool-400x300.jpg\" alt=\"8_Casa Leon Royal Retreat Pool\" \/><\/figure><\/a><\/div><div class=\"swiper-slide\" role=\"group\" aria-roledescription=\"slide\" aria-label=\"9 von 9\"><a data-elementor-open-lightbox=\"yes\" data-elementor-lightbox-slideshow=\"b63372f\" data-elementor-lightbox-title=\"Barbara\" data-e-action-hash=\"#elementor-action%3Aaction%3Dlightbox%26settings%3DeyJpZCI6MTEwMzgsInVybCI6Imh0dHBzOlwvXC93d3cuY2FzYS1sZW9uLmRlXC93cC1jb250ZW50XC91cGxvYWRzXC85LkNhc2EtTGVvbi1Sb3lhbC1SZXRyZWF0LVN0cmV0Y2hpbmctUG9vbC5qcGciLCJzbGlkZXNob3ciOiJiNjMzNzJmIn0%3D\" href=\"https:\/\/www.casa-leon.de\/wp-content\/uploads\/9.Casa-Leon-Royal-Retreat-Stretching-Pool.jpg\"><figure class=\"swiper-slide-inner\"><img decoding=\"async\" class=\"swiper-slide-image\" src=\"https:\/\/www.casa-leon.de\/wp-content\/uploads\/9.Casa-Leon-Royal-Retreat-Stretching-Pool-400x300.jpg\" alt=\"Barbara\" \/><\/figure><\/a><\/div>\t\t\t<\/div>\n\t\t\t\t\t\t\t\t\t\t\t\t<div class=\"elementor-swiper-button elementor-swiper-button-prev\" role=\"button\" tabindex=\"0\">\n\t\t\t\t\t\t<i aria-hidden=\"true\" class=\"eicon-chevron-left\"><\/i>\t\t\t\t\t<\/div>\n\t\t\t\t\t<div class=\"elementor-swiper-button elementor-swiper-button-next\" role=\"button\" tabindex=\"0\">\n\t\t\t\t\t\t<i aria-hidden=\"true\" class=\"eicon-chevron-right\"><\/i>\t\t\t\t\t<\/div>\n\t\t\t\t\n\t\t\t\t\t\t\t\t\t<div class=\"swiper-pagination\"><\/div>\n\t\t\t\t\t\t\t\t\t<\/div>\n\t\t\t\t\t\t<\/div>\n\t\t\t\t\t<\/div>\n\t\t<\/div>\n\t\t\t\t\t<\/div>\n\t\t<\/section>\n\t\t\t\t<\/div>\n\t\t","protected":false},"excerpt":{"rendered":"<p>Wohlf\u00fchlleistungen Wohnen im Casa Le\u00f3n Royal Retreat Wohliges Genie\u00dfen, Erleben, Kuscheln und Entspannen. Tauchen Sie ein in eine Welt voller Entspannung und Wohlbefinden und erleben Sie Ihren Verw\u00f6hntag. Beginnen Sie Ihren Tag mit einem erfrischenden Sprung in unseren Infinity-Pool, der Ihnen eine unvergleichliche Aussicht und ein unvergessliches Erlebnis bietet. Lassen Sie sich von der warmen [&hellip;]<\/p>\n","protected":false},"author":1,"featured_media":0,"parent":0,"menu_order":0,"comment_status":"closed","ping_status":"closed","template":"","meta":{"_acf_changed":false,"footnotes":""},"class_list":["post-1416","page","type-page","status-publish","hentry"],"acf":[],"_links":{"self":[{"href":"https:\/\/www.casa-leon.de\/de\/wp-json\/wp\/v2\/pages\/1416","targetHints":{"allow":["GET"]}}],"collection":[{"href":"https:\/\/www.casa-leon.de\/de\/wp-json\/wp\/v2\/pages"}],"about":[{"href":"https:\/\/www.casa-leon.de\/de\/wp-json\/wp\/v2\/types\/page"}],"author":[{"embeddable":true,"href":"https:\/\/www.casa-leon.de\/de\/wp-json\/wp\/v2\/users\/1"}],"replies":[{"embeddable":true,"href":"https:\/\/www.casa-leon.de\/de\/wp-json\/wp\/v2\/comments?post=1416"}],"version-history":[{"count":25,"href":"https:\/\/www.casa-leon.de\/de\/wp-json\/wp\/v2\/pages\/1416\/revisions"}],"predecessor-version":[{"id":12847,"href":"https:\/\/www.casa-leon.de\/de\/wp-json\/wp\/v2\/pages\/1416\/revisions\/12847"}],"wp:attachment":[{"href":"https:\/\/www.casa-leon.de\/de\/wp-json\/wp\/v2\/media?parent=1416"}],"curies":[{"name":"wp","href":"https:\/\/api.w.org\/{rel}","templated":true}]}}