{"id":1427,"date":"2023-03-28T20:29:08","date_gmt":"2023-03-28T18:29:08","guid":{"rendered":"https:\/\/projekt.sandrolindner.de\/casaleon\/?page_id=1427"},"modified":"2023-03-28T20:42:29","modified_gmt":"2023-03-28T18:42:29","slug":"verwoehnpension","status":"publish","type":"page","link":"https:\/\/www.casa-leon.de\/de\/verwoehnpension\/","title":{"rendered":"Verw\u00f6hnpension"},"content":{"rendered":"\t\t<div data-elementor-type=\"wp-page\" data-elementor-id=\"1427\" class=\"elementor elementor-1427\" data-elementor-settings=\"{&quot;element_pack_global_tooltip_width&quot;:{&quot;unit&quot;:&quot;px&quot;,&quot;size&quot;:&quot;&quot;,&quot;sizes&quot;:[]},&quot;element_pack_global_tooltip_width_tablet&quot;:{&quot;unit&quot;:&quot;px&quot;,&quot;size&quot;:&quot;&quot;,&quot;sizes&quot;:[]},&quot;element_pack_global_tooltip_width_mobile&quot;:{&quot;unit&quot;:&quot;px&quot;,&quot;size&quot;:&quot;&quot;,&quot;sizes&quot;:[]},&quot;element_pack_global_tooltip_padding&quot;:{&quot;unit&quot;:&quot;px&quot;,&quot;top&quot;:&quot;&quot;,&quot;right&quot;:&quot;&quot;,&quot;bottom&quot;:&quot;&quot;,&quot;left&quot;:&quot;&quot;,&quot;isLinked&quot;:true},&quot;element_pack_global_tooltip_padding_tablet&quot;:{&quot;unit&quot;:&quot;px&quot;,&quot;top&quot;:&quot;&quot;,&quot;right&quot;:&quot;&quot;,&quot;bottom&quot;:&quot;&quot;,&quot;left&quot;:&quot;&quot;,&quot;isLinked&quot;:true},&quot;element_pack_global_tooltip_padding_mobile&quot;:{&quot;unit&quot;:&quot;px&quot;,&quot;top&quot;:&quot;&quot;,&quot;right&quot;:&quot;&quot;,&quot;bottom&quot;:&quot;&quot;,&quot;left&quot;:&quot;&quot;,&quot;isLinked&quot;:true},&quot;element_pack_global_tooltip_border_radius&quot;:{&quot;unit&quot;:&quot;px&quot;,&quot;top&quot;:&quot;&quot;,&quot;right&quot;:&quot;&quot;,&quot;bottom&quot;:&quot;&quot;,&quot;left&quot;:&quot;&quot;,&quot;isLinked&quot;:true},&quot;element_pack_global_tooltip_border_radius_tablet&quot;:{&quot;unit&quot;:&quot;px&quot;,&quot;top&quot;:&quot;&quot;,&quot;right&quot;:&quot;&quot;,&quot;bottom&quot;:&quot;&quot;,&quot;left&quot;:&quot;&quot;,&quot;isLinked&quot;:true},&quot;element_pack_global_tooltip_border_radius_mobile&quot;:{&quot;unit&quot;:&quot;px&quot;,&quot;top&quot;:&quot;&quot;,&quot;right&quot;:&quot;&quot;,&quot;bottom&quot;:&quot;&quot;,&quot;left&quot;:&quot;&quot;,&quot;isLinked&quot;:true}}\" data-elementor-post-type=\"page\">\n\t\t\t\t\t\t<section class=\"elementor-section elementor-top-section elementor-element elementor-element-59cfe75 elementor-section-height-min-height elementor-section-boxed elementor-section-height-default elementor-section-items-middle\" data-id=\"59cfe75\" data-element_type=\"section\" data-e-type=\"section\" data-settings=\"{&quot;background_background&quot;:&quot;gradient&quot;,&quot;shape_divider_bottom&quot;:&quot;book&quot;}\">\n\t\t\t\t\t\t\t<div class=\"elementor-background-overlay\"><\/div>\n\t\t\t\t\t\t<div class=\"elementor-shape elementor-shape-bottom\" aria-hidden=\"true\" data-negative=\"false\">\n\t\t\t<svg xmlns=\"http:\/\/www.w3.org\/2000\/svg\" viewBox=\"0 0 1000 100\" preserveAspectRatio=\"none\">\n\t<path class=\"elementor-shape-fill\" d=\"M194,99c186.7,0.7,305-78.3,306-97.2c1,18.9,119.3,97.9,306,97.2c114.3-0.3,194,0.3,194,0.3s0-91.7,0-100c0,0,0,0,0-0 L0,0v99.3C0,99.3,79.7,98.7,194,99z\"\/>\n<\/svg>\t\t<\/div>\n\t\t\t\t\t<div class=\"elementor-container elementor-column-gap-default\">\n\t\t\t\t\t<div class=\"elementor-column elementor-col-100 elementor-top-column elementor-element elementor-element-56a3e80\" data-id=\"56a3e80\" data-element_type=\"column\" data-e-type=\"column\">\n\t\t\t<div class=\"elementor-widget-wrap elementor-element-populated\">\n\t\t\t\t\t\t<div class=\"elementor-element elementor-element-8d511dc elementor-widget elementor-widget-heading\" data-id=\"8d511dc\" data-element_type=\"widget\" data-e-type=\"widget\" data-widget_type=\"heading.default\">\n\t\t\t\t\t<h1 class=\"elementor-heading-title elementor-size-default\">Verw\u00f6hnpension<\/h1>\t\t\t\t<\/div>\n\t\t\t\t\t<\/div>\n\t\t<\/div>\n\t\t\t\t\t<\/div>\n\t\t<\/section>\n\t\t\t\t<main class=\"elementor-section elementor-top-section elementor-element elementor-element-486c319 elementor-section-height-min-height elementor-section-items-stretch elementor-section-boxed elementor-section-height-default\" data-id=\"486c319\" data-element_type=\"section\" data-e-type=\"section\" data-settings=\"{&quot;background_background&quot;:&quot;classic&quot;,&quot;shape_divider_bottom&quot;:&quot;book&quot;}\">\n\t\t\t\t\t\t\t<div class=\"elementor-background-overlay\"><\/div>\n\t\t\t\t\t\t<div class=\"elementor-shape elementor-shape-bottom\" aria-hidden=\"true\" data-negative=\"false\">\n\t\t\t<svg xmlns=\"http:\/\/www.w3.org\/2000\/svg\" viewBox=\"0 0 1000 100\" preserveAspectRatio=\"none\">\n\t<path class=\"elementor-shape-fill\" d=\"M194,99c186.7,0.7,305-78.3,306-97.2c1,18.9,119.3,97.9,306,97.2c114.3-0.3,194,0.3,194,0.3s0-91.7,0-100c0,0,0,0,0-0 L0,0v99.3C0,99.3,79.7,98.7,194,99z\"\/>\n<\/svg>\t\t<\/div>\n\t\t\t\t\t<div class=\"elementor-container elementor-column-gap-default\">\n\t\t\t\t\t<div class=\"elementor-column elementor-col-50 elementor-top-column elementor-element elementor-element-d696ecf\" data-id=\"d696ecf\" data-element_type=\"column\" data-e-type=\"column\">\n\t\t\t<div class=\"elementor-widget-wrap elementor-element-populated\">\n\t\t\t\t\t\t<div class=\"elementor-element elementor-element-024210b elementor-hidden-mobile elementor-widget elementor-widget-image\" data-id=\"024210b\" data-element_type=\"widget\" data-e-type=\"widget\" data-widget_type=\"image.default\">\n\t\t\t\t\t\t\t\t\t\t\t\t\t\t\t<img fetchpriority=\"high\" decoding=\"async\" width=\"600\" height=\"400\" src=\"https:\/\/www.casa-leon.de\/wp-content\/uploads\/casa_leon-grancanaria-pool-4528-600x400.jpg\" class=\"attachment-Image size 2 size-Image size 2 wp-image-1441\" alt=\"\" srcset=\"https:\/\/www.casa-leon.de\/wp-content\/uploads\/casa_leon-grancanaria-pool-4528-600x400.jpg 600w, https:\/\/www.casa-leon.de\/wp-content\/uploads\/casa_leon-grancanaria-pool-4528-300x200.jpg 300w, https:\/\/www.casa-leon.de\/wp-content\/uploads\/casa_leon-grancanaria-pool-4528-768x512.jpg 768w, https:\/\/www.casa-leon.de\/wp-content\/uploads\/casa_leon-grancanaria-pool-4528-1024x683.jpg 1024w, https:\/\/www.casa-leon.de\/wp-content\/uploads\/casa_leon-grancanaria-pool-4528.jpg 1200w\" sizes=\"(max-width: 600px) 100vw, 600px\" \/>\t\t\t\t\t\t\t\t\t\t\t\t\t\t\t<\/div>\n\t\t\t\t<div class=\"elementor-element elementor-element-b45c0e4 elementor-widget elementor-widget-heading\" data-id=\"b45c0e4\" data-element_type=\"widget\" data-e-type=\"widget\" data-widget_type=\"heading.default\">\n\t\t\t\t\t<h3 class=\"elementor-heading-title elementor-size-default\">Wohnen im Casa Le\u00f3n Royal Retreat<\/h3>\t\t\t\t<\/div>\n\t\t\t\t<div class=\"elementor-element elementor-element-f90e9ae elementor-widget-divider--view-line elementor-widget elementor-widget-divider\" data-id=\"f90e9ae\" data-element_type=\"widget\" data-e-type=\"widget\" data-widget_type=\"divider.default\">\n\t\t\t\t\t\t\t<div class=\"elementor-divider\">\n\t\t\t<span class=\"elementor-divider-separator\">\n\t\t\t\t\t\t<\/span>\n\t\t<\/div>\n\t\t\t\t\t\t<\/div>\n\t\t\t\t<div class=\"elementor-element elementor-element-2608065 elementor-widget elementor-widget-heading\" data-id=\"2608065\" data-element_type=\"widget\" data-e-type=\"widget\" data-widget_type=\"heading.default\">\n\t\t\t\t\t<h2 class=\"elementor-heading-title elementor-size-default\">Wo Exklusives auch<br> wirklich inklusive ist.<\/h2>\t\t\t\t<\/div>\n\t\t\t\t\t<\/div>\n\t\t<\/div>\n\t\t\t\t<div class=\"elementor-column elementor-col-50 elementor-top-column elementor-element elementor-element-de20fd5\" data-id=\"de20fd5\" data-element_type=\"column\" data-e-type=\"column\">\n\t\t\t<div class=\"elementor-widget-wrap elementor-element-populated\">\n\t\t\t\t\t\t<div class=\"elementor-element elementor-element-c632dc9 elementor-widget elementor-widget-text-editor\" data-id=\"c632dc9\" data-element_type=\"widget\" data-e-type=\"widget\" data-widget_type=\"text-editor.default\">\n\t\t\t\t\t\t\t\t\t<p>Ein Fr\u00fchst\u00fcckstisch mit Blick \u00fcber den bl\u00fchenden Garten hinweg direkt aufs Meer, Lagerfeueratmosph\u00e4re bei Open-Air-Barbecues, ein unterhaltsamer Aperitif mit bunten H\u00e4ppchen oder ein Gala-Dinner unter kanarischem Sternenhimmel &#8230; unwiderstehlichen Urlaubsmomenten f\u00fcgen wir noch eine Brise Einzigartigkeit hinzu \u2013 mit dem hauseigenen \u201eK\u00f6niglichen Verw\u00f6hntag&#8221;.<\/p><p><br \/><strong>Gemeinsam mit den \u201eWohlf\u00fchlleistungen&#8221; und dem \u201eL\u00f6wenprogramm&#8221; ist die \u201eK\u00f6nigliche Verw\u00f6hnpension&#8221; Teil unseres \u201eK\u00f6niglichen Verw\u00f6hntages&#8221;. Dieser ist in allen Angeboten und Zimmerpreisen des Casa Le\u00f3n enthalten.<\/strong><\/p>\t\t\t\t\t\t\t\t<\/div>\n\t\t\t\t\t<\/div>\n\t\t<\/div>\n\t\t\t\t\t<\/div>\n\t\t<\/main>\n\t\t\t\t<section class=\"elementor-section elementor-top-section elementor-element elementor-element-408ceb3 elementor-section-boxed elementor-section-height-default elementor-section-height-default\" data-id=\"408ceb3\" data-element_type=\"section\" data-e-type=\"section\">\n\t\t\t\t\t\t<div class=\"elementor-container elementor-column-gap-default\">\n\t\t\t\t\t<div class=\"elementor-column elementor-col-50 elementor-top-column elementor-element elementor-element-faee3e6\" data-id=\"faee3e6\" data-element_type=\"column\" data-e-type=\"column\">\n\t\t\t<div class=\"elementor-widget-wrap elementor-element-populated\">\n\t\t\t\t\t\t<div class=\"elementor-element elementor-element-bf2cc57 elementor-widget elementor-widget-heading\" data-id=\"bf2cc57\" data-element_type=\"widget\" data-e-type=\"widget\" data-widget_type=\"heading.default\">\n\t\t\t\t\t<h2 class=\"elementor-heading-title elementor-size-default\">Alle Leistungen der K\u00f6niglichen Verw\u00f6hnpension im \u00dcberblick:<\/h2>\t\t\t\t<\/div>\n\t\t\t\t<div class=\"elementor-element elementor-element-b390195 elementor-widget elementor-widget-text-editor\" data-id=\"b390195\" data-element_type=\"widget\" data-e-type=\"widget\" data-widget_type=\"text-editor.default\">\n\t\t\t\t\t\t\t\t\t<ul><li>Genie\u00dfer-Fr\u00fchst\u00fccksbuffet mit Front-Cooking &amp; regionalen Qualit\u00e4tsprodukten<\/li><li>Obst- und Gem\u00fcsebereich f\u00fcr frische S\u00e4fte und Smoothies<\/li><li>Basisch-vitale Fr\u00fchst\u00fccksecke mit veganen &amp; glutenfreien Speisen<\/li><li>Langschl\u00e4fer-Fr\u00fchst\u00fcck ab 10 Uhr<\/li><li>Gourmetmen\u00fcs mit kanarischen Spezialit\u00e4ten, Fisch und Fleisch<\/li><li>vegetarische und vegane Vitalmen\u00fcs auf Wunsch<br \/><\/li><li>Open-Air-Barbecues unter kanarischem Sternenhimmel<\/li><li>Gala-Dinner mit Kerzenlicht und romantischem Piano<\/li><li>Begr\u00fc\u00dfungs-Aperitif mit H\u00e4ppchen und bunten Cocktails<\/li><li>Abendliche Teebar am Kamin mit \u201eGute-Nacht-Tee&#8221;<\/li><li>Alkoholfreie Getr\u00e4nke am Anreisetag in der Minibar<\/li><li>R\u00fccksichtnahme auf Nahrungsmittelunvertr\u00e4glichkeiten<\/li><\/ul>\t\t\t\t\t\t\t\t<\/div>\n\t\t\t\t\t<\/div>\n\t\t<\/div>\n\t\t\t\t<div class=\"elementor-column elementor-col-50 elementor-top-column elementor-element elementor-element-6cf0649\" data-id=\"6cf0649\" data-element_type=\"column\" data-e-type=\"column\">\n\t\t\t<div class=\"elementor-widget-wrap elementor-element-populated\">\n\t\t\t\t\t\t<div class=\"elementor-element elementor-element-3fd8d9f elementor-widget elementor-widget-gallery\" data-id=\"3fd8d9f\" data-element_type=\"widget\" data-e-type=\"widget\" data-settings=\"{&quot;gallery_layout&quot;:&quot;masonry&quot;,&quot;columns&quot;:2,&quot;gap&quot;:{&quot;unit&quot;:&quot;px&quot;,&quot;size&quot;:18,&quot;sizes&quot;:[]},&quot;lazyload&quot;:&quot;yes&quot;,&quot;columns_tablet&quot;:2,&quot;columns_mobile&quot;:1,&quot;gap_tablet&quot;:{&quot;unit&quot;:&quot;px&quot;,&quot;size&quot;:10,&quot;sizes&quot;:[]},&quot;gap_mobile&quot;:{&quot;unit&quot;:&quot;px&quot;,&quot;size&quot;:10,&quot;sizes&quot;:[]},&quot;link_to&quot;:&quot;file&quot;,&quot;overlay_background&quot;:&quot;yes&quot;,&quot;content_hover_animation&quot;:&quot;fade-in&quot;}\" data-widget_type=\"gallery.default\">\n\t\t\t\t\t\t\t<div class=\"elementor-gallery__container\">\n\t\t\t\t\t\t\t<a class=\"e-gallery-item elementor-gallery-item elementor-animated-content\" href=\"https:\/\/www.casa-leon.de\/wp-content\/uploads\/casa_leon-verwoehnpension-007.jpg\" data-elementor-open-lightbox=\"yes\" data-elementor-lightbox-slideshow=\"3fd8d9f\" data-elementor-lightbox-title=\"casa_leon-verwoehnpension-007\" data-e-action-hash=\"#elementor-action%3Aaction%3Dlightbox%26settings%3DeyJpZCI6MTQzNiwidXJsIjoiaHR0cHM6XC9cL3d3dy5jYXNhLWxlb24uZGVcL3dwLWNvbnRlbnRcL3VwbG9hZHNcL2Nhc2FfbGVvbi12ZXJ3b2VobnBlbnNpb24tMDA3LmpwZyIsInNsaWRlc2hvdyI6IjNmZDhkOWYifQ%3D%3D\">\n\t\t\t\t\t<div class=\"e-gallery-image elementor-gallery-item__image\" data-thumbnail=\"https:\/\/www.casa-leon.de\/wp-content\/uploads\/casa_leon-verwoehnpension-007-200x300.jpg\" data-width=\"200\" data-height=\"300\" aria-label=\"\" role=\"img\" ><\/div>\n\t\t\t\t\t\t\t\t\t\t\t<div class=\"elementor-gallery-item__overlay\"><\/div>\n\t\t\t\t\t\t\t\t\t\t\t\t\t\t<\/a>\n\t\t\t\t\t\t\t<a class=\"e-gallery-item elementor-gallery-item elementor-animated-content\" href=\"https:\/\/www.casa-leon.de\/wp-content\/uploads\/casa_leon-verwoehnpension-006.jpg\" data-elementor-open-lightbox=\"yes\" data-elementor-lightbox-slideshow=\"3fd8d9f\" data-elementor-lightbox-title=\"casa_leon-verwoehnpension-006\" data-e-action-hash=\"#elementor-action%3Aaction%3Dlightbox%26settings%3DeyJpZCI6MTQzNSwidXJsIjoiaHR0cHM6XC9cL3d3dy5jYXNhLWxlb24uZGVcL3dwLWNvbnRlbnRcL3VwbG9hZHNcL2Nhc2FfbGVvbi12ZXJ3b2VobnBlbnNpb24tMDA2LmpwZyIsInNsaWRlc2hvdyI6IjNmZDhkOWYifQ%3D%3D\">\n\t\t\t\t\t<div class=\"e-gallery-image elementor-gallery-item__image\" data-thumbnail=\"https:\/\/www.casa-leon.de\/wp-content\/uploads\/casa_leon-verwoehnpension-006-300x200.jpg\" data-width=\"300\" data-height=\"200\" aria-label=\"\" role=\"img\" ><\/div>\n\t\t\t\t\t\t\t\t\t\t\t<div class=\"elementor-gallery-item__overlay\"><\/div>\n\t\t\t\t\t\t\t\t\t\t\t\t\t\t<\/a>\n\t\t\t\t\t\t\t<a class=\"e-gallery-item elementor-gallery-item elementor-animated-content\" href=\"https:\/\/www.casa-leon.de\/wp-content\/uploads\/casa_leon-verwoehnpension-005.jpg\" data-elementor-open-lightbox=\"yes\" data-elementor-lightbox-slideshow=\"3fd8d9f\" data-elementor-lightbox-title=\"casa_leon-verwoehnpension-005\" data-e-action-hash=\"#elementor-action%3Aaction%3Dlightbox%26settings%3DeyJpZCI6MTQzNCwidXJsIjoiaHR0cHM6XC9cL3d3dy5jYXNhLWxlb24uZGVcL3dwLWNvbnRlbnRcL3VwbG9hZHNcL2Nhc2FfbGVvbi12ZXJ3b2VobnBlbnNpb24tMDA1LmpwZyIsInNsaWRlc2hvdyI6IjNmZDhkOWYifQ%3D%3D\">\n\t\t\t\t\t<div class=\"e-gallery-image elementor-gallery-item__image\" data-thumbnail=\"https:\/\/www.casa-leon.de\/wp-content\/uploads\/casa_leon-verwoehnpension-005-300x200.jpg\" data-width=\"300\" data-height=\"200\" aria-label=\"\" role=\"img\" ><\/div>\n\t\t\t\t\t\t\t\t\t\t\t<div class=\"elementor-gallery-item__overlay\"><\/div>\n\t\t\t\t\t\t\t\t\t\t\t\t\t\t<\/a>\n\t\t\t\t\t\t\t<a class=\"e-gallery-item elementor-gallery-item elementor-animated-content\" href=\"https:\/\/www.casa-leon.de\/wp-content\/uploads\/casa_leon-verwoehnpension-004.jpg\" data-elementor-open-lightbox=\"yes\" data-elementor-lightbox-slideshow=\"3fd8d9f\" data-elementor-lightbox-title=\"casa_leon-verwoehnpension-004\" data-e-action-hash=\"#elementor-action%3Aaction%3Dlightbox%26settings%3DeyJpZCI6MTQzMywidXJsIjoiaHR0cHM6XC9cL3d3dy5jYXNhLWxlb24uZGVcL3dwLWNvbnRlbnRcL3VwbG9hZHNcL2Nhc2FfbGVvbi12ZXJ3b2VobnBlbnNpb24tMDA0LmpwZyIsInNsaWRlc2hvdyI6IjNmZDhkOWYifQ%3D%3D\">\n\t\t\t\t\t<div class=\"e-gallery-image elementor-gallery-item__image\" data-thumbnail=\"https:\/\/www.casa-leon.de\/wp-content\/uploads\/casa_leon-verwoehnpension-004-300x200.jpg\" data-width=\"300\" data-height=\"200\" aria-label=\"\" role=\"img\" ><\/div>\n\t\t\t\t\t\t\t\t\t\t\t<div class=\"elementor-gallery-item__overlay\"><\/div>\n\t\t\t\t\t\t\t\t\t\t\t\t\t\t<\/a>\n\t\t\t\t\t\t\t<a class=\"e-gallery-item elementor-gallery-item elementor-animated-content\" href=\"https:\/\/www.casa-leon.de\/wp-content\/uploads\/casa_leon-verwoehnpension-003.jpg\" data-elementor-open-lightbox=\"yes\" data-elementor-lightbox-slideshow=\"3fd8d9f\" data-elementor-lightbox-title=\"casa_leon-verwoehnpension-003\" data-e-action-hash=\"#elementor-action%3Aaction%3Dlightbox%26settings%3DeyJpZCI6MTQzMiwidXJsIjoiaHR0cHM6XC9cL3d3dy5jYXNhLWxlb24uZGVcL3dwLWNvbnRlbnRcL3VwbG9hZHNcL2Nhc2FfbGVvbi12ZXJ3b2VobnBlbnNpb24tMDAzLmpwZyIsInNsaWRlc2hvdyI6IjNmZDhkOWYifQ%3D%3D\">\n\t\t\t\t\t<div class=\"e-gallery-image elementor-gallery-item__image\" data-thumbnail=\"https:\/\/www.casa-leon.de\/wp-content\/uploads\/casa_leon-verwoehnpension-003-300x200.jpg\" data-width=\"300\" data-height=\"200\" aria-label=\"\" role=\"img\" ><\/div>\n\t\t\t\t\t\t\t\t\t\t\t<div class=\"elementor-gallery-item__overlay\"><\/div>\n\t\t\t\t\t\t\t\t\t\t\t\t\t\t<\/a>\n\t\t\t\t\t\t\t<a class=\"e-gallery-item elementor-gallery-item elementor-animated-content\" href=\"https:\/\/www.casa-leon.de\/wp-content\/uploads\/casa_leon-verwoehnpension-002.jpg\" data-elementor-open-lightbox=\"yes\" data-elementor-lightbox-slideshow=\"3fd8d9f\" data-elementor-lightbox-title=\"casa_leon-verwoehnpension-002\" data-e-action-hash=\"#elementor-action%3Aaction%3Dlightbox%26settings%3DeyJpZCI6MTQzMSwidXJsIjoiaHR0cHM6XC9cL3d3dy5jYXNhLWxlb24uZGVcL3dwLWNvbnRlbnRcL3VwbG9hZHNcL2Nhc2FfbGVvbi12ZXJ3b2VobnBlbnNpb24tMDAyLmpwZyIsInNsaWRlc2hvdyI6IjNmZDhkOWYifQ%3D%3D\">\n\t\t\t\t\t<div class=\"e-gallery-image elementor-gallery-item__image\" data-thumbnail=\"https:\/\/www.casa-leon.de\/wp-content\/uploads\/casa_leon-verwoehnpension-002-300x200.jpg\" data-width=\"300\" data-height=\"200\" aria-label=\"\" role=\"img\" ><\/div>\n\t\t\t\t\t\t\t\t\t\t\t<div class=\"elementor-gallery-item__overlay\"><\/div>\n\t\t\t\t\t\t\t\t\t\t\t\t\t\t<\/a>\n\t\t\t\t\t\t\t<a class=\"e-gallery-item elementor-gallery-item elementor-animated-content\" href=\"https:\/\/www.casa-leon.de\/wp-content\/uploads\/casa_leon-verwoehnpension-001.jpg\" data-elementor-open-lightbox=\"yes\" data-elementor-lightbox-slideshow=\"3fd8d9f\" data-elementor-lightbox-title=\"casa_leon-verwoehnpension-001\" data-e-action-hash=\"#elementor-action%3Aaction%3Dlightbox%26settings%3DeyJpZCI6MTQzMCwidXJsIjoiaHR0cHM6XC9cL3d3dy5jYXNhLWxlb24uZGVcL3dwLWNvbnRlbnRcL3VwbG9hZHNcL2Nhc2FfbGVvbi12ZXJ3b2VobnBlbnNpb24tMDAxLmpwZyIsInNsaWRlc2hvdyI6IjNmZDhkOWYifQ%3D%3D\">\n\t\t\t\t\t<div class=\"e-gallery-image elementor-gallery-item__image\" data-thumbnail=\"https:\/\/www.casa-leon.de\/wp-content\/uploads\/casa_leon-verwoehnpension-001-300x200.jpg\" data-width=\"300\" data-height=\"200\" aria-label=\"\" role=\"img\" ><\/div>\n\t\t\t\t\t\t\t\t\t\t\t<div class=\"elementor-gallery-item__overlay\"><\/div>\n\t\t\t\t\t\t\t\t\t\t\t\t\t\t<\/a>\n\t\t\t\t\t<\/div>\n\t\t\t\t\t<\/div>\n\t\t\t\t\t<\/div>\n\t\t<\/div>\n\t\t\t\t\t<\/div>\n\t\t<\/section>\n\t\t\t\t<\/div>\n\t\t","protected":false},"excerpt":{"rendered":"<p>Verw\u00f6hnpension Wohnen im Casa Le\u00f3n Royal Retreat Wo Exklusives auch wirklich inklusive ist. Ein Fr\u00fchst\u00fcckstisch mit Blick \u00fcber den bl\u00fchenden Garten hinweg direkt aufs Meer, Lagerfeueratmosph\u00e4re bei Open-Air-Barbecues, ein unterhaltsamer Aperitif mit bunten H\u00e4ppchen oder ein Gala-Dinner unter kanarischem Sternenhimmel &#8230; unwiderstehlichen Urlaubsmomenten f\u00fcgen wir noch eine Brise Einzigartigkeit hinzu \u2013 mit dem hauseigenen \u201eK\u00f6niglichen [&hellip;]<\/p>\n","protected":false},"author":1,"featured_media":0,"parent":0,"menu_order":0,"comment_status":"closed","ping_status":"closed","template":"","meta":{"_acf_changed":false,"footnotes":""},"class_list":["post-1427","page","type-page","status-publish","hentry"],"acf":[],"_links":{"self":[{"href":"https:\/\/www.casa-leon.de\/de\/wp-json\/wp\/v2\/pages\/1427","targetHints":{"allow":["GET"]}}],"collection":[{"href":"https:\/\/www.casa-leon.de\/de\/wp-json\/wp\/v2\/pages"}],"about":[{"href":"https:\/\/www.casa-leon.de\/de\/wp-json\/wp\/v2\/types\/page"}],"author":[{"embeddable":true,"href":"https:\/\/www.casa-leon.de\/de\/wp-json\/wp\/v2\/users\/1"}],"replies":[{"embeddable":true,"href":"https:\/\/www.casa-leon.de\/de\/wp-json\/wp\/v2\/comments?post=1427"}],"version-history":[{"count":13,"href":"https:\/\/www.casa-leon.de\/de\/wp-json\/wp\/v2\/pages\/1427\/revisions"}],"predecessor-version":[{"id":1451,"href":"https:\/\/www.casa-leon.de\/de\/wp-json\/wp\/v2\/pages\/1427\/revisions\/1451"}],"wp:attachment":[{"href":"https:\/\/www.casa-leon.de\/de\/wp-json\/wp\/v2\/media?parent=1427"}],"curies":[{"name":"wp","href":"https:\/\/api.w.org\/{rel}","templated":true}]}}