{"id":537,"date":"2023-03-19T09:25:39","date_gmt":"2023-03-19T08:25:39","guid":{"rendered":"https:\/\/projekt.sandrolindner.de\/casaleon\/?page_id=537"},"modified":"2023-05-25T10:42:31","modified_gmt":"2023-05-25T08:42:31","slug":"nachhaltigkeit","status":"publish","type":"page","link":"https:\/\/www.casa-leon.de\/de\/nachhaltigkeit\/","title":{"rendered":"Nachhaltigkeit"},"content":{"rendered":"\t\t<div data-elementor-type=\"wp-page\" data-elementor-id=\"537\" class=\"elementor elementor-537\" data-elementor-settings=\"{&quot;element_pack_global_tooltip_width&quot;:{&quot;unit&quot;:&quot;px&quot;,&quot;size&quot;:&quot;&quot;,&quot;sizes&quot;:[]},&quot;element_pack_global_tooltip_width_tablet&quot;:{&quot;unit&quot;:&quot;px&quot;,&quot;size&quot;:&quot;&quot;,&quot;sizes&quot;:[]},&quot;element_pack_global_tooltip_width_mobile&quot;:{&quot;unit&quot;:&quot;px&quot;,&quot;size&quot;:&quot;&quot;,&quot;sizes&quot;:[]},&quot;element_pack_global_tooltip_padding&quot;:{&quot;unit&quot;:&quot;px&quot;,&quot;top&quot;:&quot;&quot;,&quot;right&quot;:&quot;&quot;,&quot;bottom&quot;:&quot;&quot;,&quot;left&quot;:&quot;&quot;,&quot;isLinked&quot;:true},&quot;element_pack_global_tooltip_padding_tablet&quot;:{&quot;unit&quot;:&quot;px&quot;,&quot;top&quot;:&quot;&quot;,&quot;right&quot;:&quot;&quot;,&quot;bottom&quot;:&quot;&quot;,&quot;left&quot;:&quot;&quot;,&quot;isLinked&quot;:true},&quot;element_pack_global_tooltip_padding_mobile&quot;:{&quot;unit&quot;:&quot;px&quot;,&quot;top&quot;:&quot;&quot;,&quot;right&quot;:&quot;&quot;,&quot;bottom&quot;:&quot;&quot;,&quot;left&quot;:&quot;&quot;,&quot;isLinked&quot;:true},&quot;element_pack_global_tooltip_border_radius&quot;:{&quot;unit&quot;:&quot;px&quot;,&quot;top&quot;:&quot;&quot;,&quot;right&quot;:&quot;&quot;,&quot;bottom&quot;:&quot;&quot;,&quot;left&quot;:&quot;&quot;,&quot;isLinked&quot;:true},&quot;element_pack_global_tooltip_border_radius_tablet&quot;:{&quot;unit&quot;:&quot;px&quot;,&quot;top&quot;:&quot;&quot;,&quot;right&quot;:&quot;&quot;,&quot;bottom&quot;:&quot;&quot;,&quot;left&quot;:&quot;&quot;,&quot;isLinked&quot;:true},&quot;element_pack_global_tooltip_border_radius_mobile&quot;:{&quot;unit&quot;:&quot;px&quot;,&quot;top&quot;:&quot;&quot;,&quot;right&quot;:&quot;&quot;,&quot;bottom&quot;:&quot;&quot;,&quot;left&quot;:&quot;&quot;,&quot;isLinked&quot;:true}}\" data-elementor-post-type=\"page\">\n\t\t\t\t\t\t<section class=\"elementor-section elementor-top-section elementor-element elementor-element-59cfe75 elementor-section-height-min-height elementor-section-boxed elementor-section-height-default elementor-section-items-middle\" data-id=\"59cfe75\" data-element_type=\"section\" data-e-type=\"section\" data-settings=\"{&quot;background_background&quot;:&quot;gradient&quot;,&quot;shape_divider_bottom&quot;:&quot;book&quot;}\">\n\t\t\t\t\t\t\t<div class=\"elementor-background-overlay\"><\/div>\n\t\t\t\t\t\t<div class=\"elementor-shape elementor-shape-bottom\" aria-hidden=\"true\" data-negative=\"false\">\n\t\t\t<svg xmlns=\"http:\/\/www.w3.org\/2000\/svg\" viewBox=\"0 0 1000 100\" preserveAspectRatio=\"none\">\n\t<path class=\"elementor-shape-fill\" d=\"M194,99c186.7,0.7,305-78.3,306-97.2c1,18.9,119.3,97.9,306,97.2c114.3-0.3,194,0.3,194,0.3s0-91.7,0-100c0,0,0,0,0-0 L0,0v99.3C0,99.3,79.7,98.7,194,99z\"\/>\n<\/svg>\t\t<\/div>\n\t\t\t\t\t<div class=\"elementor-container elementor-column-gap-default\">\n\t\t\t\t\t<div class=\"elementor-column elementor-col-100 elementor-top-column elementor-element elementor-element-56a3e80\" data-id=\"56a3e80\" data-element_type=\"column\" data-e-type=\"column\">\n\t\t\t<div class=\"elementor-widget-wrap elementor-element-populated\">\n\t\t\t\t\t\t<div class=\"elementor-element elementor-element-8d511dc elementor-widget elementor-widget-heading\" data-id=\"8d511dc\" data-element_type=\"widget\" data-e-type=\"widget\" data-widget_type=\"heading.default\">\n\t\t\t\t\t<h1 class=\"elementor-heading-title elementor-size-default\">Nachhaltigkeit<\/h1>\t\t\t\t<\/div>\n\t\t\t\t\t<\/div>\n\t\t<\/div>\n\t\t\t\t\t<\/div>\n\t\t<\/section>\n\t\t\t\t<main class=\"elementor-section elementor-top-section elementor-element elementor-element-5847154 elementor-section-content-top elementor-section-boxed elementor-section-height-default elementor-section-height-default\" data-id=\"5847154\" data-element_type=\"section\" data-e-type=\"section\" data-settings=\"{&quot;background_background&quot;:&quot;classic&quot;}\">\n\t\t\t\t\t\t\t<div class=\"elementor-background-overlay\"><\/div>\n\t\t\t\t\t\t\t<div class=\"elementor-container elementor-column-gap-default\">\n\t\t\t\t\t<div class=\"elementor-column elementor-col-50 elementor-top-column elementor-element elementor-element-e47cc90\" data-id=\"e47cc90\" data-element_type=\"column\" data-e-type=\"column\">\n\t\t\t<div class=\"elementor-widget-wrap elementor-element-populated\">\n\t\t\t\t\t\t<div class=\"elementor-element elementor-element-58d27b6 elementor-widget elementor-widget-heading\" data-id=\"58d27b6\" data-element_type=\"widget\" data-e-type=\"widget\" data-widget_type=\"heading.default\">\n\t\t\t\t\t<h2 class=\"elementor-heading-title elementor-size-default\">Wir vereinen Nachhaltigkeit und Komfort<\/h2>\t\t\t\t<\/div>\n\t\t\t\t<div class=\"elementor-element elementor-element-33c7207 elementor-widget-divider--view-line elementor-widget elementor-widget-divider\" data-id=\"33c7207\" data-element_type=\"widget\" data-e-type=\"widget\" data-widget_type=\"divider.default\">\n\t\t\t\t\t\t\t<div class=\"elementor-divider\">\n\t\t\t<span class=\"elementor-divider-separator\">\n\t\t\t\t\t\t<\/span>\n\t\t<\/div>\n\t\t\t\t\t\t<\/div>\n\t\t\t\t<div class=\"elementor-element elementor-element-e186381 elementor-widget elementor-widget-image\" data-id=\"e186381\" data-element_type=\"widget\" data-e-type=\"widget\" data-widget_type=\"image.default\">\n\t\t\t\t\t\t\t\t\t\t\t\t\t\t\t\t<a href=\"https:\/\/www.greenpearls.com\/de\/hotels\/casa-leon-royal-retreat\/\" target=\"_blank\">\n\t\t\t\t\t\t\t<img decoding=\"async\" width=\"272\" height=\"55\" src=\"https:\/\/www.casa-leon.de\/wp-content\/uploads\/green-pearls-logo.gif\" class=\"attachment-large size-large wp-image-1924\" alt=\"\" \/>\t\t\t\t\t\t\t\t<\/a>\n\t\t\t\t\t\t\t\t\t\t\t\t\t\t\t<\/div>\n\t\t\t\t\t<\/div>\n\t\t<\/div>\n\t\t\t\t<div class=\"elementor-column elementor-col-50 elementor-top-column elementor-element elementor-element-e392689\" data-id=\"e392689\" data-element_type=\"column\" data-e-type=\"column\">\n\t\t\t<div class=\"elementor-widget-wrap elementor-element-populated\">\n\t\t\t\t\t\t<div class=\"elementor-element elementor-element-812abc4 elementor-widget elementor-widget-text-editor\" data-id=\"812abc4\" data-element_type=\"widget\" data-e-type=\"widget\" data-widget_type=\"text-editor.default\">\n\t\t\t\t\t\t\t\t\t<p>Das Hauptziel des Casa Le\u00f3n Royal Retreat ist es, den Umweltschutz mit unserer Betriebst\u00e4tigkeit in Einklang zu bringen und so die Beziehung zur Umwelt zu verbessern und eine maximale Kundenzufriedenheit zu erreichen. Aus diesem Grund setzen sich die Unternehmensleitung und alle Mitarbeiter des Unternehmens f\u00fcr die st\u00e4ndige Verbesserung der Umweltvertr\u00e4glichkeit von uns angebotenen Dienstleistungen ein.<\/p><p>Unsere Managementpolitik ist ganz auf die Umwelt und die Qualit\u00e4t unserer Dienstleistungen ausgerichtet; unser Ziel ist es, einen Zustand der nachhaltigen Entwicklung zu erreichen.<\/p><p>Um uns zu verbessern und die internationalen Nachhaltigkeitsanforderungen zu erf\u00fcllen, haben wir uns Green Pearls\u00ae Unique Places angeschlossen, der weltweit f\u00fchrenden Quelle f\u00fcr Daten \u00fcber nachhaltige Orte.<\/p><p>Dies ist eine gro\u00dfe Herausforderung f\u00fcr uns, aber auch eine Quelle der Zufriedenheit f\u00fcr das gesamte Team.<\/p>\t\t\t\t\t\t\t\t<\/div>\n\t\t\t\t\t<\/div>\n\t\t<\/div>\n\t\t\t\t\t<\/div>\n\t\t<\/main>\n\t\t\t\t<section class=\"elementor-section elementor-top-section elementor-element elementor-element-07157e3 elementor-section-boxed elementor-section-height-default elementor-section-height-default\" data-id=\"07157e3\" data-element_type=\"section\" data-e-type=\"section\">\n\t\t\t\t\t\t<div class=\"elementor-container elementor-column-gap-default\">\n\t\t\t\t\t<div class=\"elementor-column elementor-col-100 elementor-top-column elementor-element elementor-element-6f7b52b\" data-id=\"6f7b52b\" data-element_type=\"column\" data-e-type=\"column\">\n\t\t\t<div class=\"elementor-widget-wrap elementor-element-populated\">\n\t\t\t\t\t\t<div class=\"elementor-element elementor-element-cdfa140 elementor-widget elementor-widget-text-editor\" data-id=\"cdfa140\" data-element_type=\"widget\" data-e-type=\"widget\" data-widget_type=\"text-editor.default\">\n\t\t\t\t\t\t\t\t\t<h3><img fetchpriority=\"high\" decoding=\"async\" class=\"alignleft wp-image-4087 size-large\" src=\"https:\/\/www.casa-leon.de\/wp-content\/uploads\/Tal-Bosnien-1024x683.jpg\" alt=\"\" width=\"800\" height=\"534\" srcset=\"https:\/\/www.casa-leon.de\/wp-content\/uploads\/Tal-Bosnien-1024x683.jpg 1024w, https:\/\/www.casa-leon.de\/wp-content\/uploads\/Tal-Bosnien-300x200.jpg 300w, https:\/\/www.casa-leon.de\/wp-content\/uploads\/Tal-Bosnien-768x512.jpg 768w, https:\/\/www.casa-leon.de\/wp-content\/uploads\/Tal-Bosnien-1536x1024.jpg 1536w, https:\/\/www.casa-leon.de\/wp-content\/uploads\/Tal-Bosnien-2048x1365.jpg 2048w, https:\/\/www.casa-leon.de\/wp-content\/uploads\/Tal-Bosnien-600x400.jpg 600w, https:\/\/www.casa-leon.de\/wp-content\/uploads\/Tal-Bosnien.jpg 1900w\" sizes=\"(max-width: 800px) 100vw, 800px\" \/>CO2-Ausgleich:<\/h3><p>Zum Ausgleich des CO2 Aussto\u00dfes unseres Hotels und der anreisenden G\u00e4ste haben wir 40.000 m\u00b2 Wald auf dem Balkan gepachtet, der von uns in seinem urspr\u00fcnglichen Zustand gelassen und gepflegt wird.<\/p><p><img decoding=\"async\" class=\"alignnone wp-image-1678 size-large\" src=\"https:\/\/www.casa-leon.de\/wp-content\/uploads\/casa_leon-grancanaria-haus-0446-1024x583.jpg\" alt=\"\" width=\"800\" height=\"455\" srcset=\"https:\/\/www.casa-leon.de\/wp-content\/uploads\/casa_leon-grancanaria-haus-0446-1024x583.jpg 1024w, https:\/\/www.casa-leon.de\/wp-content\/uploads\/casa_leon-grancanaria-haus-0446-300x171.jpg 300w, https:\/\/www.casa-leon.de\/wp-content\/uploads\/casa_leon-grancanaria-haus-0446-768x437.jpg 768w, https:\/\/www.casa-leon.de\/wp-content\/uploads\/casa_leon-grancanaria-haus-0446-1536x875.jpg 1536w, https:\/\/www.casa-leon.de\/wp-content\/uploads\/casa_leon-grancanaria-haus-0446.jpg 1900w\" sizes=\"(max-width: 800px) 100vw, 800px\" \/><\/p><h3>Architektur:<\/h3><p>Das Casa Le\u00f3n Royal Retreat ist eingebettet in ein 10.000 Quadratmeter gro\u00dfes Anwesen und f\u00fcgt sich als kleines, zweist\u00f6ckiges Boutiquehotel harmonisch in die Landschaft ein. Der offen gehaltene, landestypische Baustil holt die Natur direkt ins Innere. Der Eigent\u00fcmer selbst war ma\u00dfgeblich an der Konzeption des Hotels beteiligt und arbeitete dabei mit einem vor Ort ans\u00e4ssigen Architekturb\u00fcro zusammen. Inspirationen holte er sich bei verschiedenen Spanien-Urlauben mit der Familie. Die Stoffe, M\u00f6bel und Materialien wurden vom Eigent\u00fcmer pers\u00f6nlich ausgesucht und tragen damit ebenfalls die Handschrift der Familie. Farben und Einrichtung spiegeln die Landschaft mit dem Meer, Sand und den Bergen wider. Gro\u00dfe Panoramafenster in fast allen Zimmern, in der Lobby und im Restaurant sorgen f\u00fcr eine leichte Atmosph\u00e4re und schaffen eine Einheit mit der Umgebung. Der gro\u00dfe Au\u00dfenbereich mit dem gepflegten, bunt bl\u00fchenden Hotelgarten ist weitl\u00e4ufig und bietet mit kleinen Ruheinseln, Liegen und Pavillons den idealen Rahmen zum Abschalten.<\/p><h3>Energiemanagement:<\/h3><p>Im Casa Le\u00f3n Royal Retreat setzt schrittweise ein Energiesparkonzept um, das alle Bereiche des Hotels betrifft.<\/p><p>Die richtige Temperatur wird in Schwimmb\u00e4dern, Zimmern und Gemeinschaftsr\u00e4umen kontrolliert. Der Energieverbrauch in der K\u00fcche und in der W\u00e4scherei wird optimiert, indem die Ein- und Ausschaltzeiten der gro\u00dfen Maschinen sehr gut kontrolliert werden.<\/p><p>In den Au\u00dfenanlagen, dem Schwimmbad und den Gemeinschaftsbereichen wurde die gesamte Beleuchtungsanlage auf einen niedrigen Energieverbrauch umgestellt. In den Schlafzimmern wird die Beleuchtung nach und nach ge\u00e4ndert. Die Idee dabei ist, das nat\u00fcrliche Licht und das warme Klima der Kanarischen Inseln optimal zu nutzen.<\/p><p>Im gesamten Hotel wurden Zeituhren installiert, die das Licht automatisch ein- und ausschalten, und in K\u00fcrze werden auch die K\u00fchlschr\u00e4nke am Buffet und die Pumpen im Maschinenraum mit Uhren ausgestattet, so dass sie sich automatisch abschalten, wenn sie nicht benutzt werden.<\/p><p><img loading=\"lazy\" decoding=\"async\" class=\"alignnone size-large wp-image-4180\" src=\"https:\/\/www.casa-leon.de\/wp-content\/uploads\/Innere_Staerke_Mitgliedschaft_Casa-Leon-Members-Club-1024x683.jpg\" alt=\"\" width=\"800\" height=\"534\" srcset=\"https:\/\/www.casa-leon.de\/wp-content\/uploads\/Innere_Staerke_Mitgliedschaft_Casa-Leon-Members-Club-1024x683.jpg 1024w, https:\/\/www.casa-leon.de\/wp-content\/uploads\/Innere_Staerke_Mitgliedschaft_Casa-Leon-Members-Club-300x200.jpg 300w, https:\/\/www.casa-leon.de\/wp-content\/uploads\/Innere_Staerke_Mitgliedschaft_Casa-Leon-Members-Club-768x512.jpg 768w, https:\/\/www.casa-leon.de\/wp-content\/uploads\/Innere_Staerke_Mitgliedschaft_Casa-Leon-Members-Club-600x400.jpg 600w, https:\/\/www.casa-leon.de\/wp-content\/uploads\/Innere_Staerke_Mitgliedschaft_Casa-Leon-Members-Club.jpg 1200w\" sizes=\"(max-width: 800px) 100vw, 800px\" \/><\/p><h3>Wasser:<\/h3><p>Wasser ist eine knappe Ressource auf den Kanarischen Inseln. Da es auf den Inseln keine Fl\u00fcsse oder Seen gibt und das Klima sehr trocken ist, ist die Wasserbeschaffung ein lebenswichtiges Problem.<\/p><p>G\u00e4ste des Casa Le\u00f3n Royal Retreat werden durch ein kleines Schild im Badezimmer darauf aufmerksam gemacht, Wasser in den Duschen zu sparen und unn\u00f6tiges Waschen von Handt\u00fcchern zu vermeiden.<\/p><p>Durch die so reduzierte t\u00e4gliche W\u00e4schemenge spart man nicht nur Wasser, sondern auch Reinigungsmittel und Strom.<\/p><p>Der Einsatz von wassersparenden Duschk\u00f6pfen hat das Ziel, den Wasserverbrauch in naher Zukunft weiter zu senken.<\/p><p>Ein gro\u00dfer Teil des Gartens des Casa Le\u00f3n Royal Retreat besteht aus Arten wie Kakteen und \u00e4hnlichen, die sehr wenig Wasser ben\u00f6tigen.<\/p><p>Die Anlage ist mit einem biologischen Kl\u00e4rsystem ausgestattet, das die Abw\u00e4sser f\u00fcr die Bew\u00e4sserung wiederverwendet.<\/p><p>Das Wasser stammt aus einem nahe gelegenen Brunnen in der Ayagaures-Schlucht. Niemand wird durch die Wasserentnahme dort beeintr\u00e4chtigt.<\/p><p>Ein Regenwasser-Auffangsystem im Innenhof des Hotels sorgt zudem f\u00fcr Wasserkapazit\u00e4t. Ebenso wie die Brauchwasser-Aufbereitungsanlage.<\/p><h3>M\u00fcll:<\/h3><p>Das Casa Le\u00f3n Royal Retreat wird nach dem Prinzip \u201c<em>M\u00fcll\u00a0vermeiden, verwerten, beseitigen\u201d <\/em>gef\u00fchrt.<\/p><p>Plastikverpackungen werden m\u00f6glichst komplett vermieden, z.B. beim Fr\u00fchst\u00fcck. Im gesamten Hotel gibt es ein M\u00fclltrennsystem. Die Container mit den Wertstoffen werden einmal pro Woche abgeholt.<\/p><h3><img loading=\"lazy\" decoding=\"async\" class=\"alignnone wp-image-2037\" src=\"https:\/\/www.casa-leon.de\/wp-content\/uploads\/casa_leon-grancanaria-food-004-682x1024.jpg\" alt=\"\" width=\"400\" height=\"600\" srcset=\"https:\/\/www.casa-leon.de\/wp-content\/uploads\/casa_leon-grancanaria-food-004-682x1024.jpg 682w, https:\/\/www.casa-leon.de\/wp-content\/uploads\/casa_leon-grancanaria-food-004-200x300.jpg 200w, https:\/\/www.casa-leon.de\/wp-content\/uploads\/casa_leon-grancanaria-food-004-768x1152.jpg 768w, https:\/\/www.casa-leon.de\/wp-content\/uploads\/casa_leon-grancanaria-food-004-1024x1536.jpg 1024w, https:\/\/www.casa-leon.de\/wp-content\/uploads\/casa_leon-grancanaria-food-004.jpg 1333w\" sizes=\"(max-width: 400px) 100vw, 400px\" \/><\/h3><h3>Kulinarik:<\/h3><p>Die K\u00fcche im Casa Le\u00f3n Royal Retreat ist gepr\u00e4gt durch Saisonalit\u00e4t und regionale Einfl\u00fcsse. Mediterrane und kanarische Aromen ziehen sich durch die Speisen. So verw\u00f6hnt der deutsche Chefkoch Holger Schmidt seine G\u00e4ste mit kreativen und leichten Gerichten aus haupts\u00e4chlich regionalen Zutaten. Er verwendet keine Fertigprodukte oder -so\u00dfen, alles wird individuell und unter Ber\u00fccksichtigung der Bed\u00fcrfnisse des Gastes hergestellt.<\/p><h3>Umweltschutz:<\/h3><p>Das Hauptziel des Casa Le\u00f3n Royal Retreat ist es, den Umweltschutz mit unserer Betriebst\u00e4tigkeit in Einklang zu bringen und so die Beziehung zur Umwelt zu verbessern und eine maximale Kundenzufriedenheit zu erreichen. Aus diesem Grund setzen sich die Unternehmensleitung und alle Mitarbeiter des Unternehmens f\u00fcr die st\u00e4ndige Verbesserung der Umweltvertr\u00e4glichkeit von uns angebotenen Dienstleistungen ein.<\/p><p>Unsere Managementpolitik ist ganz auf die Umwelt und die Qualit\u00e4t unserer Dienstleistungen ausgerichtet; unser Ziel ist es, einen Zustand der nachhaltigen Entwicklung zu erreichen.<\/p><p>Zum Ausgleich des CO2 Aussto\u00dfes unseres Hotels und der anreisenden G\u00e4ste haben wir 40.000 m\u00b2 Wald auf dem Balkan gepachtet, der von uns in seinem urspr\u00fcnglichen Zustand gelassen und gepflegt wird.<\/p><h3>Lebensmittel:<\/h3><p>In Casa Le\u00f3n Royal Retreat werden bei der Zubereitung der Gerichte haupts\u00e4chlich saisonale und Km. 0-Produkte und sogar Bio-Lebensmittel verwendet.<\/p><p>Abgesehen davon, dass man geschmackvollere Lebensmittel und Gerichte erh\u00e4lt, kommt diese Philosophie den kleinen lokalen Produzenten zugute, was sich positiv auf die Verbesserung der lokalen Wirtschaft auswirkt.<\/p><p>Gleichzeitig hilft es bei der Verringerung des CO2 Aussto\u00dfes in die Atmosph\u00e4re, wenn der Lebensmitteltransport auf ein Mindestma\u00df reduziert ist.<\/p><p>Wir haben unseren eigenen kleinen Kr\u00e4utergarten, Zitronen- und Orangeb\u00e4ume.<\/p>\t\t\t\t\t\t\t\t<\/div>\n\t\t\t\t\t<\/div>\n\t\t<\/div>\n\t\t\t\t\t<\/div>\n\t\t<\/section>\n\t\t\t\t<section class=\"elementor-section elementor-top-section elementor-element elementor-element-9bbb34a elementor-section-height-min-height elementor-section-boxed elementor-section-height-default elementor-section-items-middle\" data-id=\"9bbb34a\" data-element_type=\"section\" data-e-type=\"section\" data-settings=\"{&quot;background_background&quot;:&quot;classic&quot;,&quot;shape_divider_top&quot;:&quot;book&quot;}\">\n\t\t\t\t\t<div class=\"elementor-shape elementor-shape-top\" aria-hidden=\"true\" data-negative=\"false\">\n\t\t\t<svg xmlns=\"http:\/\/www.w3.org\/2000\/svg\" viewBox=\"0 0 1000 100\" preserveAspectRatio=\"none\">\n\t<path class=\"elementor-shape-fill\" d=\"M194,99c186.7,0.7,305-78.3,306-97.2c1,18.9,119.3,97.9,306,97.2c114.3-0.3,194,0.3,194,0.3s0-91.7,0-100c0,0,0,0,0-0 L0,0v99.3C0,99.3,79.7,98.7,194,99z\"\/>\n<\/svg>\t\t<\/div>\n\t\t\t\t\t<div class=\"elementor-container elementor-column-gap-default\">\n\t\t\t\t\t<div class=\"elementor-column elementor-col-100 elementor-top-column elementor-element elementor-element-6ca7fb4\" data-id=\"6ca7fb4\" data-element_type=\"column\" data-e-type=\"column\">\n\t\t\t<div class=\"elementor-widget-wrap\">\n\t\t\t\t\t\t\t<\/div>\n\t\t<\/div>\n\t\t\t\t\t<\/div>\n\t\t<\/section>\n\t\t\t\t<\/div>\n\t\t","protected":false},"excerpt":{"rendered":"<p>Nachhaltigkeit Wir vereinen Nachhaltigkeit und Komfort Das Hauptziel des Casa Le\u00f3n Royal Retreat ist es, den Umweltschutz mit unserer Betriebst\u00e4tigkeit in Einklang zu bringen und so die Beziehung zur Umwelt zu verbessern und eine maximale Kundenzufriedenheit zu erreichen. Aus diesem Grund setzen sich die Unternehmensleitung und alle Mitarbeiter des Unternehmens f\u00fcr die st\u00e4ndige Verbesserung der [&hellip;]<\/p>\n","protected":false},"author":1,"featured_media":0,"parent":0,"menu_order":0,"comment_status":"closed","ping_status":"closed","template":"","meta":{"_acf_changed":false,"footnotes":""},"class_list":["post-537","page","type-page","status-publish","hentry"],"acf":[],"_links":{"self":[{"href":"https:\/\/www.casa-leon.de\/de\/wp-json\/wp\/v2\/pages\/537","targetHints":{"allow":["GET"]}}],"collection":[{"href":"https:\/\/www.casa-leon.de\/de\/wp-json\/wp\/v2\/pages"}],"about":[{"href":"https:\/\/www.casa-leon.de\/de\/wp-json\/wp\/v2\/types\/page"}],"author":[{"embeddable":true,"href":"https:\/\/www.casa-leon.de\/de\/wp-json\/wp\/v2\/users\/1"}],"replies":[{"embeddable":true,"href":"https:\/\/www.casa-leon.de\/de\/wp-json\/wp\/v2\/comments?post=537"}],"version-history":[{"count":49,"href":"https:\/\/www.casa-leon.de\/de\/wp-json\/wp\/v2\/pages\/537\/revisions"}],"predecessor-version":[{"id":4185,"href":"https:\/\/www.casa-leon.de\/de\/wp-json\/wp\/v2\/pages\/537\/revisions\/4185"}],"wp:attachment":[{"href":"https:\/\/www.casa-leon.de\/de\/wp-json\/wp\/v2\/media?parent=537"}],"curies":[{"name":"wp","href":"https:\/\/api.w.org\/{rel}","templated":true}]}}