{"id":573,"date":"2023-03-19T09:50:56","date_gmt":"2023-03-19T08:50:56","guid":{"rendered":"https:\/\/projekt.sandrolindner.de\/casaleon\/?page_id=573"},"modified":"2023-04-04T09:42:32","modified_gmt":"2023-04-04T07:42:32","slug":"agb","status":"publish","type":"page","link":"https:\/\/www.casa-leon.de\/de\/agb\/","title":{"rendered":"AGB"},"content":{"rendered":"\t\t<div data-elementor-type=\"wp-page\" data-elementor-id=\"573\" class=\"elementor elementor-573\" data-elementor-settings=\"{&quot;element_pack_global_tooltip_width&quot;:{&quot;unit&quot;:&quot;px&quot;,&quot;size&quot;:&quot;&quot;,&quot;sizes&quot;:[]},&quot;element_pack_global_tooltip_width_tablet&quot;:{&quot;unit&quot;:&quot;px&quot;,&quot;size&quot;:&quot;&quot;,&quot;sizes&quot;:[]},&quot;element_pack_global_tooltip_width_mobile&quot;:{&quot;unit&quot;:&quot;px&quot;,&quot;size&quot;:&quot;&quot;,&quot;sizes&quot;:[]},&quot;element_pack_global_tooltip_padding&quot;:{&quot;unit&quot;:&quot;px&quot;,&quot;top&quot;:&quot;&quot;,&quot;right&quot;:&quot;&quot;,&quot;bottom&quot;:&quot;&quot;,&quot;left&quot;:&quot;&quot;,&quot;isLinked&quot;:true},&quot;element_pack_global_tooltip_padding_tablet&quot;:{&quot;unit&quot;:&quot;px&quot;,&quot;top&quot;:&quot;&quot;,&quot;right&quot;:&quot;&quot;,&quot;bottom&quot;:&quot;&quot;,&quot;left&quot;:&quot;&quot;,&quot;isLinked&quot;:true},&quot;element_pack_global_tooltip_padding_mobile&quot;:{&quot;unit&quot;:&quot;px&quot;,&quot;top&quot;:&quot;&quot;,&quot;right&quot;:&quot;&quot;,&quot;bottom&quot;:&quot;&quot;,&quot;left&quot;:&quot;&quot;,&quot;isLinked&quot;:true},&quot;element_pack_global_tooltip_border_radius&quot;:{&quot;unit&quot;:&quot;px&quot;,&quot;top&quot;:&quot;&quot;,&quot;right&quot;:&quot;&quot;,&quot;bottom&quot;:&quot;&quot;,&quot;left&quot;:&quot;&quot;,&quot;isLinked&quot;:true},&quot;element_pack_global_tooltip_border_radius_tablet&quot;:{&quot;unit&quot;:&quot;px&quot;,&quot;top&quot;:&quot;&quot;,&quot;right&quot;:&quot;&quot;,&quot;bottom&quot;:&quot;&quot;,&quot;left&quot;:&quot;&quot;,&quot;isLinked&quot;:true},&quot;element_pack_global_tooltip_border_radius_mobile&quot;:{&quot;unit&quot;:&quot;px&quot;,&quot;top&quot;:&quot;&quot;,&quot;right&quot;:&quot;&quot;,&quot;bottom&quot;:&quot;&quot;,&quot;left&quot;:&quot;&quot;,&quot;isLinked&quot;:true}}\" data-elementor-post-type=\"page\">\n\t\t\t\t\t\t<section class=\"elementor-section elementor-top-section elementor-element elementor-element-a1fe0c1 elementor-section-height-min-height elementor-section-boxed elementor-section-height-default elementor-section-items-middle\" data-id=\"a1fe0c1\" data-element_type=\"section\" data-e-type=\"section\" data-settings=\"{&quot;background_background&quot;:&quot;classic&quot;,&quot;shape_divider_bottom&quot;:&quot;book&quot;}\">\n\t\t\t\t\t\t\t<div class=\"elementor-background-overlay\"><\/div>\n\t\t\t\t\t\t<div class=\"elementor-shape elementor-shape-bottom\" aria-hidden=\"true\" data-negative=\"false\">\n\t\t\t<svg xmlns=\"http:\/\/www.w3.org\/2000\/svg\" viewBox=\"0 0 1000 100\" preserveAspectRatio=\"none\">\n\t<path class=\"elementor-shape-fill\" d=\"M194,99c186.7,0.7,305-78.3,306-97.2c1,18.9,119.3,97.9,306,97.2c114.3-0.3,194,0.3,194,0.3s0-91.7,0-100c0,0,0,0,0-0 L0,0v99.3C0,99.3,79.7,98.7,194,99z\"\/>\n<\/svg>\t\t<\/div>\n\t\t\t\t\t<div class=\"elementor-container elementor-column-gap-default\">\n\t\t\t\t\t<div class=\"elementor-column elementor-col-100 elementor-top-column elementor-element elementor-element-b3ea78a\" data-id=\"b3ea78a\" data-element_type=\"column\" data-e-type=\"column\" data-settings=\"{&quot;background_background&quot;:&quot;classic&quot;}\">\n\t\t\t<div class=\"elementor-widget-wrap elementor-element-populated\">\n\t\t\t\t\t\t<div class=\"elementor-element elementor-element-e4f01f8 elementor-widget elementor-widget-heading\" data-id=\"e4f01f8\" data-element_type=\"widget\" data-e-type=\"widget\" data-widget_type=\"heading.default\">\n\t\t\t\t\t<h1 class=\"elementor-heading-title elementor-size-default\">AGB<\/h1>\t\t\t\t<\/div>\n\t\t\t\t\t<\/div>\n\t\t<\/div>\n\t\t\t\t\t<\/div>\n\t\t<\/section>\n\t\t\t\t<section class=\"elementor-section elementor-top-section elementor-element elementor-element-7f2981c elementor-section-boxed elementor-section-height-default elementor-section-height-default\" data-id=\"7f2981c\" data-element_type=\"section\" data-e-type=\"section\">\n\t\t\t\t\t\t<div class=\"elementor-container elementor-column-gap-default\">\n\t\t\t\t\t<div class=\"elementor-column elementor-col-100 elementor-top-column elementor-element elementor-element-f8e5c8c\" data-id=\"f8e5c8c\" data-element_type=\"column\" data-e-type=\"column\">\n\t\t\t<div class=\"elementor-widget-wrap elementor-element-populated\">\n\t\t\t\t\t\t<div class=\"elementor-element elementor-element-5e24652 elementor-widget elementor-widget-text-editor\" data-id=\"5e24652\" data-element_type=\"widget\" data-e-type=\"widget\" data-widget_type=\"text-editor.default\">\n\t\t\t\t\t\t\t\t\t<p><strong>Liebe G\u00e4ste,<\/strong> <br \/>wir werden uns alle M\u00fche geben, Ihnen den Aufenthalt im Casa Le\u00f3n Royal Retreat so angenehm wie m\u00f6glich zu machen. Dazu geh\u00f6rt auch, dass Sie genau wissen, welche Leistungen wir erbringen, wof\u00fcr wir einstehen und welche Verbindlichkeiten Sie uns gegen\u00fcber haben. Beachten Sie daher die folgenden allgemeinen Gesch\u00e4ftsbedingungen, die das Vertragsverh\u00e4ltnis zwischen Ihnen und uns regeln und die Sie mit Ihrer Buchung anerkennen. <\/p><p><strong>1. Abschluss des Vertrages<\/strong><\/p><p>Der Vertrag ist abgeschlossen, sobald das\/die Zimmer bestellt und zugesagt, oder falls eine Zusage aus Zeitgr\u00fcnden nicht mehr m\u00f6glich ist, bereit gestellt wird\/werden. Mehrere Besteller haften als Auftraggeber f\u00fcr alle Verpflichtungen aus diesem Vertrag gesamtschuldnerisch. Gruppen- und Reiseveranstalter haben die genaue Teilnehmerliste bis drei Wochen vor Ankunft zur Verf\u00fcgung zu stellen. <\/p><p><strong>2. An- und Abreise<\/strong><\/p><p>Ohne anders lautende schriftliche Abmachung ist der Zimmerbezug nicht vor 15:00 Uhr des Anreisetages m\u00f6glich und hat die Zimmerr\u00fcckgabe bis 11:00 Uhr des Abreisetages zu erfolgen. Der Gast wird gebeten, bei einer vorgesehenen Abreise nach 11:00 Uhr dem Empfang dies sp\u00e4testens bis 19:00 Uhr am Vortag der Abreise mitzuteilen. <\/p><p><strong>3. Leistungen und Preise<\/strong><\/p><p>Die vertraglichen Leistungen ergeben sich aus den Angaben in der Reservierungsbest\u00e4tigung. Die vereinbarten Preise sind Inklusivpreise. Eine Erh\u00f6hung der MWSt. nach Vertragsschlu\u00df geht zu Lasten des Auftraggebers. Alle Preisauszeichnungen gelten in Euro. <br \/>Der Beherberger kann dem Gast eine ad\u00e4quate Ersatzunterkunft zur Verf\u00fcgung stellen, wenn dies dem Gast zumutbar ist, besonders weil die Abweichung geringf\u00fcgig und sachlich gerechtfertigt ist. Eine sachliche Rechtfertigung ist beispielsweise dann gegeben, wenn der Raum (die R\u00e4ume) unbenutzbar geworden sind, bereits einquartierte G\u00e4ste ihren Aufenthalt verl\u00e4ngern oder sonstige wichtige betriebliche Ma\u00dfnahmen diesen Schritt bedingen. <br \/>F\u00fcr bestellte, aber nicht in Anspruch genommene Leistungen hat der Gast keinen Ersatzanspruch. <\/p><p><strong>4. Zahlungen<\/strong><\/p><p>F\u00fcr die Reservierung kann das Casa Le\u00f3n Royal Retreat eine Vorauszahlung verlangen. Geht diese Vorauszahlung nicht innerhalb der kommunizierten Zahlungsfrist auf dem Konto des Casa Le\u00f3n Royal Retreat ein, so ist dieser zum Vertragsr\u00fccktritt berechtigt. Der R\u00fccktritt muss unverz\u00fcglich mitgeteilt werden. Wenn zwischen den Partnern nichts Anderes schriftlich vereinbart worden ist, erfolgt die Bezahlung in Bar oder per EC- oder Kreditkarte, sp\u00e4testens bei der Anreise. Sofern eine Vereinbarung \u00fcber Bezahlung gegen Rechnung getroffen wurde, hat der Besteller die Rechnung sp\u00e4testens 10 Tage vom Rechnungsdatum an zu begleichen. Der Beherberger ist nicht verpflichtet, bargeldlose Zahlungsmittel wie Schecks oder Voucher anzunehmen. <\/p><p><strong>5. Stornierung<\/strong><\/p><p>Je nach Art der Buchung enth\u00e4lt der Vertrag zwischen beiden Parteien die anzuwendenden Stornobedingungen. <\/p><p><strong>6. Haftung<\/strong><\/p><p>Der Vertragspartner des Hotels bzw. der Gast als solcher oder als Gastgeber haftet dem Casa Le\u00f3n Royal Retreat in vollem Umfang f\u00fcr durch sie selbst oder ihre G\u00e4ste verursachten Sch\u00e4den. Eine vom Vertrag abweichende Nutzung der \u00fcberlassenen R\u00e4ume berechtigt das Hotel zur fristlosen K\u00fcndigung des Vertrages. Hierdurch wird der Anspruch auf das vereinbarte Entgelt nicht gemindert. <br \/>Das Casa Le\u00f3n Royal Retreat beh\u00e4lt sich vor, von dem Vertrag zur\u00fcckzutreten, wenn die Erbringung der Leistung durch h\u00f6here Gewalt oder Arbeitskampfma\u00dfnahmen unm\u00f6glich geworden ist, ohne dass hieraus Schadenersatzanspr\u00fcche hergeleitet werden k\u00f6nnen. Die Haftung ist ausgeschlossen, wenn das Zimmer oder die Beh\u00e4ltnisse, aus denen Gegenst\u00e4nde entwendet wurden, unverschlossen waren oder nicht im Tresor aufbewahrt waren. F\u00fcr Wertgegenst\u00e4nde wird eine Haftung nur \u00fcbernommen, wenn diese gegen Quittung am Empfang hinterlegt werden. Geld ist ebenfalls gegen Quittung am Empfang zu hinterlegen. <br \/>Das Casa Le\u00f3n Royal Retreat haftet f\u00fcr die Richtigkeit der Leistungsbeschreibung in Prospekten sowie f\u00fcr die ordnungsgem\u00e4\u00dfe Erbringung der vertraglich vereinbarten Leistungen. Wichtig: F\u00fcr hochwertige Garderobe oder Wertgegenst\u00e4nde kann nur dann Haftung \u00fcbernommen werden, wenn das Personal beim Ablegen der Garderobe bzw. beim Ablegen der Wertgegenst\u00e4nde auf den besonderen Wert aufmerksam gemacht wurde. <\/p><p><strong>7. Schlussbestimmungen<\/strong><\/p><p>Im kaufm\u00e4nnischen Verkehr ist der Gerichtsstand Sitz des Hotels. M\u00fcndliche Abreden werden erst wirksam, wenn das Casa Le\u00f3n Royal Retreat diese schriftlich best\u00e4tigt hat. Sollten einzelne Bestimmungen dieser allgemeinen Gesch\u00e4ftsbedingungen unwirksam sein, so ber\u00fchrt dies die G\u00fcltigkeit der anderen Bestimmungen nicht. <\/p><p><strong>Casa Le\u00f3n Villa y Restaurante S.L.<\/strong> <br \/>Calle Mozart No. 3 <br \/>ES-35109 Monte Le\u00f3n <br \/>C.I.F.: B-76014605<\/p>\t\t\t\t\t\t\t\t<\/div>\n\t\t\t\t\t<\/div>\n\t\t<\/div>\n\t\t\t\t\t<\/div>\n\t\t<\/section>\n\t\t\t\t<\/div>\n\t\t","protected":false},"excerpt":{"rendered":"<p>AGB Liebe G\u00e4ste, wir werden uns alle M\u00fche geben, Ihnen den Aufenthalt im Casa Le\u00f3n Royal Retreat so angenehm wie m\u00f6glich zu machen. Dazu geh\u00f6rt auch, dass Sie genau wissen, welche Leistungen wir erbringen, wof\u00fcr wir einstehen und welche Verbindlichkeiten Sie uns gegen\u00fcber haben. Beachten Sie daher die folgenden allgemeinen Gesch\u00e4ftsbedingungen, die das Vertragsverh\u00e4ltnis zwischen [&hellip;]<\/p>\n","protected":false},"author":1,"featured_media":0,"parent":0,"menu_order":0,"comment_status":"closed","ping_status":"closed","template":"","meta":{"_acf_changed":false,"footnotes":""},"class_list":["post-573","page","type-page","status-publish","hentry"],"acf":[],"_links":{"self":[{"href":"https:\/\/www.casa-leon.de\/de\/wp-json\/wp\/v2\/pages\/573","targetHints":{"allow":["GET"]}}],"collection":[{"href":"https:\/\/www.casa-leon.de\/de\/wp-json\/wp\/v2\/pages"}],"about":[{"href":"https:\/\/www.casa-leon.de\/de\/wp-json\/wp\/v2\/types\/page"}],"author":[{"embeddable":true,"href":"https:\/\/www.casa-leon.de\/de\/wp-json\/wp\/v2\/users\/1"}],"replies":[{"embeddable":true,"href":"https:\/\/www.casa-leon.de\/de\/wp-json\/wp\/v2\/comments?post=573"}],"version-history":[{"count":10,"href":"https:\/\/www.casa-leon.de\/de\/wp-json\/wp\/v2\/pages\/573\/revisions"}],"predecessor-version":[{"id":3033,"href":"https:\/\/www.casa-leon.de\/de\/wp-json\/wp\/v2\/pages\/573\/revisions\/3033"}],"wp:attachment":[{"href":"https:\/\/www.casa-leon.de\/de\/wp-json\/wp\/v2\/media?parent=573"}],"curies":[{"name":"wp","href":"https:\/\/api.w.org\/{rel}","templated":true}]}}