{"id":4923,"date":"2023-03-19T09:54:24","date_gmt":"2023-03-19T08:54:24","guid":{"rendered":"https:\/\/www.casa-leon.de\/protection-des-donnees\/"},"modified":"2023-07-03T09:19:44","modified_gmt":"2023-07-03T07:19:44","slug":"protection-des-donnees","status":"publish","type":"page","link":"https:\/\/www.casa-leon.de\/fr\/protection-des-donnees\/","title":{"rendered":"Protection des donn\u00e9es"},"content":{"rendered":"\t\t<div data-elementor-type=\"wp-page\" data-elementor-id=\"4923\" class=\"elementor elementor-4923 elementor-578\" data-elementor-settings=\"{&quot;element_pack_global_tooltip_width&quot;:{&quot;unit&quot;:&quot;px&quot;,&quot;size&quot;:&quot;&quot;,&quot;sizes&quot;:[]},&quot;element_pack_global_tooltip_width_tablet&quot;:{&quot;unit&quot;:&quot;px&quot;,&quot;size&quot;:&quot;&quot;,&quot;sizes&quot;:[]},&quot;element_pack_global_tooltip_width_mobile&quot;:{&quot;unit&quot;:&quot;px&quot;,&quot;size&quot;:&quot;&quot;,&quot;sizes&quot;:[]},&quot;element_pack_global_tooltip_padding&quot;:{&quot;unit&quot;:&quot;px&quot;,&quot;top&quot;:&quot;&quot;,&quot;right&quot;:&quot;&quot;,&quot;bottom&quot;:&quot;&quot;,&quot;left&quot;:&quot;&quot;,&quot;isLinked&quot;:true},&quot;element_pack_global_tooltip_padding_tablet&quot;:{&quot;unit&quot;:&quot;px&quot;,&quot;top&quot;:&quot;&quot;,&quot;right&quot;:&quot;&quot;,&quot;bottom&quot;:&quot;&quot;,&quot;left&quot;:&quot;&quot;,&quot;isLinked&quot;:true},&quot;element_pack_global_tooltip_padding_mobile&quot;:{&quot;unit&quot;:&quot;px&quot;,&quot;top&quot;:&quot;&quot;,&quot;right&quot;:&quot;&quot;,&quot;bottom&quot;:&quot;&quot;,&quot;left&quot;:&quot;&quot;,&quot;isLinked&quot;:true},&quot;element_pack_global_tooltip_border_radius&quot;:{&quot;unit&quot;:&quot;px&quot;,&quot;top&quot;:&quot;&quot;,&quot;right&quot;:&quot;&quot;,&quot;bottom&quot;:&quot;&quot;,&quot;left&quot;:&quot;&quot;,&quot;isLinked&quot;:true},&quot;element_pack_global_tooltip_border_radius_tablet&quot;:{&quot;unit&quot;:&quot;px&quot;,&quot;top&quot;:&quot;&quot;,&quot;right&quot;:&quot;&quot;,&quot;bottom&quot;:&quot;&quot;,&quot;left&quot;:&quot;&quot;,&quot;isLinked&quot;:true},&quot;element_pack_global_tooltip_border_radius_mobile&quot;:{&quot;unit&quot;:&quot;px&quot;,&quot;top&quot;:&quot;&quot;,&quot;right&quot;:&quot;&quot;,&quot;bottom&quot;:&quot;&quot;,&quot;left&quot;:&quot;&quot;,&quot;isLinked&quot;:true}}\" data-elementor-post-type=\"page\">\n\t\t\t\t\t\t<section class=\"elementor-section elementor-top-section elementor-element elementor-element-a1fe0c1 elementor-section-height-min-height elementor-section-boxed elementor-section-height-default elementor-section-items-middle\" data-id=\"a1fe0c1\" data-element_type=\"section\" data-e-type=\"section\" data-settings=\"{&quot;background_background&quot;:&quot;classic&quot;,&quot;shape_divider_bottom&quot;:&quot;book&quot;}\">\n\t\t\t\t\t\t\t<div class=\"elementor-background-overlay\"><\/div>\n\t\t\t\t\t\t<div class=\"elementor-shape elementor-shape-bottom\" aria-hidden=\"true\" data-negative=\"false\">\n\t\t\t<svg xmlns=\"http:\/\/www.w3.org\/2000\/svg\" viewBox=\"0 0 1000 100\" preserveAspectRatio=\"none\">\n\t<path class=\"elementor-shape-fill\" d=\"M194,99c186.7,0.7,305-78.3,306-97.2c1,18.9,119.3,97.9,306,97.2c114.3-0.3,194,0.3,194,0.3s0-91.7,0-100c0,0,0,0,0-0 L0,0v99.3C0,99.3,79.7,98.7,194,99z\"\/>\n<\/svg>\t\t<\/div>\n\t\t\t\t\t<div class=\"elementor-container elementor-column-gap-default\">\n\t\t\t\t\t<div class=\"elementor-column elementor-col-100 elementor-top-column elementor-element elementor-element-b3ea78a\" data-id=\"b3ea78a\" data-element_type=\"column\" data-e-type=\"column\" data-settings=\"{&quot;background_background&quot;:&quot;classic&quot;}\">\n\t\t\t<div class=\"elementor-widget-wrap elementor-element-populated\">\n\t\t\t\t\t\t<div class=\"elementor-element elementor-element-e4f01f8 elementor-widget elementor-widget-heading\" data-id=\"e4f01f8\" data-element_type=\"widget\" data-e-type=\"widget\" data-widget_type=\"heading.default\">\n\t\t\t\t\t<h1 class=\"elementor-heading-title elementor-size-default\">Protection des donn\u00e9es<\/h1>\t\t\t\t<\/div>\n\t\t\t\t\t<\/div>\n\t\t<\/div>\n\t\t\t\t\t<\/div>\n\t\t<\/section>\n\t\t\t\t<section class=\"elementor-section elementor-top-section elementor-element elementor-element-7f2981c elementor-section-boxed elementor-section-height-default elementor-section-height-default\" data-id=\"7f2981c\" data-element_type=\"section\" data-e-type=\"section\">\n\t\t\t\t\t\t<div class=\"elementor-container elementor-column-gap-default\">\n\t\t\t\t\t<div class=\"elementor-column elementor-col-100 elementor-top-column elementor-element elementor-element-f8e5c8c\" data-id=\"f8e5c8c\" data-element_type=\"column\" data-e-type=\"column\">\n\t\t\t<div class=\"elementor-widget-wrap elementor-element-populated\">\n\t\t\t\t\t\t<div class=\"elementor-element elementor-element-5e24652 elementor-widget elementor-widget-text-editor\" data-id=\"5e24652\" data-element_type=\"widget\" data-e-type=\"widget\" data-widget_type=\"text-editor.default\">\n\t\t\t\t\t\t\t\t\t<div class=\"subtitle\">\n<p><strong><span class=\"subtitle_gold_lower\">D\u00e9claration de confidentialit\u00e9<\/span><\/strong> <br \/>Nous collectons, utilisons et enregistrons vos donn\u00e9es personnelles exclusivement dans le cadre des dispositions de la loi f\u00e9d\u00e9rale sur la protection des donn\u00e9es de la R\u00e9publique f\u00e9d\u00e9rale d&#8217;Allemagne. Nous vous informons ci-apr\u00e8s de la nature, de l&#8217;\u00e9tendue et de la finalit\u00e9 de la collecte et de l&#8217;utilisation des donn\u00e9es.<\/p>\n<p><strong>1) Collecte et traitement des donn\u00e9es<\/strong> <br \/>Ce site web utilise Google Analytics, un service d&#8217;analyse web de Google Inc. (&#8220;Google&#8221;). Google Analytics utilise des &#8220;cookies&#8221;, des fichiers texte qui sont enregistr\u00e9s sur votre ordinateur et qui permettent d&#8217;analyser votre utilisation du site web. Les informations g\u00e9n\u00e9r\u00e9es par le cookie concernant votre utilisation de ce site web sont g\u00e9n\u00e9ralement transmises \u00e0 un serveur de Google aux \u00c9tats-Unis et y sont enregistr\u00e9es. Si l&#8217;anonymisation IP est activ\u00e9e sur ce site, votre adresse IP sera toutefois pr\u00e9alablement abr\u00e9g\u00e9e par Google dans les \u00c9tats membres de l&#8217;Union europ\u00e9enne ou dans d&#8217;autres \u00c9tats parties \u00e0 l&#8217;accord sur l&#8217;Espace \u00e9conomique europ\u00e9en. Ce n&#8217;est que dans des cas exceptionnels que l&#8217;adresse IP compl\u00e8te est transmise \u00e0 un serveur de Google aux \u00c9tats-Unis et y est raccourcie. Google utilisera ces informations pour le compte de l&#8217;exploitant de ce site web afin d&#8217;\u00e9valuer votre utilisation du site web, de compiler des rapports sur les activit\u00e9s du site web et de fournir \u00e0 l&#8217;exploitant du site web d&#8217;autres services li\u00e9s \u00e0 l&#8217;utilisation du site web et d&#8217;Internet. L&#8217;adresse IP transmise par votre navigateur dans le cadre de Google Analytics n&#8217;est pas recoup\u00e9e avec d&#8217;autres donn\u00e9es de Google. Vous pouvez emp\u00eacher l&#8217;enregistrement des cookies en param\u00e9trant votre logiciel de navigation en cons\u00e9quence ; nous attirons toutefois votre attention sur le fait que, dans ce cas, vous ne pourrez peut-\u00eatre pas utiliser toutes les fonctions de ce site web dans leur int\u00e9gralit\u00e9. Vous pouvez en outre emp\u00eacher la saisie par Google des donn\u00e9es g\u00e9n\u00e9r\u00e9es par le cookie et se rapportant \u00e0 votre utilisation du site web (y compris votre adresse IP) ainsi que le traitement de ces donn\u00e9es par Google en t\u00e9l\u00e9chargeant et en installant le plug-in de navigateur disponible sous le lien suivant. <a class=\"externer-link\" href=\"https:\/\/tools.google.com\/dlpage\/gaoptout?hl=de%EF%BB%BF\" target=\"_blank\" rel=\"noopener\">https:\/\/tools.google.com\/dlpage\/gaoptout?hl=de<\/a><\/p>\n<p><strong>2) Utilisation et communication des donn\u00e9es \u00e0 caract\u00e8re personnel<\/strong> <br \/>Donn\u00e9es Dans la mesure o\u00f9 l&#8217;utilisateur de notre site web met \u00e0 disposition des donn\u00e9es personnelles, nous les utilisons pour r\u00e9pondre aux demandes, pour g\u00e9rer le fichier des membres, pour communiquer des informations sur le club et pour l&#8217;administration technique. Nous ne transmettons les donn\u00e9es personnelles \u00e0 des tiers que si l&#8217;utilisateur du site ou le membre du club y a consenti au pr\u00e9alable.<\/p>\n<p>Les donn\u00e9es personnelles enregistr\u00e9es sont supprim\u00e9es lorsque l&#8217;utilisateur du site web ou le membre du club r\u00e9voque son consentement \u00e0 l&#8217;enregistrement, lorsque leur connaissance n&#8217;est plus n\u00e9cessaire \u00e0 la r\u00e9alisation de l&#8217;objectif poursuivi par l&#8217;enregistrement ou lorsque leur enregistrement n&#8217;est pas autoris\u00e9 pour d&#8217;autres raisons. Les donn\u00e9es relatives \u00e0 la facturation et aux besoins comptables ne sont pas affect\u00e9es par une demande de suppression.<\/p>\n<p>Si les informations relatives \u00e0 la protection des donn\u00e9es devaient \u00eatre modifi\u00e9es, le visiteur du site web en serait inform\u00e9 \u00e0 un endroit appropri\u00e9.<\/p>\n<p><strong>3) Droit d&#8217;acc\u00e8s<\/strong> <br \/>Sur demande \u00e9crite, nous informons l&#8217;utilisateur du site web ou le membre du club des donn\u00e9es enregistr\u00e9es \u00e0 son sujet. La demande doit \u00eatre adress\u00e9e \u00e0 notre adresse indiqu\u00e9e dans les mentions l\u00e9gales du site.<\/p>\n<p><strong> Inscription au registre du commerce du tribunal d&#8217;instance d&#8217;Ulm<\/strong> <br \/> HRB 729625<\/p>\n<p><strong>Avis de responsabilit\u00e9<\/strong> <br \/>Malgr\u00e9 un contr\u00f4le minutieux du contenu, nous n&#8217;assumons aucune responsabilit\u00e9 pour le contenu des liens externes. Les exploitants de ces sites sont seuls responsables de leur contenu.<\/p>\n<p><strong>4) R\u00e9vocation des consentements<\/strong> <br \/>Dans la mesure o\u00f9 le visiteur du site web ou le membre du club a consenti \u00e0 un certain type d&#8217;utilisation des donn\u00e9es, le consentement donn\u00e9 peut \u00eatre r\u00e9voqu\u00e9 \u00e0 tout moment.<\/p>\n<p>En visitant notre site web, vous consentez \u00e0 ce que CASA LE\u00d3N Villa y Restaurante S.L. Calle Mozart No. 3 35109 Maspalomas &#8211; Monte Le\u00f3n collecte, traite et utilise vos donn\u00e9es personnelles conform\u00e9ment aux lois sur la protection des donn\u00e9es et aux dispositions ci-dessus.<\/p>\n<\/div>\n\t\t\t\t\t\t\t\t<\/div>\n\t\t\t\t\t<\/div>\n\t\t<\/div>\n\t\t\t\t\t<\/div>\n\t\t<\/section>\n\t\t\t\t<\/div>\n\t\t","protected":false},"excerpt":{"rendered":"<p>Protection des donn\u00e9es D\u00e9claration de confidentialit\u00e9 Nous collectons, utilisons et enregistrons vos donn\u00e9es personnelles exclusivement dans le cadre des dispositions de la loi f\u00e9d\u00e9rale sur la protection des donn\u00e9es de la R\u00e9publique f\u00e9d\u00e9rale d&#8217;Allemagne. Nous vous informons ci-apr\u00e8s de la nature, de l&#8217;\u00e9tendue et de la finalit\u00e9 de la collecte et de l&#8217;utilisation des donn\u00e9es. [&hellip;]<\/p>\n","protected":false},"author":1,"featured_media":0,"parent":0,"menu_order":0,"comment_status":"closed","ping_status":"closed","template":"","meta":{"_acf_changed":false,"footnotes":""},"class_list":["post-4923","page","type-page","status-publish","hentry"],"acf":[],"_links":{"self":[{"href":"https:\/\/www.casa-leon.de\/fr\/wp-json\/wp\/v2\/pages\/4923","targetHints":{"allow":["GET"]}}],"collection":[{"href":"https:\/\/www.casa-leon.de\/fr\/wp-json\/wp\/v2\/pages"}],"about":[{"href":"https:\/\/www.casa-leon.de\/fr\/wp-json\/wp\/v2\/types\/page"}],"author":[{"embeddable":true,"href":"https:\/\/www.casa-leon.de\/fr\/wp-json\/wp\/v2\/users\/1"}],"replies":[{"embeddable":true,"href":"https:\/\/www.casa-leon.de\/fr\/wp-json\/wp\/v2\/comments?post=4923"}],"version-history":[{"count":1,"href":"https:\/\/www.casa-leon.de\/fr\/wp-json\/wp\/v2\/pages\/4923\/revisions"}],"predecessor-version":[{"id":4924,"href":"https:\/\/www.casa-leon.de\/fr\/wp-json\/wp\/v2\/pages\/4923\/revisions\/4924"}],"wp:attachment":[{"href":"https:\/\/www.casa-leon.de\/fr\/wp-json\/wp\/v2\/media?parent=4923"}],"curies":[{"name":"wp","href":"https:\/\/api.w.org\/{rel}","templated":true}]}}