{"id":4935,"date":"2023-03-19T07:59:31","date_gmt":"2023-03-19T06:59:31","guid":{"rendered":"https:\/\/www.casa-leon.de\/mentions-legales\/"},"modified":"2023-07-03T09:26:13","modified_gmt":"2023-07-03T07:26:13","slug":"mentions-legales","status":"publish","type":"page","link":"https:\/\/www.casa-leon.de\/fr\/mentions-legales\/","title":{"rendered":"Mentions l\u00e9gales"},"content":{"rendered":"\t\t<div data-elementor-type=\"wp-page\" data-elementor-id=\"4935\" class=\"elementor elementor-4935 elementor-451\" data-elementor-settings=\"{&quot;element_pack_global_tooltip_width&quot;:{&quot;unit&quot;:&quot;px&quot;,&quot;size&quot;:&quot;&quot;,&quot;sizes&quot;:[]},&quot;element_pack_global_tooltip_width_tablet&quot;:{&quot;unit&quot;:&quot;px&quot;,&quot;size&quot;:&quot;&quot;,&quot;sizes&quot;:[]},&quot;element_pack_global_tooltip_width_mobile&quot;:{&quot;unit&quot;:&quot;px&quot;,&quot;size&quot;:&quot;&quot;,&quot;sizes&quot;:[]},&quot;element_pack_global_tooltip_padding&quot;:{&quot;unit&quot;:&quot;px&quot;,&quot;top&quot;:&quot;&quot;,&quot;right&quot;:&quot;&quot;,&quot;bottom&quot;:&quot;&quot;,&quot;left&quot;:&quot;&quot;,&quot;isLinked&quot;:true},&quot;element_pack_global_tooltip_padding_tablet&quot;:{&quot;unit&quot;:&quot;px&quot;,&quot;top&quot;:&quot;&quot;,&quot;right&quot;:&quot;&quot;,&quot;bottom&quot;:&quot;&quot;,&quot;left&quot;:&quot;&quot;,&quot;isLinked&quot;:true},&quot;element_pack_global_tooltip_padding_mobile&quot;:{&quot;unit&quot;:&quot;px&quot;,&quot;top&quot;:&quot;&quot;,&quot;right&quot;:&quot;&quot;,&quot;bottom&quot;:&quot;&quot;,&quot;left&quot;:&quot;&quot;,&quot;isLinked&quot;:true},&quot;element_pack_global_tooltip_border_radius&quot;:{&quot;unit&quot;:&quot;px&quot;,&quot;top&quot;:&quot;&quot;,&quot;right&quot;:&quot;&quot;,&quot;bottom&quot;:&quot;&quot;,&quot;left&quot;:&quot;&quot;,&quot;isLinked&quot;:true},&quot;element_pack_global_tooltip_border_radius_tablet&quot;:{&quot;unit&quot;:&quot;px&quot;,&quot;top&quot;:&quot;&quot;,&quot;right&quot;:&quot;&quot;,&quot;bottom&quot;:&quot;&quot;,&quot;left&quot;:&quot;&quot;,&quot;isLinked&quot;:true},&quot;element_pack_global_tooltip_border_radius_mobile&quot;:{&quot;unit&quot;:&quot;px&quot;,&quot;top&quot;:&quot;&quot;,&quot;right&quot;:&quot;&quot;,&quot;bottom&quot;:&quot;&quot;,&quot;left&quot;:&quot;&quot;,&quot;isLinked&quot;:true}}\" data-elementor-post-type=\"page\">\n\t\t\t\t\t\t<section class=\"elementor-section elementor-top-section elementor-element elementor-element-a1fe0c1 elementor-section-height-min-height elementor-section-boxed elementor-section-height-default elementor-section-items-middle\" data-id=\"a1fe0c1\" data-element_type=\"section\" data-e-type=\"section\" data-settings=\"{&quot;background_background&quot;:&quot;classic&quot;,&quot;shape_divider_bottom&quot;:&quot;book&quot;}\">\n\t\t\t\t\t\t\t<div class=\"elementor-background-overlay\"><\/div>\n\t\t\t\t\t\t<div class=\"elementor-shape elementor-shape-bottom\" aria-hidden=\"true\" data-negative=\"false\">\n\t\t\t<svg xmlns=\"http:\/\/www.w3.org\/2000\/svg\" viewBox=\"0 0 1000 100\" preserveAspectRatio=\"none\">\n\t<path class=\"elementor-shape-fill\" d=\"M194,99c186.7,0.7,305-78.3,306-97.2c1,18.9,119.3,97.9,306,97.2c114.3-0.3,194,0.3,194,0.3s0-91.7,0-100c0,0,0,0,0-0 L0,0v99.3C0,99.3,79.7,98.7,194,99z\"\/>\n<\/svg>\t\t<\/div>\n\t\t\t\t\t<div class=\"elementor-container elementor-column-gap-default\">\n\t\t\t\t\t<div class=\"elementor-column elementor-col-100 elementor-top-column elementor-element elementor-element-b3ea78a\" data-id=\"b3ea78a\" data-element_type=\"column\" data-e-type=\"column\" data-settings=\"{&quot;background_background&quot;:&quot;classic&quot;}\">\n\t\t\t<div class=\"elementor-widget-wrap elementor-element-populated\">\n\t\t\t\t\t\t<div class=\"elementor-element elementor-element-e4f01f8 elementor-widget elementor-widget-heading\" data-id=\"e4f01f8\" data-element_type=\"widget\" data-e-type=\"widget\" data-widget_type=\"heading.default\">\n\t\t\t\t\t<h1 class=\"elementor-heading-title elementor-size-default\">Mentions l\u00e9gales<\/h1>\t\t\t\t<\/div>\n\t\t\t\t\t<\/div>\n\t\t<\/div>\n\t\t\t\t\t<\/div>\n\t\t<\/section>\n\t\t\t\t<section class=\"elementor-section elementor-top-section elementor-element elementor-element-7f2981c elementor-section-boxed elementor-section-height-default elementor-section-height-default\" data-id=\"7f2981c\" data-element_type=\"section\" data-e-type=\"section\">\n\t\t\t\t\t\t<div class=\"elementor-container elementor-column-gap-default\">\n\t\t\t\t\t<div class=\"elementor-column elementor-col-100 elementor-top-column elementor-element elementor-element-f8e5c8c\" data-id=\"f8e5c8c\" data-element_type=\"column\" data-e-type=\"column\">\n\t\t\t<div class=\"elementor-widget-wrap elementor-element-populated\">\n\t\t\t\t\t\t<div class=\"elementor-element elementor-element-5e24652 elementor-widget elementor-widget-text-editor\" data-id=\"5e24652\" data-element_type=\"widget\" data-e-type=\"widget\" data-widget_type=\"text-editor.default\">\n\t\t\t\t\t\t\t\t\t<p><strong>CASA LE\u00d3N Villa y Restaurante S.L.<br \/><\/strong><\/p>\n<p>Calle Mozart No. 3<br \/>35109 Maspalomas &#8211; Monte Le\u00f3n<br \/>Gran Canaria<br \/>Espagne<\/p>\n<p><strong>Directeur g\u00e9n\u00e9ral<\/strong><br \/>G. Zirojevic<\/p>\n<p>C.I.F.: B-760 14 695<br \/>Tribunal comp\u00e9tent : Las Palmas de Gran Canaria<\/p>\n<p>Tel.: +34 928 797 080<br \/>Hotline pour les r\u00e9servations en Allemagne : +34 928 797 080<\/p>\n<p><strong>Responsable du contenu<\/strong><br \/>G. Zirojevic<\/p>\n<p><strong>Inscription au registre du commerce de Las Palmas de Gran Canaria<\/strong><br \/>GC-41492<\/p>\n<p><strong>Avis de responsabilit\u00e9<\/strong><br \/>Malgr\u00e9 un contr\u00f4le minutieux du contenu, nous n&#8217;assumons aucune responsabilit\u00e9 pour le contenu des liens externes. Les exploitants de ces sites sont seuls responsables de leur contenu.<\/p>\n<p><strong>Conception, webdesign et r\u00e9alisation :<\/strong><\/p>\n<p><a href=\"https:\/\/www.sandrolindner.de\/\" target=\"_blank\" rel=\"noopener noreferrer\">Sandro Lindner &#8211; Bureau de design et de marketing<\/a><\/p>\n\t\t\t\t\t\t\t\t<\/div>\n\t\t\t\t\t<\/div>\n\t\t<\/div>\n\t\t\t\t\t<\/div>\n\t\t<\/section>\n\t\t\t\t<\/div>\n\t\t","protected":false},"excerpt":{"rendered":"<p>Mentions l\u00e9gales CASA LE\u00d3N Villa y Restaurante S.L. Calle Mozart No. 335109 Maspalomas &#8211; Monte Le\u00f3nGran CanariaEspagne Directeur g\u00e9n\u00e9ralG. Zirojevic C.I.F.: B-760 14 695Tribunal comp\u00e9tent : Las Palmas de Gran Canaria Tel.: +34 928 797 080Hotline pour les r\u00e9servations en Allemagne : +34 928 797 080 Responsable du contenuG. Zirojevic Inscription au registre du commerce [&hellip;]<\/p>\n","protected":false},"author":1,"featured_media":0,"parent":0,"menu_order":0,"comment_status":"closed","ping_status":"closed","template":"","meta":{"_acf_changed":false,"footnotes":""},"class_list":["post-4935","page","type-page","status-publish","hentry"],"acf":[],"_links":{"self":[{"href":"https:\/\/www.casa-leon.de\/fr\/wp-json\/wp\/v2\/pages\/4935","targetHints":{"allow":["GET"]}}],"collection":[{"href":"https:\/\/www.casa-leon.de\/fr\/wp-json\/wp\/v2\/pages"}],"about":[{"href":"https:\/\/www.casa-leon.de\/fr\/wp-json\/wp\/v2\/types\/page"}],"author":[{"embeddable":true,"href":"https:\/\/www.casa-leon.de\/fr\/wp-json\/wp\/v2\/users\/1"}],"replies":[{"embeddable":true,"href":"https:\/\/www.casa-leon.de\/fr\/wp-json\/wp\/v2\/comments?post=4935"}],"version-history":[{"count":1,"href":"https:\/\/www.casa-leon.de\/fr\/wp-json\/wp\/v2\/pages\/4935\/revisions"}],"predecessor-version":[{"id":4936,"href":"https:\/\/www.casa-leon.de\/fr\/wp-json\/wp\/v2\/pages\/4935\/revisions\/4936"}],"wp:attachment":[{"href":"https:\/\/www.casa-leon.de\/fr\/wp-json\/wp\/v2\/media?parent=4935"}],"curies":[{"name":"wp","href":"https:\/\/api.w.org\/{rel}","templated":true}]}}