{"id":4955,"date":"2023-03-19T09:25:39","date_gmt":"2023-03-19T08:25:39","guid":{"rendered":"https:\/\/www.casa-leon.de\/durabilite\/"},"modified":"2023-07-03T09:34:26","modified_gmt":"2023-07-03T07:34:26","slug":"durabilite","status":"publish","type":"page","link":"https:\/\/www.casa-leon.de\/fr\/durabilite\/","title":{"rendered":"Durabilit\u00e9"},"content":{"rendered":"\t\t<div data-elementor-type=\"wp-page\" data-elementor-id=\"4955\" class=\"elementor elementor-4955 elementor-537\" data-elementor-settings=\"{&quot;element_pack_global_tooltip_width&quot;:{&quot;unit&quot;:&quot;px&quot;,&quot;size&quot;:&quot;&quot;,&quot;sizes&quot;:[]},&quot;element_pack_global_tooltip_width_tablet&quot;:{&quot;unit&quot;:&quot;px&quot;,&quot;size&quot;:&quot;&quot;,&quot;sizes&quot;:[]},&quot;element_pack_global_tooltip_width_mobile&quot;:{&quot;unit&quot;:&quot;px&quot;,&quot;size&quot;:&quot;&quot;,&quot;sizes&quot;:[]},&quot;element_pack_global_tooltip_padding&quot;:{&quot;unit&quot;:&quot;px&quot;,&quot;top&quot;:&quot;&quot;,&quot;right&quot;:&quot;&quot;,&quot;bottom&quot;:&quot;&quot;,&quot;left&quot;:&quot;&quot;,&quot;isLinked&quot;:true},&quot;element_pack_global_tooltip_padding_tablet&quot;:{&quot;unit&quot;:&quot;px&quot;,&quot;top&quot;:&quot;&quot;,&quot;right&quot;:&quot;&quot;,&quot;bottom&quot;:&quot;&quot;,&quot;left&quot;:&quot;&quot;,&quot;isLinked&quot;:true},&quot;element_pack_global_tooltip_padding_mobile&quot;:{&quot;unit&quot;:&quot;px&quot;,&quot;top&quot;:&quot;&quot;,&quot;right&quot;:&quot;&quot;,&quot;bottom&quot;:&quot;&quot;,&quot;left&quot;:&quot;&quot;,&quot;isLinked&quot;:true},&quot;element_pack_global_tooltip_border_radius&quot;:{&quot;unit&quot;:&quot;px&quot;,&quot;top&quot;:&quot;&quot;,&quot;right&quot;:&quot;&quot;,&quot;bottom&quot;:&quot;&quot;,&quot;left&quot;:&quot;&quot;,&quot;isLinked&quot;:true},&quot;element_pack_global_tooltip_border_radius_tablet&quot;:{&quot;unit&quot;:&quot;px&quot;,&quot;top&quot;:&quot;&quot;,&quot;right&quot;:&quot;&quot;,&quot;bottom&quot;:&quot;&quot;,&quot;left&quot;:&quot;&quot;,&quot;isLinked&quot;:true},&quot;element_pack_global_tooltip_border_radius_mobile&quot;:{&quot;unit&quot;:&quot;px&quot;,&quot;top&quot;:&quot;&quot;,&quot;right&quot;:&quot;&quot;,&quot;bottom&quot;:&quot;&quot;,&quot;left&quot;:&quot;&quot;,&quot;isLinked&quot;:true}}\" data-elementor-post-type=\"page\">\n\t\t\t\t\t\t<section class=\"elementor-section elementor-top-section elementor-element elementor-element-59cfe75 elementor-section-height-min-height elementor-section-boxed elementor-section-height-default elementor-section-items-middle\" data-id=\"59cfe75\" data-element_type=\"section\" data-e-type=\"section\" data-settings=\"{&quot;background_background&quot;:&quot;gradient&quot;,&quot;shape_divider_bottom&quot;:&quot;book&quot;}\">\n\t\t\t\t\t\t\t<div class=\"elementor-background-overlay\"><\/div>\n\t\t\t\t\t\t<div class=\"elementor-shape elementor-shape-bottom\" aria-hidden=\"true\" data-negative=\"false\">\n\t\t\t<svg xmlns=\"http:\/\/www.w3.org\/2000\/svg\" viewBox=\"0 0 1000 100\" preserveAspectRatio=\"none\">\n\t<path class=\"elementor-shape-fill\" d=\"M194,99c186.7,0.7,305-78.3,306-97.2c1,18.9,119.3,97.9,306,97.2c114.3-0.3,194,0.3,194,0.3s0-91.7,0-100c0,0,0,0,0-0 L0,0v99.3C0,99.3,79.7,98.7,194,99z\"\/>\n<\/svg>\t\t<\/div>\n\t\t\t\t\t<div class=\"elementor-container elementor-column-gap-default\">\n\t\t\t\t\t<div class=\"elementor-column elementor-col-100 elementor-top-column elementor-element elementor-element-56a3e80\" data-id=\"56a3e80\" data-element_type=\"column\" data-e-type=\"column\">\n\t\t\t<div class=\"elementor-widget-wrap elementor-element-populated\">\n\t\t\t\t\t\t<div class=\"elementor-element elementor-element-8d511dc elementor-widget elementor-widget-heading\" data-id=\"8d511dc\" data-element_type=\"widget\" data-e-type=\"widget\" data-widget_type=\"heading.default\">\n\t\t\t\t\t<h1 class=\"elementor-heading-title elementor-size-default\">Durabilit\u00e9<\/h1>\t\t\t\t<\/div>\n\t\t\t\t\t<\/div>\n\t\t<\/div>\n\t\t\t\t\t<\/div>\n\t\t<\/section>\n\t\t\t\t<main class=\"elementor-section elementor-top-section elementor-element elementor-element-5847154 elementor-section-content-top elementor-section-boxed elementor-section-height-default elementor-section-height-default\" data-id=\"5847154\" data-element_type=\"section\" data-e-type=\"section\" data-settings=\"{&quot;background_background&quot;:&quot;classic&quot;}\">\n\t\t\t\t\t\t\t<div class=\"elementor-background-overlay\"><\/div>\n\t\t\t\t\t\t\t<div class=\"elementor-container elementor-column-gap-default\">\n\t\t\t\t\t<div class=\"elementor-column elementor-col-50 elementor-top-column elementor-element elementor-element-e47cc90\" data-id=\"e47cc90\" data-element_type=\"column\" data-e-type=\"column\">\n\t\t\t<div class=\"elementor-widget-wrap elementor-element-populated\">\n\t\t\t\t\t\t<div class=\"elementor-element elementor-element-58d27b6 elementor-widget elementor-widget-heading\" data-id=\"58d27b6\" data-element_type=\"widget\" data-e-type=\"widget\" data-widget_type=\"heading.default\">\n\t\t\t\t\t<h2 class=\"elementor-heading-title elementor-size-default\">Nous allions durabilit\u00e9 et confort<\/h2>\t\t\t\t<\/div>\n\t\t\t\t<div class=\"elementor-element elementor-element-33c7207 elementor-widget-divider--view-line elementor-widget elementor-widget-divider\" data-id=\"33c7207\" data-element_type=\"widget\" data-e-type=\"widget\" data-widget_type=\"divider.default\">\n\t\t\t\t\t\t\t<div class=\"elementor-divider\">\n\t\t\t<span class=\"elementor-divider-separator\">\n\t\t\t\t\t\t<\/span>\n\t\t<\/div>\n\t\t\t\t\t\t<\/div>\n\t\t\t\t<div class=\"elementor-element elementor-element-e186381 elementor-widget elementor-widget-image\" data-id=\"e186381\" data-element_type=\"widget\" data-e-type=\"widget\" data-widget_type=\"image.default\">\n\t\t\t\t\t\t\t\t\t\t\t\t\t\t\t\t<a href=\"https:\/\/www.greenpearls.com\/de\/hotels\/casa-leon-royal-retreat\/\" target=\"_blank\">\n\t\t\t\t\t\t\t<img decoding=\"async\" width=\"272\" height=\"55\" src=\"https:\/\/www.casa-leon.de\/wp-content\/uploads\/green-pearls-logo.gif\" class=\"attachment-large size-large wp-image-4820\" alt=\"\" \/>\t\t\t\t\t\t\t\t<\/a>\n\t\t\t\t\t\t\t\t\t\t\t\t\t\t\t<\/div>\n\t\t\t\t\t<\/div>\n\t\t<\/div>\n\t\t\t\t<div class=\"elementor-column elementor-col-50 elementor-top-column elementor-element elementor-element-e392689\" data-id=\"e392689\" data-element_type=\"column\" data-e-type=\"column\">\n\t\t\t<div class=\"elementor-widget-wrap elementor-element-populated\">\n\t\t\t\t\t\t<div class=\"elementor-element elementor-element-812abc4 elementor-widget elementor-widget-text-editor\" data-id=\"812abc4\" data-element_type=\"widget\" data-e-type=\"widget\" data-widget_type=\"text-editor.default\">\n\t\t\t\t\t\t\t\t\t<p>L&#8217;objectif principal de la Casa Le\u00f3n Royal Retreat est d&#8217;harmoniser la protection de l&#8217;environnement avec nos activit\u00e9s d&#8217;entreprise, afin d&#8217;am\u00e9liorer notre relation avec l&#8217;environnement et d&#8217;obtenir une satisfaction maximale de nos clients. C&#8217;est pourquoi la direction et tous les employ\u00e9s de l&#8217;entreprise s&#8217;engagent \u00e0 am\u00e9liorer constamment les performances environnementales des services que nous proposons.<\/p>\n<p>Notre politique de gestion est enti\u00e8rement ax\u00e9e sur l&#8217;environnement et la qualit\u00e9 de nos services ; notre objectif est d&#8217;atteindre un \u00e9tat de d\u00e9veloppement durable.<\/p>\n<p>Afin de nous am\u00e9liorer et de r\u00e9pondre aux exigences internationales en mati\u00e8re de durabilit\u00e9, nous avons rejoint Green Pearls\u00ae Unique Places, la premi\u00e8re source mondiale de donn\u00e9es sur les lieux durables.<\/p>\n<p>C&#8217;est un grand d\u00e9fi pour nous, mais aussi une source de satisfaction pour toute l&#8217;\u00e9quipe.<\/p>\n\t\t\t\t\t\t\t\t<\/div>\n\t\t\t\t\t<\/div>\n\t\t<\/div>\n\t\t\t\t\t<\/div>\n\t\t<\/main>\n\t\t\t\t<section class=\"elementor-section elementor-top-section elementor-element elementor-element-07157e3 elementor-section-boxed elementor-section-height-default elementor-section-height-default\" data-id=\"07157e3\" data-element_type=\"section\" data-e-type=\"section\">\n\t\t\t\t\t\t<div class=\"elementor-container elementor-column-gap-default\">\n\t\t\t\t\t<div class=\"elementor-column elementor-col-100 elementor-top-column elementor-element elementor-element-6f7b52b\" data-id=\"6f7b52b\" data-element_type=\"column\" data-e-type=\"column\">\n\t\t\t<div class=\"elementor-widget-wrap elementor-element-populated\">\n\t\t\t\t\t\t<div class=\"elementor-element elementor-element-cdfa140 elementor-widget elementor-widget-text-editor\" data-id=\"cdfa140\" data-element_type=\"widget\" data-e-type=\"widget\" data-widget_type=\"text-editor.default\">\n\t\t\t\t\t\t\t\t\t<h3><img fetchpriority=\"high\" decoding=\"async\" class=\"alignleft wp-image-4087 size-large\" src=\"https:\/\/www.casa-leon.de\/wp-content\/uploads\/Tal-Bosnien-1024x683.jpg\" alt=\"\" width=\"800\" height=\"534\" srcset=\"https:\/\/www.casa-leon.de\/wp-content\/uploads\/Tal-Bosnien-1024x683.jpg 1024w, https:\/\/www.casa-leon.de\/wp-content\/uploads\/Tal-Bosnien-300x200.jpg 300w, https:\/\/www.casa-leon.de\/wp-content\/uploads\/Tal-Bosnien-768x512.jpg 768w, https:\/\/www.casa-leon.de\/wp-content\/uploads\/Tal-Bosnien-1536x1024.jpg 1536w, https:\/\/www.casa-leon.de\/wp-content\/uploads\/Tal-Bosnien-2048x1365.jpg 2048w, https:\/\/www.casa-leon.de\/wp-content\/uploads\/Tal-Bosnien-600x400.jpg 600w, https:\/\/www.casa-leon.de\/wp-content\/uploads\/Tal-Bosnien.jpg 1900w\" sizes=\"(max-width: 800px) 100vw, 800px\" \/>Compensation des \u00e9missions de CO2 :<\/h3>\n<p>Pour compenser les \u00e9missions de CO2 de notre h\u00f4tel et des clients qui s&#8217;y rendent, nous avons lou\u00e9 40.000 m\u00b2 de for\u00eat dans les Balkans, que nous laissons dans son \u00e9tat d&#8217;origine et que nous entretenons.<\/p>\n<p><img decoding=\"async\" class=\"alignnone wp-image-1678 size-large\" src=\"https:\/\/www.casa-leon.de\/wp-content\/uploads\/casa_leon-grancanaria-haus-0446-1024x583.jpg\" alt=\"\" width=\"800\" height=\"455\" srcset=\"https:\/\/www.casa-leon.de\/wp-content\/uploads\/casa_leon-grancanaria-haus-0446-1024x583.jpg 1024w, https:\/\/www.casa-leon.de\/wp-content\/uploads\/casa_leon-grancanaria-haus-0446-300x171.jpg 300w, https:\/\/www.casa-leon.de\/wp-content\/uploads\/casa_leon-grancanaria-haus-0446-768x437.jpg 768w, https:\/\/www.casa-leon.de\/wp-content\/uploads\/casa_leon-grancanaria-haus-0446-1536x875.jpg 1536w, https:\/\/www.casa-leon.de\/wp-content\/uploads\/casa_leon-grancanaria-haus-0446.jpg 1900w\" sizes=\"(max-width: 800px) 100vw, 800px\" \/><\/p>\n<h3>Architecture :<\/h3>\n<p>La Casa Le\u00f3n Royal Retreat est nich\u00e9e dans un domaine de 10.000 m\u00e8tres carr\u00e9s et s&#8217;int\u00e8gre harmonieusement dans le paysage en tant que petit h\u00f4tel-boutique de deux \u00e9tages. Le style architectural ouvert et typique du pays fait entrer la nature directement \u00e0 l&#8217;int\u00e9rieur. Le propri\u00e9taire lui-m\u00eame a jou\u00e9 un r\u00f4le important dans la conception de l&#8217;h\u00f4tel, en collaboration avec un bureau d&#8217;architectes \u00e9tabli sur place. Il a puis\u00e9 son inspiration lors de plusieurs vacances en Espagne avec sa famille. Les tissus, les meubles et les mat\u00e9riaux ont \u00e9t\u00e9 choisis personnellement par le propri\u00e9taire et portent donc \u00e9galement la signature de la famille. Les couleurs et l&#8217;am\u00e9nagement refl\u00e8tent le paysage avec la mer, le sable et les montagnes. De grandes fen\u00eatres panoramiques dans presque toutes les chambres, dans le lobby et dans le restaurant cr\u00e9ent une atmosph\u00e8re l\u00e9g\u00e8re et une unit\u00e9 avec l&#8217;environnement. Le grand espace ext\u00e9rieur avec le jardin de l&#8217;h\u00f4tel, bien entretenu et aux fleurs color\u00e9es, est vaste et offre un cadre id\u00e9al pour se d\u00e9tendre avec ses petits \u00eelots de repos, ses chaises longues et ses pavillons.<\/p>\n<h3>Gestion de l&#8217;\u00e9nergie :<\/h3>\n<p>Au Casa Le\u00f3n Royal Retreat, nous mettons progressivement en \u0153uvre un concept d&#8217;\u00e9conomie d&#8217;\u00e9nergie qui concerne tous les secteurs de l&#8217;h\u00f4tel.<\/p>\n<p>La bonne temp\u00e9rature est contr\u00f4l\u00e9e dans les piscines, les chambres et les espaces communs. La consommation d&#8217;\u00e9nergie en cuisine et en blanchisserie est optimis\u00e9e gr\u00e2ce \u00e0 un tr\u00e8s bon contr\u00f4le des heures de mise en marche et d&#8217;arr\u00eat des grandes machines.<\/p>\n<p>Dans les espaces ext\u00e9rieurs, la piscine et les zones communes, l&#8217;ensemble du syst\u00e8me d&#8217;\u00e9clairage a \u00e9t\u00e9 converti \u00e0 une faible consommation d&#8217;\u00e9nergie. Dans les chambres, l&#8217;\u00e9clairage est progressivement modifi\u00e9. L&#8217;id\u00e9e est de tirer le meilleur parti de la lumi\u00e8re naturelle et du climat chaud des \u00eeles Canaries.<\/p>\n<p>Des horloges ont \u00e9t\u00e9 install\u00e9es dans tout l&#8217;h\u00f4tel pour allumer et \u00e9teindre automatiquement les lumi\u00e8res, et bient\u00f4t les r\u00e9frig\u00e9rateurs du buffet et les pompes de la salle des machines seront \u00e9galement \u00e9quip\u00e9s d&#8217;horloges, de sorte qu&#8217;ils s&#8217;\u00e9teignent automatiquement lorsqu&#8217;ils ne sont pas utilis\u00e9s.<\/p>\n<p><img loading=\"lazy\" decoding=\"async\" class=\"alignnone size-large wp-image-4180\" src=\"https:\/\/www.casa-leon.de\/wp-content\/uploads\/Innere_Staerke_Mitgliedschaft_Casa-Leon-Members-Club-1024x683.jpg\" alt=\"\" width=\"800\" height=\"534\" srcset=\"https:\/\/www.casa-leon.de\/wp-content\/uploads\/Innere_Staerke_Mitgliedschaft_Casa-Leon-Members-Club-1024x683.jpg 1024w, https:\/\/www.casa-leon.de\/wp-content\/uploads\/Innere_Staerke_Mitgliedschaft_Casa-Leon-Members-Club-300x200.jpg 300w, https:\/\/www.casa-leon.de\/wp-content\/uploads\/Innere_Staerke_Mitgliedschaft_Casa-Leon-Members-Club-768x512.jpg 768w, https:\/\/www.casa-leon.de\/wp-content\/uploads\/Innere_Staerke_Mitgliedschaft_Casa-Leon-Members-Club-600x400.jpg 600w, https:\/\/www.casa-leon.de\/wp-content\/uploads\/Innere_Staerke_Mitgliedschaft_Casa-Leon-Members-Club.jpg 1200w\" sizes=\"(max-width: 800px) 100vw, 800px\" \/><\/p>\n<h3>de l&#8217;eau :<\/h3>\n<p>L&#8217;eau est une ressource rare dans les \u00eeles Canaries. Comme il n&#8217;y a pas de rivi\u00e8res ou de lacs sur les \u00eeles et que le climat est tr\u00e8s sec, l&#8217;approvisionnement en eau est un probl\u00e8me vital.<\/p>\n<p>Les h\u00f4tes de la Casa Le\u00f3n Royal Retreat sont inform\u00e9s par un petit panneau dans la salle de bain qu&#8217;il faut \u00e9conomiser l&#8217;eau dans les douches et \u00e9viter de laver inutilement les serviettes.<\/p>\n<p>En r\u00e9duisant ainsi la quantit\u00e9 de linge \u00e0 laver chaque jour, on \u00e9conomise non seulement de l&#8217;eau, mais aussi des produits de nettoyage et de l&#8217;\u00e9lectricit\u00e9.<\/p>\n<p>L&#8217;utilisation de pommeaux de douche \u00e0 \u00e9conomie d&#8217;eau a pour objectif de r\u00e9duire encore la consommation d&#8217;eau dans un avenir proche.<\/p>\n<p>Une grande partie du jardin de la Casa Le\u00f3n Royal Retreat est compos\u00e9e d&#8217;esp\u00e8ces telles que les cactus et autres, qui n\u00e9cessitent tr\u00e8s peu d&#8217;eau.<\/p>\n<p>Le site est \u00e9quip\u00e9 d&#8217;un syst\u00e8me d&#8217;\u00e9puration biologique qui r\u00e9utilise les eaux us\u00e9es pour l&#8217;irrigation.<\/p>\n<p>L&#8217;eau provient d&#8217;un puits situ\u00e9 \u00e0 proximit\u00e9, dans les gorges d&#8217;Ayagaures. Personne n&#8217;est affect\u00e9 par le pr\u00e9l\u00e8vement d&#8217;eau \u00e0 cet endroit.<\/p>\n<p>Un syst\u00e8me de r\u00e9cup\u00e9ration des eaux de pluie dans la cour int\u00e9rieure de l&#8217;h\u00f4tel assure en outre une capacit\u00e9 en eau. Il en va de m\u00eame pour l&#8217;installation de traitement de l&#8217;eau sanitaire.<\/p>\n<h3>Poubelle :<\/h3>\n<p>La Casa Le\u00f3n Royal Retreat est g\u00e9r\u00e9e selon le principe &#8220;<em>\u00e9viter, recycler, \u00e9liminer les d\u00e9chets&#8221; <\/em>.<\/p>\n<p>Dans la mesure du possible, les emballages plastiques sont compl\u00e8tement \u00e9vit\u00e9s, par exemple pour le petit-d\u00e9jeuner. Il y a un syst\u00e8me de tri des d\u00e9chets dans tout l&#8217;h\u00f4tel. Les conteneurs contenant les d\u00e9chets recyclables sont collect\u00e9s une fois par semaine.<\/p>\n<h3><img loading=\"lazy\" decoding=\"async\" class=\"alignnone wp-image-2037\" src=\"https:\/\/www.casa-leon.de\/wp-content\/uploads\/casa_leon-grancanaria-food-004-682x1024.jpg\" alt=\"\" width=\"400\" height=\"600\" srcset=\"https:\/\/www.casa-leon.de\/wp-content\/uploads\/casa_leon-grancanaria-food-004-682x1024.jpg 682w, https:\/\/www.casa-leon.de\/wp-content\/uploads\/casa_leon-grancanaria-food-004-200x300.jpg 200w, https:\/\/www.casa-leon.de\/wp-content\/uploads\/casa_leon-grancanaria-food-004-768x1152.jpg 768w, https:\/\/www.casa-leon.de\/wp-content\/uploads\/casa_leon-grancanaria-food-004-1024x1536.jpg 1024w, https:\/\/www.casa-leon.de\/wp-content\/uploads\/casa_leon-grancanaria-food-004.jpg 1333w\" sizes=\"(max-width: 400px) 100vw, 400px\" \/><\/h3>\n<h3>Culinaire :<\/h3>\n<p>La cuisine de la Casa Le\u00f3n Royal Retreat se caract\u00e9rise par la saisonnalit\u00e9 et les influences r\u00e9gionales. Les saveurs m\u00e9diterran\u00e9ennes et canariennes se retrouvent dans les plats. Ainsi, le chef allemand Holger Schmidt r\u00e9gale ses h\u00f4tes avec des plats cr\u00e9atifs et l\u00e9gers, compos\u00e9s principalement d&#8217;ingr\u00e9dients r\u00e9gionaux. Il n&#8217;utilise pas de produits ou de sauces pr\u00eats \u00e0 l&#8217;emploi, tout est pr\u00e9par\u00e9 individuellement en tenant compte des besoins du client.<\/p>\n<h3>Protection de l&#8217;environnement :<\/h3>\n<p>L&#8217;objectif principal de la Casa Le\u00f3n Royal Retreat est d&#8217;harmoniser la protection de l&#8217;environnement avec nos activit\u00e9s d&#8217;entreprise, afin d&#8217;am\u00e9liorer notre relation avec l&#8217;environnement et d&#8217;obtenir une satisfaction maximale de nos clients. C&#8217;est pourquoi la direction et tous les employ\u00e9s de l&#8217;entreprise s&#8217;engagent \u00e0 am\u00e9liorer constamment les performances environnementales des services que nous proposons.<\/p>\n<p>Notre politique de gestion est enti\u00e8rement ax\u00e9e sur l&#8217;environnement et la qualit\u00e9 de nos services ; notre objectif est d&#8217;atteindre un \u00e9tat de d\u00e9veloppement durable.<\/p>\n<p>Pour compenser les \u00e9missions de CO2 de notre h\u00f4tel et des clients qui s&#8217;y rendent, nous avons lou\u00e9 40.000 m\u00b2 de for\u00eat dans les Balkans, que nous laissons dans son \u00e9tat d&#8217;origine et que nous entretenons.<\/p>\n<h3>des aliments :<\/h3>\n<p>La Casa Le\u00f3n Royal Retreat pr\u00e9pare ses plats en utilisant principalement des produits de saison et des produits locaux. 0 et m\u00eame des aliments biologiques.<\/p>\n<p>Outre le fait d&#8217;obtenir des aliments et des plats plus savoureux, cette philosophie profite aux petits producteurs locaux, ce qui a un effet positif sur l&#8217;am\u00e9lioration de l&#8217;\u00e9conomie locale.<\/p>\n<p>Parall\u00e8lement, le fait de r\u00e9duire au maximum le transport de denr\u00e9es alimentaires contribue \u00e0 diminuer les \u00e9missions de CO2 dans l&#8217;atmosph\u00e8re.<\/p>\n<p>Nous avons notre propre petit jardin d&#8217;herbes aromatiques, des citronniers et des orangers.<\/p>\n\t\t\t\t\t\t\t\t<\/div>\n\t\t\t\t\t<\/div>\n\t\t<\/div>\n\t\t\t\t\t<\/div>\n\t\t<\/section>\n\t\t\t\t<section class=\"elementor-section elementor-top-section elementor-element elementor-element-9bbb34a elementor-section-height-min-height elementor-section-boxed elementor-section-height-default elementor-section-items-middle\" data-id=\"9bbb34a\" data-element_type=\"section\" data-e-type=\"section\" data-settings=\"{&quot;background_background&quot;:&quot;classic&quot;,&quot;shape_divider_top&quot;:&quot;book&quot;}\">\n\t\t\t\t\t<div class=\"elementor-shape elementor-shape-top\" aria-hidden=\"true\" data-negative=\"false\">\n\t\t\t<svg xmlns=\"http:\/\/www.w3.org\/2000\/svg\" viewBox=\"0 0 1000 100\" preserveAspectRatio=\"none\">\n\t<path class=\"elementor-shape-fill\" d=\"M194,99c186.7,0.7,305-78.3,306-97.2c1,18.9,119.3,97.9,306,97.2c114.3-0.3,194,0.3,194,0.3s0-91.7,0-100c0,0,0,0,0-0 L0,0v99.3C0,99.3,79.7,98.7,194,99z\"\/>\n<\/svg>\t\t<\/div>\n\t\t\t\t\t<div class=\"elementor-container elementor-column-gap-default\">\n\t\t\t\t\t<div class=\"elementor-column elementor-col-100 elementor-top-column elementor-element elementor-element-6ca7fb4\" data-id=\"6ca7fb4\" data-element_type=\"column\" data-e-type=\"column\">\n\t\t\t<div class=\"elementor-widget-wrap\">\n\t\t\t\t\t\t\t<\/div>\n\t\t<\/div>\n\t\t\t\t\t<\/div>\n\t\t<\/section>\n\t\t\t\t<\/div>\n\t\t","protected":false},"excerpt":{"rendered":"<p>Durabilit\u00e9 Nous allions durabilit\u00e9 et confort L&#8217;objectif principal de la Casa Le\u00f3n Royal Retreat est d&#8217;harmoniser la protection de l&#8217;environnement avec nos activit\u00e9s d&#8217;entreprise, afin d&#8217;am\u00e9liorer notre relation avec l&#8217;environnement et d&#8217;obtenir une satisfaction maximale de nos clients. C&#8217;est pourquoi la direction et tous les employ\u00e9s de l&#8217;entreprise s&#8217;engagent \u00e0 am\u00e9liorer constamment les performances environnementales [&hellip;]<\/p>\n","protected":false},"author":1,"featured_media":0,"parent":0,"menu_order":0,"comment_status":"closed","ping_status":"closed","template":"","meta":{"_acf_changed":false,"footnotes":""},"class_list":["post-4955","page","type-page","status-publish","hentry"],"acf":[],"_links":{"self":[{"href":"https:\/\/www.casa-leon.de\/fr\/wp-json\/wp\/v2\/pages\/4955","targetHints":{"allow":["GET"]}}],"collection":[{"href":"https:\/\/www.casa-leon.de\/fr\/wp-json\/wp\/v2\/pages"}],"about":[{"href":"https:\/\/www.casa-leon.de\/fr\/wp-json\/wp\/v2\/types\/page"}],"author":[{"embeddable":true,"href":"https:\/\/www.casa-leon.de\/fr\/wp-json\/wp\/v2\/users\/1"}],"replies":[{"embeddable":true,"href":"https:\/\/www.casa-leon.de\/fr\/wp-json\/wp\/v2\/comments?post=4955"}],"version-history":[{"count":1,"href":"https:\/\/www.casa-leon.de\/fr\/wp-json\/wp\/v2\/pages\/4955\/revisions"}],"predecessor-version":[{"id":4956,"href":"https:\/\/www.casa-leon.de\/fr\/wp-json\/wp\/v2\/pages\/4955\/revisions\/4956"}],"wp:attachment":[{"href":"https:\/\/www.casa-leon.de\/fr\/wp-json\/wp\/v2\/media?parent=4955"}],"curies":[{"name":"wp","href":"https:\/\/api.w.org\/{rel}","templated":true}]}}