{"id":4975,"date":"2023-03-19T11:08:42","date_gmt":"2023-03-19T10:08:42","guid":{"rendered":"https:\/\/www.casa-leon.de\/reunion-et-formation\/"},"modified":"2023-07-03T09:44:53","modified_gmt":"2023-07-03T07:44:53","slug":"reunion-et-formation","status":"publish","type":"page","link":"https:\/\/www.casa-leon.de\/fr\/reunion-et-formation\/","title":{"rendered":"R\u00e9union et formation"},"content":{"rendered":"\t\t<div data-elementor-type=\"wp-page\" data-elementor-id=\"4975\" class=\"elementor elementor-4975 elementor-653\" data-elementor-settings=\"{&quot;element_pack_global_tooltip_width&quot;:{&quot;unit&quot;:&quot;px&quot;,&quot;size&quot;:&quot;&quot;,&quot;sizes&quot;:[]},&quot;element_pack_global_tooltip_width_tablet&quot;:{&quot;unit&quot;:&quot;px&quot;,&quot;size&quot;:&quot;&quot;,&quot;sizes&quot;:[]},&quot;element_pack_global_tooltip_width_mobile&quot;:{&quot;unit&quot;:&quot;px&quot;,&quot;size&quot;:&quot;&quot;,&quot;sizes&quot;:[]},&quot;element_pack_global_tooltip_padding&quot;:{&quot;unit&quot;:&quot;px&quot;,&quot;top&quot;:&quot;&quot;,&quot;right&quot;:&quot;&quot;,&quot;bottom&quot;:&quot;&quot;,&quot;left&quot;:&quot;&quot;,&quot;isLinked&quot;:true},&quot;element_pack_global_tooltip_padding_tablet&quot;:{&quot;unit&quot;:&quot;px&quot;,&quot;top&quot;:&quot;&quot;,&quot;right&quot;:&quot;&quot;,&quot;bottom&quot;:&quot;&quot;,&quot;left&quot;:&quot;&quot;,&quot;isLinked&quot;:true},&quot;element_pack_global_tooltip_padding_mobile&quot;:{&quot;unit&quot;:&quot;px&quot;,&quot;top&quot;:&quot;&quot;,&quot;right&quot;:&quot;&quot;,&quot;bottom&quot;:&quot;&quot;,&quot;left&quot;:&quot;&quot;,&quot;isLinked&quot;:true},&quot;element_pack_global_tooltip_border_radius&quot;:{&quot;unit&quot;:&quot;px&quot;,&quot;top&quot;:&quot;&quot;,&quot;right&quot;:&quot;&quot;,&quot;bottom&quot;:&quot;&quot;,&quot;left&quot;:&quot;&quot;,&quot;isLinked&quot;:true},&quot;element_pack_global_tooltip_border_radius_tablet&quot;:{&quot;unit&quot;:&quot;px&quot;,&quot;top&quot;:&quot;&quot;,&quot;right&quot;:&quot;&quot;,&quot;bottom&quot;:&quot;&quot;,&quot;left&quot;:&quot;&quot;,&quot;isLinked&quot;:true},&quot;element_pack_global_tooltip_border_radius_mobile&quot;:{&quot;unit&quot;:&quot;px&quot;,&quot;top&quot;:&quot;&quot;,&quot;right&quot;:&quot;&quot;,&quot;bottom&quot;:&quot;&quot;,&quot;left&quot;:&quot;&quot;,&quot;isLinked&quot;:true}}\" data-elementor-post-type=\"page\">\n\t\t\t\t\t\t<section class=\"elementor-section elementor-top-section elementor-element elementor-element-09a56d7 elementor-section-height-min-height elementor-section-boxed elementor-section-height-default elementor-section-items-middle\" data-id=\"09a56d7\" data-element_type=\"section\" data-e-type=\"section\" data-settings=\"{&quot;background_background&quot;:&quot;gradient&quot;,&quot;shape_divider_bottom&quot;:&quot;book&quot;}\">\n\t\t\t\t\t\t\t<div class=\"elementor-background-overlay\"><\/div>\n\t\t\t\t\t\t<div class=\"elementor-shape elementor-shape-bottom\" aria-hidden=\"true\" data-negative=\"false\">\n\t\t\t<svg xmlns=\"http:\/\/www.w3.org\/2000\/svg\" viewBox=\"0 0 1000 100\" preserveAspectRatio=\"none\">\n\t<path class=\"elementor-shape-fill\" d=\"M194,99c186.7,0.7,305-78.3,306-97.2c1,18.9,119.3,97.9,306,97.2c114.3-0.3,194,0.3,194,0.3s0-91.7,0-100c0,0,0,0,0-0 L0,0v99.3C0,99.3,79.7,98.7,194,99z\"\/>\n<\/svg>\t\t<\/div>\n\t\t\t\t\t<div class=\"elementor-container elementor-column-gap-default\">\n\t\t\t\t\t<div class=\"elementor-column elementor-col-100 elementor-top-column elementor-element elementor-element-7858b8e\" data-id=\"7858b8e\" data-element_type=\"column\" data-e-type=\"column\">\n\t\t\t<div class=\"elementor-widget-wrap elementor-element-populated\">\n\t\t\t\t\t\t<div class=\"elementor-element elementor-element-aaf5886 elementor-widget elementor-widget-heading\" data-id=\"aaf5886\" data-element_type=\"widget\" data-e-type=\"widget\" data-widget_type=\"heading.default\">\n\t\t\t\t\t<h1 class=\"elementor-heading-title elementor-size-default\">R\u00e9union et formation <\/h1>\t\t\t\t<\/div>\n\t\t\t\t<div class=\"elementor-element elementor-element-b6a4d32 elementor-widget-divider--view-line elementor-widget elementor-widget-divider\" data-id=\"b6a4d32\" data-element_type=\"widget\" data-e-type=\"widget\" data-widget_type=\"divider.default\">\n\t\t\t\t\t\t\t<div class=\"elementor-divider\">\n\t\t\t<span class=\"elementor-divider-separator\">\n\t\t\t\t\t\t<\/span>\n\t\t<\/div>\n\t\t\t\t\t\t<\/div>\n\t\t\t\t<div class=\"elementor-element elementor-element-350e769 elementor-widget elementor-widget-heading\" data-id=\"350e769\" data-element_type=\"widget\" data-e-type=\"widget\" data-widget_type=\"heading.default\">\n\t\t\t\t\t<p class=\"elementor-heading-title elementor-size-default\">Un cadre parfait<\/p>\t\t\t\t<\/div>\n\t\t\t\t\t<\/div>\n\t\t<\/div>\n\t\t\t\t\t<\/div>\n\t\t<\/section>\n\t\t\t\t<main class=\"elementor-section elementor-top-section elementor-element elementor-element-5b60158 elementor-section-height-min-height elementor-section-items-stretch elementor-section-boxed elementor-section-height-default\" data-id=\"5b60158\" data-element_type=\"section\" data-e-type=\"section\" data-settings=\"{&quot;background_background&quot;:&quot;classic&quot;,&quot;shape_divider_bottom&quot;:&quot;book&quot;}\">\n\t\t\t\t\t\t\t<div class=\"elementor-background-overlay\"><\/div>\n\t\t\t\t\t\t<div class=\"elementor-shape elementor-shape-bottom\" aria-hidden=\"true\" data-negative=\"false\">\n\t\t\t<svg xmlns=\"http:\/\/www.w3.org\/2000\/svg\" viewBox=\"0 0 1000 100\" preserveAspectRatio=\"none\">\n\t<path class=\"elementor-shape-fill\" d=\"M194,99c186.7,0.7,305-78.3,306-97.2c1,18.9,119.3,97.9,306,97.2c114.3-0.3,194,0.3,194,0.3s0-91.7,0-100c0,0,0,0,0-0 L0,0v99.3C0,99.3,79.7,98.7,194,99z\"\/>\n<\/svg>\t\t<\/div>\n\t\t\t\t\t<div class=\"elementor-container elementor-column-gap-default\">\n\t\t\t\t\t<div class=\"elementor-column elementor-col-50 elementor-top-column elementor-element elementor-element-018fe1d\" data-id=\"018fe1d\" data-element_type=\"column\" data-e-type=\"column\">\n\t\t\t<div class=\"elementor-widget-wrap elementor-element-populated\">\n\t\t\t\t\t\t<div class=\"elementor-element elementor-element-787ee65 elementor-widget elementor-widget-image\" data-id=\"787ee65\" data-element_type=\"widget\" data-e-type=\"widget\" data-widget_type=\"image.default\">\n\t\t\t\t\t\t\t\t\t\t\t\t\t\t\t<img fetchpriority=\"high\" decoding=\"async\" width=\"600\" height=\"400\" src=\"https:\/\/www.casa-leon.de\/wp-content\/uploads\/casa_leon-grancanaria-garten-457814-600x400.jpg\" class=\"attachment-Image size 2 size-Image size 2 wp-image-4736\" alt=\"\" srcset=\"https:\/\/www.casa-leon.de\/wp-content\/uploads\/casa_leon-grancanaria-garten-457814-600x400.jpg 600w, https:\/\/www.casa-leon.de\/wp-content\/uploads\/casa_leon-grancanaria-garten-457814-300x200.jpg 300w, https:\/\/www.casa-leon.de\/wp-content\/uploads\/casa_leon-grancanaria-garten-457814-768x512.jpg 768w, https:\/\/www.casa-leon.de\/wp-content\/uploads\/casa_leon-grancanaria-garten-457814-1024x683.jpg 1024w, https:\/\/www.casa-leon.de\/wp-content\/uploads\/casa_leon-grancanaria-garten-457814.jpg 1200w\" sizes=\"(max-width: 600px) 100vw, 600px\" \/>\t\t\t\t\t\t\t\t\t\t\t\t\t\t\t<\/div>\n\t\t\t\t<div class=\"elementor-element elementor-element-eba7373 elementor-widget elementor-widget-heading\" data-id=\"eba7373\" data-element_type=\"widget\" data-e-type=\"widget\" data-widget_type=\"heading.default\">\n\t\t\t\t\t<h3 class=\"elementor-heading-title elementor-size-default\">Casa Le\u00f3n Royal Retreat Events<\/h3>\t\t\t\t<\/div>\n\t\t\t\t<div class=\"elementor-element elementor-element-3a8ecca elementor-widget-divider--view-line elementor-widget elementor-widget-divider\" data-id=\"3a8ecca\" data-element_type=\"widget\" data-e-type=\"widget\" data-widget_type=\"divider.default\">\n\t\t\t\t\t\t\t<div class=\"elementor-divider\">\n\t\t\t<span class=\"elementor-divider-separator\">\n\t\t\t\t\t\t<\/span>\n\t\t<\/div>\n\t\t\t\t\t\t<\/div>\n\t\t\t\t<div class=\"elementor-element elementor-element-40a31be elementor-widget elementor-widget-heading\" data-id=\"40a31be\" data-element_type=\"widget\" data-e-type=\"widget\" data-widget_type=\"heading.default\">\n\t\t\t\t\t<h2 class=\"elementor-heading-title elementor-size-default\">Des journ\u00e9es efficaces dans un cadre de r\u00eave<\/h2>\t\t\t\t<\/div>\n\t\t\t\t\t<\/div>\n\t\t<\/div>\n\t\t\t\t<div class=\"elementor-column elementor-col-50 elementor-top-column elementor-element elementor-element-6979178\" data-id=\"6979178\" data-element_type=\"column\" data-e-type=\"column\">\n\t\t\t<div class=\"elementor-widget-wrap elementor-element-populated\">\n\t\t\t\t\t\t<div class=\"elementor-element elementor-element-5aff69b elementor-widget elementor-widget-text-editor\" data-id=\"5aff69b\" data-element_type=\"widget\" data-e-type=\"widget\" data-widget_type=\"text-editor.default\">\n\t\t\t\t\t\t\t\t\t<p><strong>Que vous organisiez une r\u00e9union de conseil d&#8217;administration, un s\u00e9minaire ou une conf\u00e9rence, vous trouverez chez nous tout ce dont vous avez besoin pour r\u00e9ussir votre \u00e9v\u00e9nement.<\/strong><\/p>\n<p>Nos salles de r\u00e9union disposent d&#8217;une atmosph\u00e8re de travail agr\u00e9able qui assure un travail productif et des r\u00e9unions r\u00e9ussies. Nos locaux sont modulables et offrent ainsi une solution adapt\u00e9e \u00e0 chaque type d&#8217;\u00e9v\u00e9nement.<\/p>\n<p>Notre \u00e9quipe exp\u00e9riment\u00e9e est toujours pr\u00eate \u00e0 vous aider \u00e0 planifier et \u00e0 organiser votre r\u00e9union ou votre conf\u00e9rence. Nous nous occupons de tous les d\u00e9tails pour que vous puissiez vous concentrer sur l&#8217;essentiel. Notre service de restauration s&#8217;occupe de votre bien-\u00eatre physique et vous g\u00e2te avec une s\u00e9lection de plats d\u00e9licieux qui raviront vos papilles.<\/p>\n<p> Nous nous r\u00e9jouissons de vous offrir un cadre parfait pour votre \u00e9v\u00e9nement et de vous faire passer des moments inoubliables.<\/p>\n\t\t\t\t\t\t\t\t<\/div>\n\t\t\t\t\t<\/div>\n\t\t<\/div>\n\t\t\t\t\t<\/div>\n\t\t<\/main>\n\t\t\t\t<section class=\"elementor-section elementor-top-section elementor-element elementor-element-5cd7487 elementor-section-boxed elementor-section-height-default elementor-section-height-default\" data-id=\"5cd7487\" data-element_type=\"section\" data-e-type=\"section\">\n\t\t\t\t\t\t<div class=\"elementor-container elementor-column-gap-extended\">\n\t\t\t\t\t<div class=\"elementor-column elementor-col-25 elementor-top-column elementor-element elementor-element-bf12d99\" data-id=\"bf12d99\" data-element_type=\"column\" data-e-type=\"column\">\n\t\t\t<div class=\"elementor-widget-wrap elementor-element-populated\">\n\t\t\t\t\t\t<div class=\"elementor-element elementor-element-a11ae27 elementor-widget elementor-widget-image\" data-id=\"a11ae27\" data-element_type=\"widget\" data-e-type=\"widget\" data-widget_type=\"image.default\">\n\t\t\t\t\t\t\t\t\t\t\t\t\t\t\t<img decoding=\"async\" width=\"600\" height=\"400\" src=\"https:\/\/www.casa-leon.de\/wp-content\/uploads\/Fuer-Unternehmen_Schulungen_Casa-Leon-Members-Club-600x400.jpg\" class=\"attachment-Image size 2 size-Image size 2 wp-image-4734\" alt=\"\" srcset=\"https:\/\/www.casa-leon.de\/wp-content\/uploads\/Fuer-Unternehmen_Schulungen_Casa-Leon-Members-Club-600x400.jpg 600w, https:\/\/www.casa-leon.de\/wp-content\/uploads\/Fuer-Unternehmen_Schulungen_Casa-Leon-Members-Club-300x200.jpg 300w, https:\/\/www.casa-leon.de\/wp-content\/uploads\/Fuer-Unternehmen_Schulungen_Casa-Leon-Members-Club-768x512.jpg 768w, https:\/\/www.casa-leon.de\/wp-content\/uploads\/Fuer-Unternehmen_Schulungen_Casa-Leon-Members-Club-1024x683.jpg 1024w, https:\/\/www.casa-leon.de\/wp-content\/uploads\/Fuer-Unternehmen_Schulungen_Casa-Leon-Members-Club.jpg 1200w\" sizes=\"(max-width: 600px) 100vw, 600px\" \/>\t\t\t\t\t\t\t\t\t\t\t\t\t\t\t<\/div>\n\t\t\t\t<div class=\"elementor-element elementor-element-b036c46 elementor-widget elementor-widget-heading\" data-id=\"b036c46\" data-element_type=\"widget\" data-e-type=\"widget\" data-widget_type=\"heading.default\">\n\t\t\t\t\t<h3 class=\"elementor-heading-title elementor-size-default\">Formations<\/h3>\t\t\t\t<\/div>\n\t\t\t\t<div class=\"elementor-element elementor-element-4ee51c6 elementor-widget elementor-widget-text-editor\" data-id=\"4ee51c6\" data-element_type=\"widget\" data-e-type=\"widget\" data-widget_type=\"text-editor.default\">\n\t\t\t\t\t\t\t\t\t<p>Formations continues, s\u00e9minaires, ateliers : Nous proposons \u00e0&nbsp; des salles de s\u00e9minaire \u00e9quip\u00e9es individuellement, un acc\u00e8s \u00e0 Internet et une technique de pr\u00e9sentation ultramoderne.&nbsp; Des vid\u00e9oprojecteurs, des connexions multim\u00e9dias et des \u00e9crans mobiles sont disponibles dans toutes les salles. <\/p>\n\t\t\t\t\t\t\t\t<\/div>\n\t\t\t\t\t<\/div>\n\t\t<\/div>\n\t\t\t\t<div class=\"elementor-column elementor-col-25 elementor-top-column elementor-element elementor-element-d0e80f9\" data-id=\"d0e80f9\" data-element_type=\"column\" data-e-type=\"column\">\n\t\t\t<div class=\"elementor-widget-wrap elementor-element-populated\">\n\t\t\t\t\t\t<div class=\"elementor-element elementor-element-4b3d514 elementor-widget elementor-widget-image\" data-id=\"4b3d514\" data-element_type=\"widget\" data-e-type=\"widget\" data-widget_type=\"image.default\">\n\t\t\t\t\t\t\t\t\t\t\t\t\t\t\t<img decoding=\"async\" width=\"600\" height=\"400\" src=\"https:\/\/www.casa-leon.de\/wp-content\/uploads\/casa_leon-grancanaria-freizeit-0254-600x400.jpg\" class=\"attachment-Image size 2 size-Image size 2 wp-image-4724\" alt=\"\" srcset=\"https:\/\/www.casa-leon.de\/wp-content\/uploads\/casa_leon-grancanaria-freizeit-0254-600x400.jpg 600w, https:\/\/www.casa-leon.de\/wp-content\/uploads\/casa_leon-grancanaria-freizeit-0254-300x200.jpg 300w, https:\/\/www.casa-leon.de\/wp-content\/uploads\/casa_leon-grancanaria-freizeit-0254-768x512.jpg 768w, https:\/\/www.casa-leon.de\/wp-content\/uploads\/casa_leon-grancanaria-freizeit-0254-1024x683.jpg 1024w, https:\/\/www.casa-leon.de\/wp-content\/uploads\/casa_leon-grancanaria-freizeit-0254.jpg 1200w\" sizes=\"(max-width: 600px) 100vw, 600px\" \/>\t\t\t\t\t\t\t\t\t\t\t\t\t\t\t<\/div>\n\t\t\t\t<div class=\"elementor-element elementor-element-3148d2a elementor-widget elementor-widget-heading\" data-id=\"3148d2a\" data-element_type=\"widget\" data-e-type=\"widget\" data-widget_type=\"heading.default\">\n\t\t\t\t\t<h3 class=\"elementor-heading-title elementor-size-default\">Teambuilding<\/h3>\t\t\t\t<\/div>\n\t\t\t\t<div class=\"elementor-element elementor-element-499b107 elementor-widget elementor-widget-text-editor\" data-id=\"499b107\" data-element_type=\"widget\" data-e-type=\"widget\" data-widget_type=\"text-editor.default\">\n\t\t\t\t\t\t\t\t\t<p>Qu&#8217;il s&#8217;agisse de courses en sac, de construction de ch\u00e2teaux de sable, de parapente ou de battles de tennis, nous avons une grande exp\u00e9rience dans l&#8217;organisation d&#8217;\u00e9v\u00e9nements en \u00e9quipe. Des relations de longue date avec les meilleurs prestataires d&#8217;aventures de l&#8217;\u00eele et les nombreuses possibilit\u00e9s de loisirs directement \u00e0 c\u00f4t\u00e9 de la maison nous permettent de puiser \u00e0 pleines mains. <\/p>\n\t\t\t\t\t\t\t\t<\/div>\n\t\t\t\t\t<\/div>\n\t\t<\/div>\n\t\t\t\t<div class=\"elementor-column elementor-col-25 elementor-top-column elementor-element elementor-element-6c70fc4\" data-id=\"6c70fc4\" data-element_type=\"column\" data-e-type=\"column\">\n\t\t\t<div class=\"elementor-widget-wrap elementor-element-populated\">\n\t\t\t\t\t\t<div class=\"elementor-element elementor-element-32477d7 elementor-widget elementor-widget-image\" data-id=\"32477d7\" data-element_type=\"widget\" data-e-type=\"widget\" data-widget_type=\"image.default\">\n\t\t\t\t\t\t\t\t\t\t\t\t\t\t\t<img loading=\"lazy\" decoding=\"async\" width=\"600\" height=\"400\" src=\"https:\/\/www.casa-leon.de\/wp-content\/uploads\/Fuer-Unternehmen_Strategiewerktstatt_Casa-Leon-Members-Club-600x400.jpg\" class=\"attachment-Image size 2 size-Image size 2 wp-image-4733\" alt=\"\" srcset=\"https:\/\/www.casa-leon.de\/wp-content\/uploads\/Fuer-Unternehmen_Strategiewerktstatt_Casa-Leon-Members-Club-600x400.jpg 600w, https:\/\/www.casa-leon.de\/wp-content\/uploads\/Fuer-Unternehmen_Strategiewerktstatt_Casa-Leon-Members-Club-300x200.jpg 300w, https:\/\/www.casa-leon.de\/wp-content\/uploads\/Fuer-Unternehmen_Strategiewerktstatt_Casa-Leon-Members-Club-768x512.jpg 768w, https:\/\/www.casa-leon.de\/wp-content\/uploads\/Fuer-Unternehmen_Strategiewerktstatt_Casa-Leon-Members-Club-1024x683.jpg 1024w, https:\/\/www.casa-leon.de\/wp-content\/uploads\/Fuer-Unternehmen_Strategiewerktstatt_Casa-Leon-Members-Club.jpg 1200w\" sizes=\"(max-width: 600px) 100vw, 600px\" \/>\t\t\t\t\t\t\t\t\t\t\t\t\t\t\t<\/div>\n\t\t\t\t<div class=\"elementor-element elementor-element-a7633c8 elementor-widget elementor-widget-heading\" data-id=\"a7633c8\" data-element_type=\"widget\" data-e-type=\"widget\" data-widget_type=\"heading.default\">\n\t\t\t\t\t<h3 class=\"elementor-heading-title elementor-size-default\">Atelier strat\u00e9gique<\/h3>\t\t\t\t<\/div>\n\t\t\t\t<div class=\"elementor-element elementor-element-38692b9 elementor-widget elementor-widget-text-editor\" data-id=\"38692b9\" data-element_type=\"widget\" data-e-type=\"widget\" data-widget_type=\"text-editor.default\">\n\t\t\t\t\t\t\t\t\t<p>Avec sa situation de r\u00eave surplombant les dunes de Maspalomas entre de gigantesques paysages rocheux, la Casa Le\u00f3n Royal Retreat vous offre non seulement les locaux ad\u00e9quats, mais aussi, avec la nature, le calme parfait pour vous concentrer. <\/p>\n\t\t\t\t\t\t\t\t<\/div>\n\t\t\t\t\t<\/div>\n\t\t<\/div>\n\t\t\t\t<div class=\"elementor-column elementor-col-25 elementor-top-column elementor-element elementor-element-da36b03\" data-id=\"da36b03\" data-element_type=\"column\" data-e-type=\"column\">\n\t\t\t<div class=\"elementor-widget-wrap elementor-element-populated\">\n\t\t\t\t\t\t<div class=\"elementor-element elementor-element-1811f21 elementor-widget elementor-widget-image\" data-id=\"1811f21\" data-element_type=\"widget\" data-e-type=\"widget\" data-widget_type=\"image.default\">\n\t\t\t\t\t\t\t\t\t\t\t\t\t\t\t<img loading=\"lazy\" decoding=\"async\" width=\"600\" height=\"400\" src=\"https:\/\/www.casa-leon.de\/wp-content\/uploads\/casa_leon-grancanaria-garten-44565-600x400.jpg\" class=\"attachment-Image size 2 size-Image size 2 wp-image-4717\" alt=\"\" srcset=\"https:\/\/www.casa-leon.de\/wp-content\/uploads\/casa_leon-grancanaria-garten-44565-600x400.jpg 600w, https:\/\/www.casa-leon.de\/wp-content\/uploads\/casa_leon-grancanaria-garten-44565-300x200.jpg 300w, https:\/\/www.casa-leon.de\/wp-content\/uploads\/casa_leon-grancanaria-garten-44565-768x512.jpg 768w, https:\/\/www.casa-leon.de\/wp-content\/uploads\/casa_leon-grancanaria-garten-44565-1024x683.jpg 1024w, https:\/\/www.casa-leon.de\/wp-content\/uploads\/casa_leon-grancanaria-garten-44565.jpg 1200w\" sizes=\"(max-width: 600px) 100vw, 600px\" \/>\t\t\t\t\t\t\t\t\t\t\t\t\t\t\t<\/div>\n\t\t\t\t<div class=\"elementor-element elementor-element-31a9b60 elementor-widget elementor-widget-heading\" data-id=\"31a9b60\" data-element_type=\"widget\" data-e-type=\"widget\" data-widget_type=\"heading.default\">\n\t\t\t\t\t<h3 class=\"elementor-heading-title elementor-size-default\">Vacances des collaborateurs<\/h3>\t\t\t\t<\/div>\n\t\t\t\t<div class=\"elementor-element elementor-element-118e57f elementor-widget elementor-widget-text-editor\" data-id=\"118e57f\" data-element_type=\"widget\" data-e-type=\"widget\" data-widget_type=\"text-editor.default\">\n\t\t\t\t\t\t\t\t\t<p>Vous souhaitez faire quelque chose de bien pour vos meilleurs collaborateurs et les fid\u00e9liser ainsi \u00e0 long terme ? Nous vous proposons des contingents de chambres flexibles r\u00e9partis sur l&#8217;ann\u00e9e \u00e0 des conditions particuli\u00e8rement avantageuses &#8211; contactez-nous, vos collaborateurs vous en seront reconnaissants !<\/p>\n\t\t\t\t\t\t\t\t<\/div>\n\t\t\t\t\t<\/div>\n\t\t<\/div>\n\t\t\t\t\t<\/div>\n\t\t<\/section>\n\t\t\t\t<section class=\"elementor-section elementor-top-section elementor-element elementor-element-7be21f3 elementor-section-boxed elementor-section-height-default elementor-section-height-default\" data-id=\"7be21f3\" data-element_type=\"section\" data-e-type=\"section\" data-settings=\"{&quot;background_background&quot;:&quot;classic&quot;}\">\n\t\t\t\t\t\t<div class=\"elementor-container elementor-column-gap-default\">\n\t\t\t\t\t<div class=\"elementor-column elementor-col-100 elementor-top-column elementor-element elementor-element-ae2fdd9\" data-id=\"ae2fdd9\" data-element_type=\"column\" data-e-type=\"column\">\n\t\t\t<div class=\"elementor-widget-wrap elementor-element-populated\">\n\t\t\t\t\t\t<div class=\"elementor-element elementor-element-223237f elementor-widget elementor-widget-heading\" data-id=\"223237f\" data-element_type=\"widget\" data-e-type=\"widget\" data-widget_type=\"heading.default\">\n\t\t\t\t\t<h2 class=\"elementor-heading-title elementor-size-default\">Vous cherchez un lieu de r\u00e9union exceptionnel ?<\/h2>\t\t\t\t<\/div>\n\t\t\t\t<div class=\"elementor-element elementor-element-d4db335 elementor-button-warning elementor-align-center elementor-widget elementor-widget-button\" data-id=\"d4db335\" data-element_type=\"widget\" data-e-type=\"widget\" data-widget_type=\"button.default\">\n\t\t\t\t\t\t\t\t\t\t<a class=\"elementor-button elementor-button-link elementor-size-sm elementor-animation-float\" href=\"https:\/\/www.casa-leon.de\/fr\/contact\/\">\n\t\t\t\t\t\t<span class=\"elementor-button-content-wrapper\">\n\t\t\t\t\t\t<span class=\"elementor-button-icon\">\n\t\t\t\t<i aria-hidden=\"true\" class=\"fas fa-chevron-right\"><\/i>\t\t\t<\/span>\n\t\t\t\t\t\t\t\t\t<span class=\"elementor-button-text\">Parlez-nous <\/span>\n\t\t\t\t\t<\/span>\n\t\t\t\t\t<\/a>\n\t\t\t\t\t\t\t\t<\/div>\n\t\t\t\t\t<\/div>\n\t\t<\/div>\n\t\t\t\t\t<\/div>\n\t\t<\/section>\n\t\t\t\t<\/div>\n\t\t","protected":false},"excerpt":{"rendered":"<p>R\u00e9union et formation Un cadre parfait Casa Le\u00f3n Royal Retreat Events Des journ\u00e9es efficaces dans un cadre de r\u00eave Que vous organisiez une r\u00e9union de conseil d&#8217;administration, un s\u00e9minaire ou une conf\u00e9rence, vous trouverez chez nous tout ce dont vous avez besoin pour r\u00e9ussir votre \u00e9v\u00e9nement. Nos salles de r\u00e9union disposent d&#8217;une atmosph\u00e8re de travail [&hellip;]<\/p>\n","protected":false},"author":1,"featured_media":0,"parent":0,"menu_order":0,"comment_status":"closed","ping_status":"closed","template":"","meta":{"_acf_changed":false,"footnotes":""},"class_list":["post-4975","page","type-page","status-publish","hentry"],"acf":[],"_links":{"self":[{"href":"https:\/\/www.casa-leon.de\/fr\/wp-json\/wp\/v2\/pages\/4975","targetHints":{"allow":["GET"]}}],"collection":[{"href":"https:\/\/www.casa-leon.de\/fr\/wp-json\/wp\/v2\/pages"}],"about":[{"href":"https:\/\/www.casa-leon.de\/fr\/wp-json\/wp\/v2\/types\/page"}],"author":[{"embeddable":true,"href":"https:\/\/www.casa-leon.de\/fr\/wp-json\/wp\/v2\/users\/1"}],"replies":[{"embeddable":true,"href":"https:\/\/www.casa-leon.de\/fr\/wp-json\/wp\/v2\/comments?post=4975"}],"version-history":[{"count":1,"href":"https:\/\/www.casa-leon.de\/fr\/wp-json\/wp\/v2\/pages\/4975\/revisions"}],"predecessor-version":[{"id":4976,"href":"https:\/\/www.casa-leon.de\/fr\/wp-json\/wp\/v2\/pages\/4975\/revisions\/4976"}],"wp:attachment":[{"href":"https:\/\/www.casa-leon.de\/fr\/wp-json\/wp\/v2\/media?parent=4975"}],"curies":[{"name":"wp","href":"https:\/\/api.w.org\/{rel}","templated":true}]}}