{"id":4987,"date":"2023-03-28T20:11:37","date_gmt":"2023-03-28T18:11:37","guid":{"rendered":"https:\/\/www.casa-leon.de\/prestations-de-bien-etre\/"},"modified":"2025-05-13T11:56:41","modified_gmt":"2025-05-13T09:56:41","slug":"prestations-de-bien-etre","status":"publish","type":"page","link":"https:\/\/www.casa-leon.de\/fr\/prestations-de-bien-etre\/","title":{"rendered":"Prestations de bien-\u00eatre"},"content":{"rendered":"\t\t<div data-elementor-type=\"wp-page\" data-elementor-id=\"4987\" class=\"elementor elementor-4987 elementor-1416\" data-elementor-settings=\"{&quot;element_pack_global_tooltip_width&quot;:{&quot;unit&quot;:&quot;px&quot;,&quot;size&quot;:&quot;&quot;,&quot;sizes&quot;:[]},&quot;element_pack_global_tooltip_width_tablet&quot;:{&quot;unit&quot;:&quot;px&quot;,&quot;size&quot;:&quot;&quot;,&quot;sizes&quot;:[]},&quot;element_pack_global_tooltip_width_mobile&quot;:{&quot;unit&quot;:&quot;px&quot;,&quot;size&quot;:&quot;&quot;,&quot;sizes&quot;:[]},&quot;element_pack_global_tooltip_padding&quot;:{&quot;unit&quot;:&quot;px&quot;,&quot;top&quot;:&quot;&quot;,&quot;right&quot;:&quot;&quot;,&quot;bottom&quot;:&quot;&quot;,&quot;left&quot;:&quot;&quot;,&quot;isLinked&quot;:true},&quot;element_pack_global_tooltip_padding_tablet&quot;:{&quot;unit&quot;:&quot;px&quot;,&quot;top&quot;:&quot;&quot;,&quot;right&quot;:&quot;&quot;,&quot;bottom&quot;:&quot;&quot;,&quot;left&quot;:&quot;&quot;,&quot;isLinked&quot;:true},&quot;element_pack_global_tooltip_padding_mobile&quot;:{&quot;unit&quot;:&quot;px&quot;,&quot;top&quot;:&quot;&quot;,&quot;right&quot;:&quot;&quot;,&quot;bottom&quot;:&quot;&quot;,&quot;left&quot;:&quot;&quot;,&quot;isLinked&quot;:true},&quot;element_pack_global_tooltip_border_radius&quot;:{&quot;unit&quot;:&quot;px&quot;,&quot;top&quot;:&quot;&quot;,&quot;right&quot;:&quot;&quot;,&quot;bottom&quot;:&quot;&quot;,&quot;left&quot;:&quot;&quot;,&quot;isLinked&quot;:true},&quot;element_pack_global_tooltip_border_radius_tablet&quot;:{&quot;unit&quot;:&quot;px&quot;,&quot;top&quot;:&quot;&quot;,&quot;right&quot;:&quot;&quot;,&quot;bottom&quot;:&quot;&quot;,&quot;left&quot;:&quot;&quot;,&quot;isLinked&quot;:true},&quot;element_pack_global_tooltip_border_radius_mobile&quot;:{&quot;unit&quot;:&quot;px&quot;,&quot;top&quot;:&quot;&quot;,&quot;right&quot;:&quot;&quot;,&quot;bottom&quot;:&quot;&quot;,&quot;left&quot;:&quot;&quot;,&quot;isLinked&quot;:true}}\" data-elementor-post-type=\"page\">\n\t\t\t\t\t\t<section class=\"elementor-section elementor-top-section elementor-element elementor-element-59cfe75 elementor-section-height-min-height elementor-section-boxed elementor-section-height-default elementor-section-items-middle\" data-id=\"59cfe75\" data-element_type=\"section\" data-e-type=\"section\" data-settings=\"{&quot;background_background&quot;:&quot;gradient&quot;,&quot;shape_divider_bottom&quot;:&quot;book&quot;}\">\n\t\t\t\t\t\t\t<div class=\"elementor-background-overlay\"><\/div>\n\t\t\t\t\t\t<div class=\"elementor-shape elementor-shape-bottom\" aria-hidden=\"true\" data-negative=\"false\">\n\t\t\t<svg xmlns=\"http:\/\/www.w3.org\/2000\/svg\" viewBox=\"0 0 1000 100\" preserveAspectRatio=\"none\">\n\t<path class=\"elementor-shape-fill\" d=\"M194,99c186.7,0.7,305-78.3,306-97.2c1,18.9,119.3,97.9,306,97.2c114.3-0.3,194,0.3,194,0.3s0-91.7,0-100c0,0,0,0,0-0 L0,0v99.3C0,99.3,79.7,98.7,194,99z\"\/>\n<\/svg>\t\t<\/div>\n\t\t\t\t\t<div class=\"elementor-container elementor-column-gap-default\">\n\t\t\t\t\t<div class=\"elementor-column elementor-col-100 elementor-top-column elementor-element elementor-element-56a3e80\" data-id=\"56a3e80\" data-element_type=\"column\" data-e-type=\"column\">\n\t\t\t<div class=\"elementor-widget-wrap elementor-element-populated\">\n\t\t\t\t\t\t<div class=\"elementor-element elementor-element-8d511dc elementor-widget elementor-widget-heading\" data-id=\"8d511dc\" data-element_type=\"widget\" data-e-type=\"widget\" data-widget_type=\"heading.default\">\n\t\t\t\t\t<h1 class=\"elementor-heading-title elementor-size-default\">Prestations de bien-\u00eatre<\/h1>\t\t\t\t<\/div>\n\t\t\t\t\t<\/div>\n\t\t<\/div>\n\t\t\t\t\t<\/div>\n\t\t<\/section>\n\t\t\t\t<main class=\"elementor-section elementor-top-section elementor-element elementor-element-486c319 elementor-section-height-min-height elementor-section-items-stretch elementor-section-boxed elementor-section-height-default\" data-id=\"486c319\" data-element_type=\"section\" data-e-type=\"section\" data-settings=\"{&quot;background_background&quot;:&quot;classic&quot;,&quot;shape_divider_bottom&quot;:&quot;book&quot;}\">\n\t\t\t\t\t\t\t<div class=\"elementor-background-overlay\"><\/div>\n\t\t\t\t\t\t<div class=\"elementor-shape elementor-shape-bottom\" aria-hidden=\"true\" data-negative=\"false\">\n\t\t\t<svg xmlns=\"http:\/\/www.w3.org\/2000\/svg\" viewBox=\"0 0 1000 100\" preserveAspectRatio=\"none\">\n\t<path class=\"elementor-shape-fill\" d=\"M194,99c186.7,0.7,305-78.3,306-97.2c1,18.9,119.3,97.9,306,97.2c114.3-0.3,194,0.3,194,0.3s0-91.7,0-100c0,0,0,0,0-0 L0,0v99.3C0,99.3,79.7,98.7,194,99z\"\/>\n<\/svg>\t\t<\/div>\n\t\t\t\t\t<div class=\"elementor-container elementor-column-gap-default\">\n\t\t\t\t\t<div class=\"elementor-column elementor-col-50 elementor-top-column elementor-element elementor-element-d696ecf\" data-id=\"d696ecf\" data-element_type=\"column\" data-e-type=\"column\">\n\t\t\t<div class=\"elementor-widget-wrap elementor-element-populated\">\n\t\t\t\t\t\t<div class=\"elementor-element elementor-element-024210b elementor-hidden-mobile elementor-widget elementor-widget-image\" data-id=\"024210b\" data-element_type=\"widget\" data-e-type=\"widget\" data-widget_type=\"image.default\">\n\t\t\t\t\t\t\t\t\t\t\t\t\t\t\t<img fetchpriority=\"high\" decoding=\"async\" width=\"600\" height=\"400\" src=\"https:\/\/www.casa-leon.de\/wp-content\/uploads\/casa_leon-grancanaria-pool-46878-600x400.jpg\" class=\"attachment-Image size 2 size-Image size 2 wp-image-4804\" alt=\"\" srcset=\"https:\/\/www.casa-leon.de\/wp-content\/uploads\/casa_leon-grancanaria-pool-46878-600x400.jpg 600w, https:\/\/www.casa-leon.de\/wp-content\/uploads\/casa_leon-grancanaria-pool-46878-300x200.jpg 300w, https:\/\/www.casa-leon.de\/wp-content\/uploads\/casa_leon-grancanaria-pool-46878-768x513.jpg 768w, https:\/\/www.casa-leon.de\/wp-content\/uploads\/casa_leon-grancanaria-pool-46878-1024x683.jpg 1024w, https:\/\/www.casa-leon.de\/wp-content\/uploads\/casa_leon-grancanaria-pool-46878-1536x1025.jpg 1536w, https:\/\/www.casa-leon.de\/wp-content\/uploads\/casa_leon-grancanaria-pool-46878.jpg 1900w\" sizes=\"(max-width: 600px) 100vw, 600px\" \/>\t\t\t\t\t\t\t\t\t\t\t\t\t\t\t<\/div>\n\t\t\t\t<div class=\"elementor-element elementor-element-b45c0e4 elementor-widget elementor-widget-heading\" data-id=\"b45c0e4\" data-element_type=\"widget\" data-e-type=\"widget\" data-widget_type=\"heading.default\">\n\t\t\t\t\t<h3 class=\"elementor-heading-title elementor-size-default\">Vivre \u00e0 la Casa Le\u00f3n Royal Retreat<\/h3>\t\t\t\t<\/div>\n\t\t\t\t<div class=\"elementor-element elementor-element-f90e9ae elementor-widget-divider--view-line elementor-widget elementor-widget-divider\" data-id=\"f90e9ae\" data-element_type=\"widget\" data-e-type=\"widget\" data-widget_type=\"divider.default\">\n\t\t\t\t\t\t\t<div class=\"elementor-divider\">\n\t\t\t<span class=\"elementor-divider-separator\">\n\t\t\t\t\t\t<\/span>\n\t\t<\/div>\n\t\t\t\t\t\t<\/div>\n\t\t\t\t<div class=\"elementor-element elementor-element-2608065 elementor-widget elementor-widget-heading\" data-id=\"2608065\" data-element_type=\"widget\" data-e-type=\"widget\" data-widget_type=\"heading.default\">\n\t\t\t\t\t<h2 class=\"elementor-heading-title elementor-size-default\">Profiter, vivre, se blottir et se d\u00e9tendre.<\/h2>\t\t\t\t<\/div>\n\t\t\t\t\t<\/div>\n\t\t<\/div>\n\t\t\t\t<div class=\"elementor-column elementor-col-50 elementor-top-column elementor-element elementor-element-de20fd5\" data-id=\"de20fd5\" data-element_type=\"column\" data-e-type=\"column\">\n\t\t\t<div class=\"elementor-widget-wrap elementor-element-populated\">\n\t\t\t\t\t\t<div class=\"elementor-element elementor-element-c632dc9 elementor-widget elementor-widget-text-editor\" data-id=\"c632dc9\" data-element_type=\"widget\" data-e-type=\"widget\" data-widget_type=\"text-editor.default\">\n\t\t\t\t\t\t\t\t\t<div class=\"flex flex-grow flex-col gap-3\"><div class=\"min-h-[20px] flex flex-col items-start gap-4 whitespace-pre-wrap\"><div class=\"markdown prose w-full break-words dark:prose-invert light\"><p>Plongez dans un monde de d\u00e9tente et de bien-\u00eatre et vivez votre journ\u00e9e de g\u00e2terie. Commencez votre journ\u00e9e par un plongeon rafra\u00eechissant dans notre piscine \u00e0 d\u00e9bordement, qui vous offrira une vue incomparable et une exp\u00e9rience inoubliable. Laissez-vous dorloter par le soleil chaud sur nos chaises longues confortables dans le jardin du SPA et profitez de l&#8217;atmosph\u00e8re agr\u00e9able qui apaise vos sens et d\u00e9tend votre corps.<\/p><p>Toutes nos prestations de bien-\u00eatre sont comprises dans le prix de la nuit\u00e9e par personne et vous garantissent un s\u00e9jour inoubliable \u00e0 la Casa Le\u00f3n Royal Retreat. Offrez-vous une pause !<\/p><\/div><\/div><\/div>\t\t\t\t\t\t\t\t<\/div>\n\t\t\t\t\t<\/div>\n\t\t<\/div>\n\t\t\t\t\t<\/div>\n\t\t<\/main>\n\t\t\t\t<section class=\"elementor-section elementor-top-section elementor-element elementor-element-408ceb3 elementor-section-boxed elementor-section-height-default elementor-section-height-default\" data-id=\"408ceb3\" data-element_type=\"section\" data-e-type=\"section\">\n\t\t\t\t\t\t<div class=\"elementor-container elementor-column-gap-default\">\n\t\t\t\t\t<div class=\"elementor-column elementor-col-100 elementor-top-column elementor-element elementor-element-faee3e6\" data-id=\"faee3e6\" data-element_type=\"column\" data-e-type=\"column\">\n\t\t\t<div class=\"elementor-widget-wrap elementor-element-populated\">\n\t\t\t\t\t\t<div class=\"elementor-element elementor-element-bf2cc57 elementor-widget elementor-widget-heading\" data-id=\"bf2cc57\" data-element_type=\"widget\" data-e-type=\"widget\" data-widget_type=\"heading.default\">\n\t\t\t\t\t<h2 class=\"elementor-heading-title elementor-size-default\">Nos prestations de bien-\u00eatre pour vous :<\/h2>\t\t\t\t<\/div>\n\t\t\t\t<section class=\"elementor-section elementor-inner-section elementor-element elementor-element-ccc749c elementor-section-boxed elementor-section-height-default elementor-section-height-default\" data-id=\"ccc749c\" data-element_type=\"section\" data-e-type=\"section\">\n\t\t\t\t\t\t<div class=\"elementor-container elementor-column-gap-default\">\n\t\t\t\t\t<div class=\"elementor-column elementor-col-50 elementor-inner-column elementor-element elementor-element-230aaaf\" data-id=\"230aaaf\" data-element_type=\"column\" data-e-type=\"column\">\n\t\t\t<div class=\"elementor-widget-wrap elementor-element-populated\">\n\t\t\t\t\t\t<div class=\"elementor-element elementor-element-b390195 elementor-widget elementor-widget-text-editor\" data-id=\"b390195\" data-element_type=\"widget\" data-e-type=\"widget\" data-widget_type=\"text-editor.default\">\n\t\t\t\t\t\t\t\t\t<ul><li>Peignoirs de bain douillets<\/li><li>Chaussures de bain confortables<\/li><li>Piscine ext\u00e9rieure \u00e0 27\u00b0C<\/li><li>Bassin \u00e0 bulles \u00e0 38\u00b0C<\/li><li>Sauna (payant)<\/li><\/ul>\t\t\t\t\t\t\t\t<\/div>\n\t\t\t\t\t<\/div>\n\t\t<\/div>\n\t\t\t\t<div class=\"elementor-column elementor-col-50 elementor-inner-column elementor-element elementor-element-0904017\" data-id=\"0904017\" data-element_type=\"column\" data-e-type=\"column\">\n\t\t\t<div class=\"elementor-widget-wrap elementor-element-populated\">\n\t\t\t\t\t\t<div class=\"elementor-element elementor-element-063a87c elementor-widget elementor-widget-text-editor\" data-id=\"063a87c\" data-element_type=\"widget\" data-e-type=\"widget\" data-widget_type=\"text-editor.default\">\n\t\t\t\t\t\t\t\t\t<ul><li>Terrasse ensoleill\u00e9e avec chaises longues confortables &amp; bar de la piscine<\/li><li>Jardins avec des \u00eelots de repos idylliques<\/li><li>Service quotidien de navettes vers Maspalomas<\/li><li>Utilisation de la piscine et du jardin m\u00eame apr\u00e8s le check-out<\/li><li>Garage de l&#8217;h\u00f4tel pour toutes les voitures des clients<\/li><li>Soir\u00e9es cin\u00e9ma<\/li><\/ul>\t\t\t\t\t\t\t\t<\/div>\n\t\t\t\t\t<\/div>\n\t\t<\/div>\n\t\t\t\t\t<\/div>\n\t\t<\/section>\n\t\t\t\t\t<\/div>\n\t\t<\/div>\n\t\t\t\t\t<\/div>\n\t\t<\/section>\n\t\t\t\t<section class=\"elementor-section elementor-top-section elementor-element elementor-element-55b918c elementor-section-full_width elementor-section-height-default elementor-section-height-default\" data-id=\"55b918c\" data-element_type=\"section\" data-e-type=\"section\">\n\t\t\t\t\t\t<div class=\"elementor-container elementor-column-gap-default\">\n\t\t\t\t\t<div class=\"elementor-column elementor-col-100 elementor-top-column elementor-element elementor-element-bc739c2\" data-id=\"bc739c2\" data-element_type=\"column\" data-e-type=\"column\">\n\t\t\t<div class=\"elementor-widget-wrap elementor-element-populated\">\n\t\t\t\t\t\t<div class=\"elementor-element elementor-element-8643976 elementor-widget elementor-widget-heading\" data-id=\"8643976\" data-element_type=\"widget\" data-e-type=\"widget\" data-widget_type=\"heading.default\">\n\t\t\t\t\t<h2 class=\"elementor-heading-title elementor-size-default\">Prestations de bien-\u00eatre <\/h2>\t\t\t\t<\/div>\n\t\t\t\t<div class=\"elementor-element elementor-element-b63372f elementor-arrows-position-outside elementor-pagination-position-outside elementor-widget elementor-widget-image-carousel\" data-id=\"b63372f\" data-element_type=\"widget\" data-e-type=\"widget\" data-settings=\"{&quot;slides_to_show&quot;:&quot;5&quot;,&quot;navigation&quot;:&quot;both&quot;,&quot;autoplay&quot;:&quot;yes&quot;,&quot;pause_on_hover&quot;:&quot;yes&quot;,&quot;pause_on_interaction&quot;:&quot;yes&quot;,&quot;autoplay_speed&quot;:5000,&quot;infinite&quot;:&quot;yes&quot;,&quot;speed&quot;:500,&quot;image_spacing_custom&quot;:{&quot;unit&quot;:&quot;px&quot;,&quot;size&quot;:20,&quot;sizes&quot;:[]},&quot;image_spacing_custom_tablet&quot;:{&quot;unit&quot;:&quot;px&quot;,&quot;size&quot;:&quot;&quot;,&quot;sizes&quot;:[]},&quot;image_spacing_custom_mobile&quot;:{&quot;unit&quot;:&quot;px&quot;,&quot;size&quot;:&quot;&quot;,&quot;sizes&quot;:[]}}\" data-widget_type=\"image-carousel.default\">\n\t\t\t\t\t\t\t<div class=\"elementor-image-carousel-wrapper swiper\" role=\"region\" aria-roledescription=\"carousel\" aria-label=\"Bild Karussell\" dir=\"ltr\">\n\t\t\t<div class=\"elementor-image-carousel swiper-wrapper\" aria-live=\"off\">\n\t\t\t\t\t\t\t\t<div class=\"swiper-slide\" role=\"group\" aria-roledescription=\"slide\" aria-label=\"1 sur 9\"><a data-elementor-open-lightbox=\"yes\" data-elementor-lightbox-slideshow=\"b63372f\" data-elementor-lightbox-title=\"Barbara\" data-e-action-hash=\"#elementor-action%3Aaction%3Dlightbox%26settings%3DeyJpZCI6MTEwNDAsInVybCI6Imh0dHBzOlwvXC93d3cuY2FzYS1sZW9uLmRlXC93cC1jb250ZW50XC91cGxvYWRzXC85LkNhc2EtTGVvbi1Sb3lhbC1SZXRyZWF0LVN0cmV0Y2hpbmctUG9vbC5qcGciLCJzbGlkZXNob3ciOiJiNjMzNzJmIn0%3D\" href=\"https:\/\/www.casa-leon.de\/wp-content\/uploads\/9.Casa-Leon-Royal-Retreat-Stretching-Pool.jpg\"><figure class=\"swiper-slide-inner\"><img decoding=\"async\" class=\"swiper-slide-image\" src=\"https:\/\/www.casa-leon.de\/wp-content\/uploads\/9.Casa-Leon-Royal-Retreat-Stretching-Pool-400x300.jpg\" alt=\"Barbara\" \/><\/figure><\/a><\/div><div class=\"swiper-slide\" role=\"group\" aria-roledescription=\"slide\" aria-label=\"2 sur 9\"><a data-elementor-open-lightbox=\"yes\" data-elementor-lightbox-slideshow=\"b63372f\" data-elementor-lightbox-title=\"2_Casa Leon Royal Retreat Gardens\" data-e-action-hash=\"#elementor-action%3Aaction%3Dlightbox%26settings%3DeyJpZCI6MTEwMTIsInVybCI6Imh0dHBzOlwvXC93d3cuY2FzYS1sZW9uLmRlXC93cC1jb250ZW50XC91cGxvYWRzXC8yX0Nhc2EtTGVvbi1Sb3lhbC1SZXRyZWF0LUdhcmRlbnMuanBnIiwic2xpZGVzaG93IjoiYjYzMzcyZiJ9\" href=\"https:\/\/www.casa-leon.de\/wp-content\/uploads\/2_Casa-Leon-Royal-Retreat-Gardens.jpg\"><figure class=\"swiper-slide-inner\"><img decoding=\"async\" class=\"swiper-slide-image\" src=\"https:\/\/www.casa-leon.de\/wp-content\/uploads\/2_Casa-Leon-Royal-Retreat-Gardens-400x300.jpg\" alt=\"2_Casa Leon Royal Retreat Gardens\" \/><\/figure><\/a><\/div><div class=\"swiper-slide\" role=\"group\" aria-roledescription=\"slide\" aria-label=\"3 sur 9\"><a data-elementor-open-lightbox=\"yes\" data-elementor-lightbox-slideshow=\"b63372f\" data-elementor-lightbox-title=\"3_Casa Leon Royal Retreat L&#039;Occitane Amenities\" data-e-action-hash=\"#elementor-action%3Aaction%3Dlightbox%26settings%3DeyJpZCI6MTEwMTYsInVybCI6Imh0dHBzOlwvXC93d3cuY2FzYS1sZW9uLmRlXC93cC1jb250ZW50XC91cGxvYWRzXC8zX0Nhc2EtTGVvbi1Sb3lhbC1SZXRyZWF0LUxPY2NpdGFuZS1BbWVuaXRpZXMuanBnIiwic2xpZGVzaG93IjoiYjYzMzcyZiJ9\" href=\"https:\/\/www.casa-leon.de\/wp-content\/uploads\/3_Casa-Leon-Royal-Retreat-LOccitane-Amenities.jpg\"><figure class=\"swiper-slide-inner\"><img decoding=\"async\" class=\"swiper-slide-image\" src=\"https:\/\/www.casa-leon.de\/wp-content\/uploads\/3_Casa-Leon-Royal-Retreat-LOccitane-Amenities-400x300.jpg\" alt=\"3_Casa Leon Royal Retreat L&#039;Occitane Amenities\" \/><\/figure><\/a><\/div><div class=\"swiper-slide\" role=\"group\" aria-roledescription=\"slide\" aria-label=\"4 sur 9\"><a data-elementor-open-lightbox=\"yes\" data-elementor-lightbox-slideshow=\"b63372f\" data-elementor-lightbox-title=\"Barbara\" data-e-action-hash=\"#elementor-action%3Aaction%3Dlightbox%26settings%3DeyJpZCI6MTEwMjAsInVybCI6Imh0dHBzOlwvXC93d3cuY2FzYS1sZW9uLmRlXC93cC1jb250ZW50XC91cGxvYWRzXC80X0Nhc2EtTGVvbi1Sb3lhbC1SZXRyZWF0LVdlbGxuZXNzLmpwZyIsInNsaWRlc2hvdyI6ImI2MzM3MmYifQ%3D%3D\" href=\"https:\/\/www.casa-leon.de\/wp-content\/uploads\/4_Casa-Leon-Royal-Retreat-Wellness.jpg\"><figure class=\"swiper-slide-inner\"><img decoding=\"async\" class=\"swiper-slide-image\" src=\"https:\/\/www.casa-leon.de\/wp-content\/uploads\/4_Casa-Leon-Royal-Retreat-Wellness-400x300.jpg\" alt=\"Barbara\" \/><\/figure><\/a><\/div><div class=\"swiper-slide\" role=\"group\" aria-roledescription=\"slide\" aria-label=\"5 sur 9\"><a data-elementor-open-lightbox=\"yes\" data-elementor-lightbox-slideshow=\"b63372f\" data-elementor-lightbox-title=\"5_Casa Leon Royal Retreat Massage\" data-e-action-hash=\"#elementor-action%3Aaction%3Dlightbox%26settings%3DeyJpZCI6MTEwMjQsInVybCI6Imh0dHBzOlwvXC93d3cuY2FzYS1sZW9uLmRlXC93cC1jb250ZW50XC91cGxvYWRzXC81X0Nhc2EtTGVvbi1Sb3lhbC1SZXRyZWF0LU1hc3NhZ2UuanBnIiwic2xpZGVzaG93IjoiYjYzMzcyZiJ9\" href=\"https:\/\/www.casa-leon.de\/wp-content\/uploads\/5_Casa-Leon-Royal-Retreat-Massage.jpg\"><figure class=\"swiper-slide-inner\"><img decoding=\"async\" class=\"swiper-slide-image\" src=\"https:\/\/www.casa-leon.de\/wp-content\/uploads\/5_Casa-Leon-Royal-Retreat-Massage-400x300.jpg\" alt=\"5_Casa Leon Royal Retreat Massage\" \/><\/figure><\/a><\/div><div class=\"swiper-slide\" role=\"group\" aria-roledescription=\"slide\" aria-label=\"6 sur 9\"><a data-elementor-open-lightbox=\"yes\" data-elementor-lightbox-slideshow=\"b63372f\" data-elementor-lightbox-title=\"6_Casa Leon Royal Retreat Pool\" data-e-action-hash=\"#elementor-action%3Aaction%3Dlightbox%26settings%3DeyJpZCI6MTEwMjgsInVybCI6Imh0dHBzOlwvXC93d3cuY2FzYS1sZW9uLmRlXC93cC1jb250ZW50XC91cGxvYWRzXC82X0Nhc2EtTGVvbi1Sb3lhbC1SZXRyZWF0LVBvb2wuanBnIiwic2xpZGVzaG93IjoiYjYzMzcyZiJ9\" href=\"https:\/\/www.casa-leon.de\/wp-content\/uploads\/6_Casa-Leon-Royal-Retreat-Pool.jpg\"><figure class=\"swiper-slide-inner\"><img decoding=\"async\" class=\"swiper-slide-image\" src=\"https:\/\/www.casa-leon.de\/wp-content\/uploads\/6_Casa-Leon-Royal-Retreat-Pool-400x300.jpg\" alt=\"6_Casa Leon Royal Retreat Pool\" \/><\/figure><\/a><\/div><div class=\"swiper-slide\" role=\"group\" aria-roledescription=\"slide\" aria-label=\"7 sur 9\"><a data-elementor-open-lightbox=\"yes\" data-elementor-lightbox-slideshow=\"b63372f\" data-elementor-lightbox-title=\"7_Casa Leon Royal Retreat Chess\" data-e-action-hash=\"#elementor-action%3Aaction%3Dlightbox%26settings%3DeyJpZCI6MTEwMzIsInVybCI6Imh0dHBzOlwvXC93d3cuY2FzYS1sZW9uLmRlXC93cC1jb250ZW50XC91cGxvYWRzXC83X0Nhc2EtTGVvbi1Sb3lhbC1SZXRyZWF0LUNoZXNzLmpwZyIsInNsaWRlc2hvdyI6ImI2MzM3MmYifQ%3D%3D\" href=\"https:\/\/www.casa-leon.de\/wp-content\/uploads\/7_Casa-Leon-Royal-Retreat-Chess.jpg\"><figure class=\"swiper-slide-inner\"><img decoding=\"async\" class=\"swiper-slide-image\" src=\"https:\/\/www.casa-leon.de\/wp-content\/uploads\/7_Casa-Leon-Royal-Retreat-Chess-400x300.jpg\" alt=\"7_Casa Leon Royal Retreat Chess\" \/><\/figure><\/a><\/div><div class=\"swiper-slide\" role=\"group\" aria-roledescription=\"slide\" aria-label=\"8 sur 9\"><a data-elementor-open-lightbox=\"yes\" data-elementor-lightbox-slideshow=\"b63372f\" data-elementor-lightbox-title=\"8_Casa Leon Royal Retreat Pool\" data-e-action-hash=\"#elementor-action%3Aaction%3Dlightbox%26settings%3DeyJpZCI6MTEwMzYsInVybCI6Imh0dHBzOlwvXC93d3cuY2FzYS1sZW9uLmRlXC93cC1jb250ZW50XC91cGxvYWRzXC84X0Nhc2EtTGVvbi1Sb3lhbC1SZXRyZWF0LVBvb2wuanBnIiwic2xpZGVzaG93IjoiYjYzMzcyZiJ9\" href=\"https:\/\/www.casa-leon.de\/wp-content\/uploads\/8_Casa-Leon-Royal-Retreat-Pool.jpg\"><figure class=\"swiper-slide-inner\"><img decoding=\"async\" class=\"swiper-slide-image\" src=\"https:\/\/www.casa-leon.de\/wp-content\/uploads\/8_Casa-Leon-Royal-Retreat-Pool-400x300.jpg\" alt=\"8_Casa Leon Royal Retreat Pool\" \/><\/figure><\/a><\/div><div class=\"swiper-slide\" role=\"group\" aria-roledescription=\"slide\" aria-label=\"9 sur 9\"><a data-elementor-open-lightbox=\"yes\" data-elementor-lightbox-slideshow=\"b63372f\" data-elementor-lightbox-title=\"Barbara\" data-e-action-hash=\"#elementor-action%3Aaction%3Dlightbox%26settings%3DeyJpZCI6MTEwNDAsInVybCI6Imh0dHBzOlwvXC93d3cuY2FzYS1sZW9uLmRlXC93cC1jb250ZW50XC91cGxvYWRzXC85LkNhc2EtTGVvbi1Sb3lhbC1SZXRyZWF0LVN0cmV0Y2hpbmctUG9vbC5qcGciLCJzbGlkZXNob3ciOiJiNjMzNzJmIn0%3D\" href=\"https:\/\/www.casa-leon.de\/wp-content\/uploads\/9.Casa-Leon-Royal-Retreat-Stretching-Pool.jpg\"><figure class=\"swiper-slide-inner\"><img decoding=\"async\" class=\"swiper-slide-image\" src=\"https:\/\/www.casa-leon.de\/wp-content\/uploads\/9.Casa-Leon-Royal-Retreat-Stretching-Pool-400x300.jpg\" alt=\"Barbara\" \/><\/figure><\/a><\/div>\t\t\t<\/div>\n\t\t\t\t\t\t\t\t\t\t\t\t<div class=\"elementor-swiper-button elementor-swiper-button-prev\" role=\"button\" tabindex=\"0\">\n\t\t\t\t\t\t<i aria-hidden=\"true\" class=\"eicon-chevron-left\"><\/i>\t\t\t\t\t<\/div>\n\t\t\t\t\t<div class=\"elementor-swiper-button elementor-swiper-button-next\" role=\"button\" tabindex=\"0\">\n\t\t\t\t\t\t<i aria-hidden=\"true\" class=\"eicon-chevron-right\"><\/i>\t\t\t\t\t<\/div>\n\t\t\t\t\n\t\t\t\t\t\t\t\t\t<div class=\"swiper-pagination\"><\/div>\n\t\t\t\t\t\t\t\t\t<\/div>\n\t\t\t\t\t\t<\/div>\n\t\t\t\t\t<\/div>\n\t\t<\/div>\n\t\t\t\t\t<\/div>\n\t\t<\/section>\n\t\t\t\t<\/div>\n\t\t","protected":false},"excerpt":{"rendered":"<p>Prestations de bien-\u00eatre Vivre \u00e0 la Casa Le\u00f3n Royal Retreat Profiter, vivre, se blottir et se d\u00e9tendre. Plongez dans un monde de d\u00e9tente et de bien-\u00eatre et vivez votre journ\u00e9e de g\u00e2terie. Commencez votre journ\u00e9e par un plongeon rafra\u00eechissant dans notre piscine \u00e0 d\u00e9bordement, qui vous offrira une vue incomparable et une exp\u00e9rience inoubliable. Laissez-vous [&hellip;]<\/p>\n","protected":false},"author":1,"featured_media":0,"parent":0,"menu_order":0,"comment_status":"closed","ping_status":"closed","template":"","meta":{"_acf_changed":false,"footnotes":""},"class_list":["post-4987","page","type-page","status-publish","hentry"],"acf":[],"_links":{"self":[{"href":"https:\/\/www.casa-leon.de\/fr\/wp-json\/wp\/v2\/pages\/4987","targetHints":{"allow":["GET"]}}],"collection":[{"href":"https:\/\/www.casa-leon.de\/fr\/wp-json\/wp\/v2\/pages"}],"about":[{"href":"https:\/\/www.casa-leon.de\/fr\/wp-json\/wp\/v2\/types\/page"}],"author":[{"embeddable":true,"href":"https:\/\/www.casa-leon.de\/fr\/wp-json\/wp\/v2\/users\/1"}],"replies":[{"embeddable":true,"href":"https:\/\/www.casa-leon.de\/fr\/wp-json\/wp\/v2\/comments?post=4987"}],"version-history":[{"count":10,"href":"https:\/\/www.casa-leon.de\/fr\/wp-json\/wp\/v2\/pages\/4987\/revisions"}],"predecessor-version":[{"id":12851,"href":"https:\/\/www.casa-leon.de\/fr\/wp-json\/wp\/v2\/pages\/4987\/revisions\/12851"}],"wp:attachment":[{"href":"https:\/\/www.casa-leon.de\/fr\/wp-json\/wp\/v2\/media?parent=4987"}],"curies":[{"name":"wp","href":"https:\/\/api.w.org\/{rel}","templated":true}]}}